{"id":1114,"date":"2025-09-17T09:54:48","date_gmt":"2025-09-17T07:54:48","guid":{"rendered":"https:\/\/boreait.com\/hu\/?post_type=product&#038;p=1114"},"modified":"2026-01-09T10:18:00","modified_gmt":"2026-01-09T09:18:00","slug":"1109-02245-lenovo-chromebook-miix320-dokkolo","status":"publish","type":"product","link":"https:\/\/boreait.com\/hu\/termek\/1109-02245-lenovo-chromebook-miix320-dokkolo\/","title":{"rendered":"1109-02245 LENOVO CHROMEBOOK MIIX320 DOKKOL\u00d3"},"content":{"rendered":"<p>A 1109-02245 egy m\u00e1rk\u00e1s dokkol\u00f3\u00e1llom\u00e1s, amely z\u00f6kken\u0151mentes megold\u00e1st k\u00edn\u00e1l Lenovo Chromebook Miix320 funkcionalit\u00e1s\u00e1nak \u00e9s csatlakoztathat\u00f3s\u00e1g\u00e1nak jav\u00edt\u00e1s\u00e1ra. Ezt a dokkol\u00f3\u00e1llom\u00e1st \u00fagy tervezt\u00e9k, hogy k\u00f6nny\u0171 hozz\u00e1f\u00e9r\u00e9st biztos\u00edtson a k\u00fcl\u00f6nf\u00e9le portokhoz \u00e9s b\u0151v\u00edt\u00e9si lehet\u0151s\u00e9gekhez, \u00edgy kiv\u00e1l\u00f3an kieg\u00e9sz\u00edti a munkater\u00fcletet vagy az otthoni berendez\u00e9st.<\/p>\n<p>A 1109-02245 dokkol\u00f3\u00e1llom\u00e1ssal k\u00e9nyelmesen csatlakoztathatja Lenovo Chromebook Miix320 k\u00e9sz\u00fcl\u00e9k\u00e9t k\u00fcls\u0151 eszk\u00f6z\u00f6kh\u00f6z, p\u00e9ld\u00e1ul monitorokhoz, billenty\u0171zetekhez, egerekhez, nyomtat\u00f3khoz \u00e9s egy\u00e9b perif\u00e9ri\u00e1khoz. Sz\u00e1mos porttal van felszerelve, bele\u00e9rtve az USB-, HDMI-, Ethernet- \u00e9s audiocsatlakoz\u00f3kat, amelyek lehet\u0151v\u00e9 teszik a laptop k\u00e9pess\u00e9geinek egyszer\u0171 kiterjeszt\u00e9s\u00e9t \u00e9s teljes \u00e9rt\u00e9k\u0171 munka\u00e1llom\u00e1ss\u00e1 alak\u00edt\u00e1s\u00e1t.<\/p>\n<p>A dokkol\u00f3egys\u00e9g kompakt \u00e9s karcs\u00fa kialak\u00edt\u00e1sa biztos\u00edtja, hogy nem foglal sok helyet az asztalon, ugyanakkor biztos\u00edtja a sz\u00fcks\u00e9ges csatlakoz\u00e1si lehet\u0151s\u00e9geket. A 1109-02245 robusztus fel\u00e9p\u00edt\u00e9se \u00e9s megb\u00edzhat\u00f3 teljes\u00edtm\u00e9nye biztos\u00edtja, hogy laptopja \u00e9s a csatlakoztatott perif\u00e9ri\u00e1k z\u00f6kken\u0151mentesen m\u0171k\u00f6djenek egy\u00fctt.<\/p>\n<p>A dokkol\u00f3\u00e1llom\u00e1s be\u00e1ll\u00edt\u00e1sa gyerekj\u00e1t\u00e9k \u2013 egyszer\u0171en csatlakoztassa Lenovo Chromebook Miix320 k\u00e9sz\u00fcl\u00e9k\u00e9t a dokkol\u00f3\u00e1llom\u00e1shoz, \u00e9s m\u00e1ris k\u00e9szen \u00e1ll. A biztons\u00e1gos kapcsolat stabil adat\u00e1tviteli \u00e9s t\u00f6lt\u00e9si lehet\u0151s\u00e9geket biztos\u00edt, \u00edgy megszak\u00edt\u00e1s n\u00e9lk\u00fcl dolgozhat.<\/p>\n<p>Ak\u00e1r professzion\u00e1lis, akinek t\u00f6bb eszk\u00f6zt kell csatlakoztatnia a termel\u00e9kenys\u00e9g \u00e9rdek\u00e9ben, vagy egy h\u00e9tk\u00f6znapi felhaszn\u00e1l\u00f3, aki egyszer\u0171s\u00edteni szeretn\u00e9 a be\u00e1ll\u00edt\u00e1st, a 1109-02245 dokkol\u00f3\u00e1llom\u00e1s \u00e9rt\u00e9kes kieg\u00e9sz\u00edt\u0151je Lenovo Chromebook Miix320 k\u00e9sz\u00fcl\u00e9k\u00e9nek. Tapasztalja meg az egyszer\u0171 csatlakoztathat\u00f3s\u00e1g, a hat\u00e9kony t\u00f6bbfeladatos munkav\u00e9gz\u00e9s \u00e9s a jobb felhaszn\u00e1l\u00f3i \u00e9lm\u00e9ny ny\u00fajtotta k\u00e9nyelmet.<\/p>\n<p>A 1109-02245 dokkol\u00f3\u00e1llom\u00e1ssal kompatibilis, \u00e9s maximaliz\u00e1lja Lenovo Chromebook Miix320 lehet\u0151s\u00e9geit. B\u0151v\u00edtse munkater\u00fclet\u00e9t, n\u00f6velje a termel\u00e9kenys\u00e9get, \u00e9s \u00e9lvezze a z\u0171rzavarmentes be\u00e1ll\u00edt\u00e1st ezzel a kiv\u00e1l\u00f3 min\u0151s\u00e9g\u0171 dokkol\u00f3\u00e1llom\u00e1ssal. Rendeljen most, hogy \u00e9lvezze a gyors Eur\u00f3p\u00e1ba sz\u00e1ll\u00edt\u00e1s el\u0151nyeit, \u00e9s n\u00f6velje laptopja \u00e9lm\u00e9ny\u00e9t ezzel a megb\u00edzhat\u00f3 dokkol\u00f3megold\u00e1ssal.<\/p>\n","protected":false},"excerpt":{"rendered":"<p>A 1109-02245 egy kifejezetten a Lenovo Chromebook Miix320-hoz tervezett dokkol\u00f3\u00e1llom\u00e1s. K\u00e9nyelmes csatlakoz\u00e1si \u00e9s b\u0151v\u00edt\u00e9si lehet\u0151s\u00e9geket biztos\u00edt a fokozott termel\u00e9kenys\u00e9g \u00e9rdek\u00e9ben.<\/p>\n","protected":false},"featured_media":1154,"template":"","meta":[],"product_brand":[],"product_cat":[27],"product_tag":[26],"class_list":{"0":"post-1114","1":"product","2":"type-product","3":"status-publish","4":"has-post-thumbnail","6":"product_cat-motherboards-board-parts","7":"product_tag-lenovo","9":"first","10":"instock","11":"taxable","12":"shipping-taxable","13":"purchasable","14":"product-type-simple"},"_links":{"self":[{"href":"https:\/\/boreait.com\/hu\/wp-json\/wp\/v2\/product\/1114","targetHints":{"allow":["GET"]}}],"collection":[{"href":"https:\/\/boreait.com\/hu\/wp-json\/wp\/v2\/product"}],"about":[{"href":"https:\/\/boreait.com\/hu\/wp-json\/wp\/v2\/types\/product"}],"wp:featuredmedia":[{"embeddable":true,"href":"https:\/\/boreait.com\/hu\/wp-json\/wp\/v2\/media\/1154"}],"wp:attachment":[{"href":"https:\/\/boreait.com\/hu\/wp-json\/wp\/v2\/media?parent=1114"}],"wp:term":[{"taxonomy":"product_brand","embeddable":true,"href":"https:\/\/boreait.com\/hu\/wp-json\/wp\/v2\/product_brand?post=1114"},{"taxonomy":"product_cat","embeddable":true,"href":"https:\/\/boreait.com\/hu\/wp-json\/wp\/v2\/product_cat?post=1114"},{"taxonomy":"product_tag","embeddable":true,"href":"https:\/\/boreait.com\/hu\/wp-json\/wp\/v2\/product_tag?post=1114"}],"curies":[{"name":"wp","href":"https:\/\/api.w.org\/{rel}","templated":true}]}}