{"id":11132,"date":"2025-09-17T13:11:33","date_gmt":"2025-09-17T11:11:33","guid":{"rendered":"https:\/\/boreait.com\/hu\/?post_type=product&#038;p=11132"},"modified":"2026-02-08T12:46:57","modified_gmt":"2026-02-08T11:46:57","slug":"dell-latitude-e6410-also-fedel-0027n9-eredeti-laptop-cserealkatresz","status":"publish","type":"product","link":"https:\/\/boreait.com\/hu\/termek\/dell-latitude-e6410-also-fedel-0027n9-eredeti-laptop-cserealkatresz\/","title":{"rendered":"Dell Latitude E6410 als\u00f3 fed\u00e9l 0027N9 \u2013 Eredeti laptop cserealkatr\u00e9sz"},"content":{"rendered":"<p data-start=\"554\" data-end=\"818\"> \u00c1ll\u00edtsa vissza <strong data-start=\"567\" data-end=\"590\">Dell Latitude E6410<\/strong> k\u00e9sz\u00fcl\u00e9k\u00e9t ezzel az <strong data-start=\"601\" data-end=\"634\">eredeti als\u00f3 bor\u00edt\u00f3val (0027N9)<\/strong>. Ha a laptop als\u00f3 panele hi\u00e1nyzik vagy s\u00e9r\u00fclt, ez az <strong data-start=\"694\" data-end=\"716\">eredeti Dell-alkatr\u00e9sz<\/strong> t\u00f6k\u00e9letes cser\u00e9t biztos\u00edt, biztos\u00edtva a <strong data-start=\"762\" data-end=\"815\">biztons\u00e1gos illeszked\u00e9st \u00e9s a bels\u0151 alkatr\u00e9szek v\u00e9delm\u00e9t<\/strong>.<\/p>\n<p data-start=\"820\" data-end=\"1218\">\ud83d\udd39 <strong data-start=\"823\" data-end=\"840\">F\u0151bb jellemz\u0151k:<\/strong><br data-start=\"840\" data-end=\"843\" \/>\u2714 <strong data-start=\"845\" data-end=\"866\">Cser\u00e9lhet\u0151 alkatr\u00e9sz<\/strong>Reuine \u2013 866&#8243;>G adatok adatok data-start=&#8221;1137&#8243; data-end=&#8221;1140&#8243; \/>\u2714 <strong data-start=\"1142\" data-end=\"1157\">T\u00f6k\u00e9letes illeszked\u00e9s<\/strong> \u2013 Stabilit\u00e1st \u00e9s megfelel\u0151 szell\u0151z\u00e9st biztos\u00edt laptopja sz\u00e1m\u00e1ra<\/p>\n<p data-start=\"1220\" data-end=\"1243\">\ud83d\udca1 <strong data-start=\"1223\" data-end=\"1241\">Kompatibilit\u00e1s:<\/strong><\/p>\n<ul data-start=\"1244\" data-end=\"1320\">\n<li data-start=\"1244\" data-end=\"1320\">A <strong data-start=\"1251\" data-end=\"1274\">Dell Latitude E6410<\/strong>hez illeszkedik (V\u00e1s\u00e1rl\u00e1s el\u0151tt ellen\u0151rizze laptopja modellj\u00e9t)<\/li>\n<\/ul>\n<p data-start=\"1322\" data-end=\"1423\">\ud83d\udcf8 <strong data-start=\"1325\" data-end=\"1341\">Val\u00f3di fot\u00f3k:<\/strong> Az adatlapon szerepl\u0151 k\u00e9pek pontosan azt a t\u00e9telt mutatj\u00e1k, amelyet \u00d6n kap \u2013 nincs meglepet\u00e9s!<\/p>\n<p data-start=\"1425\" data-end=\"1579\">\u2753 <strong data-start=\"1427\" data-end=\"1441\">Seg\u00edts\u00e9gre van sz\u00fcks\u00e9ge?<\/strong> B\u00e1r telep\u00edt\u00e9si utas\u00edt\u00e1sokat nem adunk, nyugodtan <strong data-start=\"1505\" data-end=\"1519\">\u00fczenjen nek\u00fcnk<\/strong> a v\u00e1s\u00e1rl\u00e1s el\u0151tt vagy ut\u00e1n.<\/strong><\/p>\n<p data-start=\"1581\" data-end=\"1689\">\ud83d\udce6 <strong data-start=\"1584\" data-end=\"1612\">Gyors kisz\u00e1ll\u00edt\u00e1s a vil\u00e1g minden pontj\u00e1ra!<\/strong> Hozd vissza laptopod cs\u00facsform\u00e1j\u00e1t ezzel az <strong data-start=\"1657\" data-end=\"1686\"><\/strong> eredeti Dell bor\u00edt\u00f3val.<\/p>\n","protected":false},"excerpt":{"rendered":"<p>Eredeti <strong data-start=\"311\" data-end=\"356\">Dell Latitude E6410 als\u00f3 bor\u00edt\u00f3 (0027N9)<\/strong>. T\u00f6k\u00e9letesen illeszkedik laptopj\u00e1hoz, a s\u00e9r\u00fclt vagy hi\u00e1nyz\u00f3 bor\u00edt\u00f3k p\u00f3tl\u00e1s\u00e1ra. <strong data-start=\"424\" data-end=\"471\">Val\u00f3di fot\u00f3k \u2013 amit l\u00e1tsz, azt kapod!<\/strong><\/p>\n","protected":false},"featured_media":11191,"template":"","meta":[],"product_brand":[],"product_cat":[16],"product_tag":[17],"class_list":{"0":"post-11132","1":"product","2":"type-product","3":"status-publish","4":"has-post-thumbnail","6":"product_cat-laptop-housing","7":"product_tag-dell","9":"first","10":"instock","11":"taxable","12":"shipping-taxable","13":"purchasable","14":"product-type-simple"},"_links":{"self":[{"href":"https:\/\/boreait.com\/hu\/wp-json\/wp\/v2\/product\/11132","targetHints":{"allow":["GET"]}}],"collection":[{"href":"https:\/\/boreait.com\/hu\/wp-json\/wp\/v2\/product"}],"about":[{"href":"https:\/\/boreait.com\/hu\/wp-json\/wp\/v2\/types\/product"}],"wp:featuredmedia":[{"embeddable":true,"href":"https:\/\/boreait.com\/hu\/wp-json\/wp\/v2\/media\/11191"}],"wp:attachment":[{"href":"https:\/\/boreait.com\/hu\/wp-json\/wp\/v2\/media?parent=11132"}],"wp:term":[{"taxonomy":"product_brand","embeddable":true,"href":"https:\/\/boreait.com\/hu\/wp-json\/wp\/v2\/product_brand?post=11132"},{"taxonomy":"product_cat","embeddable":true,"href":"https:\/\/boreait.com\/hu\/wp-json\/wp\/v2\/product_cat?post=11132"},{"taxonomy":"product_tag","embeddable":true,"href":"https:\/\/boreait.com\/hu\/wp-json\/wp\/v2\/product_tag?post=11132"}],"curies":[{"name":"wp","href":"https:\/\/api.w.org\/{rel}","templated":true}]}}