{"id":11129,"date":"2025-09-17T13:11:33","date_gmt":"2025-09-17T11:11:33","guid":{"rendered":"https:\/\/boreait.com\/hu\/?post_type=product&#038;p=11129"},"modified":"2025-09-17T13:13:23","modified_gmt":"2025-09-17T11:13:23","slug":"dell-latitude-e6410-billentyuzet-0wp242-b120-ger-nemet-qwertz-layout-oem","status":"publish","type":"product","link":"https:\/\/boreait.com\/hu\/termek\/dell-latitude-e6410-billentyuzet-0wp242-b120-ger-nemet-qwertz-layout-oem\/","title":{"rendered":"Dell Latitude E6410 billenty\u0171zet 0WP242 B120 GER \u2013 n\u00e9met QWERTZ Layout OEM"},"content":{"rendered":"<p data-start=\"581\" data-end=\"819\">Friss\u00edtse vagy cser\u00e9lje ki <strong data-start=\"605\" data-end=\"658\">Dell Latitude E6410 billenty\u0171zet\u00e9t (0WP242, B120 modell)<\/strong> erre a <strong data-start=\"669\" data-end=\"706\">OEM. A kifejezetten a <strong data-start=\"738\" data-end=\"756\">Latitude E6410<\/strong>hez tervezett billenty\u0171zet teljes kompatibilit\u00e1st \u00e9s t\u00f6k\u00e9letes illeszked\u00e9st biztos\u00edt.<\/p>\n<p data-start=\"821\" data-end=\"1196\">\ud83d\udd39 <strong data-start=\"824\" data-end=\"841\">F\u0151bb jellemz\u0151k:<\/strong><br data-start=\"841\" data-end=\"844\" \/>\u2714 <strong data-start=\"846\" data-end=\"867\">Modell<\/strong> \u2013 G. data-start=&#8221;877&#8243; data-end=&#8221;894&#8243;>0WP242 \/ B120<\/strong> az optim\u00e1lis teljes\u00edtm\u00e9ny \u00e9rdek\u00e9ben<br data-start=\"918\" data-end=\"921\" \/>\u2714 <strong data-start=\"923\" data-end=\"947\">N\u00e9met QWERTZ Layout=&#8221;&#8221; Layout<\/strong> &#8211; Ide\u00e1lis a n\u00e9met\u00fcl besz\u00e9l\u0151 felhaszn\u00e1l\u00f3k sz\u00e1m\u00e1ra: 9&#8243;8 adat \/>\u2714 <strong data-start=\"986\" data-end=\"1008\">Teljes kompatibilit\u00e1s<\/strong> \u2013 A <strong data-start=\"1024\" data-end=\"1047\">Dell Latitude E6410<\/strong><br data-start=\"1047\" data-end=\"1050\" \/>start=&#8221;1 data-start&#8221; \u2714 <strong data-start=\"1024\" data-end=\"1047\">hez tervezve adatok j\u00e1t\u00e9kcsere, nincs sz\u00fcks\u00e9g tov\u00e1bbi illeszt\u0151programokra<\/p>\n<p data-start=\"1198\" data-end=\"1221\">\ud83d\udca1 <strong data-start=\"1201\" data-end=\"1219\">Kompatibilit\u00e1s:<\/strong><\/p>\n<ul data-start=\"1222\" data-end=\"1324\">\n<li data-start=\"1222\" data-end=\"1249\">Dell Latitude <strong data-start=\"1238\" data-end=\"1247\">E6410<\/strong><\/li>\n<li data-start=\"1250\" data-end=\"1324\">V\u00e1s\u00e1rl\u00e1s el\u0151tt ellen\u0151rizze jelenlegi billenty\u0171zetmodellj\u00e9t (<strong data-start=\"1287\" data-end=\"1303\">0WP242, B120<\/strong>)<\/li>\n<\/ul>\n<p data-start=\"1326\" data-end=\"1431\">\ud83d\udcf8 <strong data-start=\"1329\" data-end=\"1345\">Val\u00f3di fot\u00f3k:<\/strong> A list\u00e1ban szerepl\u0151 k\u00e9pek pontosan azt a billenty\u0171zetet mutatj\u00e1k, amelyet kapni fog \u2013 nincs meglepet\u00e9s!<\/p>\n<p data-start=\"1433\" data-end=\"1587\">\u2753 <strong data-start=\"1435\" data-end=\"1449\">Seg\u00edts\u00e9gre van sz\u00fcks\u00e9ge?<\/strong> Hab\u00e1r nem adunk telep\u00edt\u00e9si utas\u00edt\u00e1sokat, nyugodtan <strong data-start=\"1513\" data-end=\"1527\">\u00fczenjen nek\u00fcnk<\/strong> a v\u00e1s\u00e1rl\u00e1s el\u0151tt vagy ut\u00e1n.<\/strong><\/p>\n<p data-start=\"1589\" data-end=\"1713\">\ud83d\udce6 <strong data-start=\"1592\" data-end=\"1620\">Gyors sz\u00e1ll\u00edt\u00e1s a vil\u00e1g minden pontj\u00e1ra!<\/strong> Tedd \u00fajra \u00fajszer\u0171 m\u0171k\u00f6d\u00e9sbe a laptopod ezzel az eredeti <strong data-start=\"1678\" data-end=\"1710\"<\/strong>41 Latitude E<\/strong>Dell-billenty\u0171zettel.<\/strong><\/p>\n","protected":false},"excerpt":{"rendered":"<p>Cser\u00e9lje ki hib\u00e1s billenty\u0171zet\u00e9t erre az <strong data-start=\"366\" data-end=\"421\">eredeti Dell Latitude E6410 billenty\u0171zetre (0WP242, B120)<\/strong> <strong data-start=\"425\" data-end=\"449\">n\u00e9met QWERTZ elrendez\u00e9ssel<\/strong>. <strong data-start=\"451\" data-end=\"498\">Val\u00f3di fot\u00f3k \u2013 amit l\u00e1tsz, azt kapod!<\/strong><\/p>\n","protected":false},"featured_media":11186,"template":"","meta":[],"product_brand":[],"product_cat":[35],"product_tag":[17],"class_list":{"0":"post-11129","1":"product","2":"type-product","3":"status-publish","4":"has-post-thumbnail","6":"product_cat-laptop-keyboard","7":"product_tag-dell","9":"first","10":"instock","11":"taxable","12":"shipping-taxable","13":"purchasable","14":"product-type-simple"},"_links":{"self":[{"href":"https:\/\/boreait.com\/hu\/wp-json\/wp\/v2\/product\/11129","targetHints":{"allow":["GET"]}}],"collection":[{"href":"https:\/\/boreait.com\/hu\/wp-json\/wp\/v2\/product"}],"about":[{"href":"https:\/\/boreait.com\/hu\/wp-json\/wp\/v2\/types\/product"}],"wp:featuredmedia":[{"embeddable":true,"href":"https:\/\/boreait.com\/hu\/wp-json\/wp\/v2\/media\/11186"}],"wp:attachment":[{"href":"https:\/\/boreait.com\/hu\/wp-json\/wp\/v2\/media?parent=11129"}],"wp:term":[{"taxonomy":"product_brand","embeddable":true,"href":"https:\/\/boreait.com\/hu\/wp-json\/wp\/v2\/product_brand?post=11129"},{"taxonomy":"product_cat","embeddable":true,"href":"https:\/\/boreait.com\/hu\/wp-json\/wp\/v2\/product_cat?post=11129"},{"taxonomy":"product_tag","embeddable":true,"href":"https:\/\/boreait.com\/hu\/wp-json\/wp\/v2\/product_tag?post=11129"}],"curies":[{"name":"wp","href":"https:\/\/api.w.org\/{rel}","templated":true}]}}