{"id":11128,"date":"2025-09-17T13:11:33","date_gmt":"2025-09-17T11:11:33","guid":{"rendered":"https:\/\/boreait.com\/hu\/?post_type=product&#038;p=11128"},"modified":"2025-09-17T13:13:18","modified_gmt":"2025-09-17T11:13:18","slug":"dell-latitude-e6410-firewire-portkartya-x1nhh-kabellel-6-vezetekes-6-tus-csatlakozo","status":"publish","type":"product","link":"https:\/\/boreait.com\/hu\/termek\/dell-latitude-e6410-firewire-portkartya-x1nhh-kabellel-6-vezetekes-6-tus-csatlakozo\/","title":{"rendered":"Dell Latitude E6410 FireWire portk\u00e1rtya X1NHH k\u00e1bellel \u2013 6 vezet\u00e9kes 6 t\u0171s csatlakoz\u00f3"},"content":{"rendered":"<p data-start=\"634\" data-end=\"904\">Friss\u00edtse vagy cser\u00e9lje ki a <strong data-start=\"657\" data-end=\"680\">FireWire Port k\u00e1rty\u00e1t<\/strong> a <strong data-start=\"689\" data-end=\"712\">Dell Latitude E6410<\/strong> k\u00e9sz\u00fcl\u00e9ken ezzel az <strong data-start=\"657\" data-end=\"680\">FireWire portk\u00e1rty\u00e1val<\/strong> ezzel az <strong data-start=\"657\" data-end=\"680\">FireWire Port k\u00e1rty\u00e1val<\/strong> ezzel az <strong data-start=\"657\" data-end=\"680\" adatlappal<\/strong> (P\/N: X1NHH)<\/strong>. Ak\u00e1r s\u00e9r\u00fclt, ak\u00e1r hi\u00e1nyzik a FireWire portja, ez a <strong data-start=\"838\" data-end=\"870\">6 vezet\u00e9kes\/6 t\u0171s csatlakoz\u00f3k\u00e1bellel<\/strong> ell\u00e1tott cserek\u00e1rtya z\u00f6kken\u0151mentes m\u0171k\u00f6d\u00e9st biztos\u00edt.<\/p>\n<p data-start=\"906\" data-end=\"1258\">\ud83d\udd39 <strong data-start=\"909\" data-end=\"926\">F\u0151bb jellemz\u0151k:<\/strong><br data-start=\"926\" data-end=\"929\" \/>\u2714 <strong data-start=\"931\" data-end=\"966\">Eredeti: X. r\u00e9sz<\/strong> Biztos\u00edtja a t\u00f6k\u00e9letes illeszked\u00e9st \u00e9s megb\u00edzhat\u00f3s\u00e1got<br data-start=\"1004\" data-end=\"1007\" \/>\u2714 <strong data-start=\"1009\" data-end=\"1035\">6-vezet\u00e9kes\/6-t\u0171s csatlakoz\u00f3<\/strong> \u2013 szabv\u00e1nyos FireWire-port a nagy sebess\u00e9g\u0171 adat\u00e1tvitelhez<br data-start=\"1004\" data-end=\"1007\" \/>0> adatok<\/p>\n<p data-start=\"1260\" data-end=\"1283\">\ud83d\udca1 <strong data-start=\"1263\" data-end=\"1281\">Kompatibilit\u00e1s:<\/strong><\/p>\n<ul data-start=\"1284\" data-end=\"1385\">\n<li data-start=\"1284\" data-end=\"1337\">Kifejezetten a <strong data-start=\"1312\" data-end=\"1335\">Dell Latitude E6410-hez<\/strong><\/li>\n<li data-start=\"1338\" data-end=\"1385\">Szabv\u00e1nyos <strong data-start=\"1349\" data-end=\"1383\">FireWire (IEEE 1394) interf\u00e9sz<\/strong><\/li>\n<\/ul>\n<p data-start=\"1387\" data-end=\"1493\">\ud83d\udcf8 <strong data-start=\"1390\" data-end=\"1406\">Val\u00f3di fot\u00f3k:<\/strong> A list\u00e1n szerepl\u0151 k\u00e9pek a <strong data-start=\"1445\" data-end=\"1475\">t\u00e9nyleges t\u00e9telr\u0151l k\u00e9sz\u00fcltek,<\/strong> nem \u00e9r meglepet\u00e9s<\/strong>!<\/p>\n<p data-start=\"1495\" data-end=\"1638\">\u2753 <strong data-start=\"1497\" data-end=\"1511\">Seg\u00edts\u00e9gre van sz\u00fcks\u00e9ge?<\/strong> B\u00e1r nem adunk telep\u00edt\u00e9si utas\u00edt\u00e1sokat, <strong data-start=\"1570\" data-end=\"1584\">\u00fczenhet nek\u00fcnk<\/strong> a v\u00e1s\u00e1rl\u00e1s el\u0151tt vagy ut\u00e1n.<\/p>\n<p data-start=\"1640\" data-end=\"1758\">\ud83d\udce6 <strong data-start=\"1643\" data-end=\"1671\">Gyors kisz\u00e1ll\u00edt\u00e1s a vil\u00e1g minden pontj\u00e1ra!<\/strong> Szerezze meg <strong data-start=\"1681\" data-end=\"1724\">Dell Latitude E6410 Portboard<\/strong> gyorsan sz\u00e1ll\u00edtott<\/strong> FireWire.<\/p>\n","protected":false},"excerpt":{"rendered":"<p>\u00c1ll\u00edtsa vissza a FireWire-kapcsolatot <strong data-start=\"370\" data-end=\"393\">Dell Latitude E6410<\/strong> k\u00e9sz\u00fcl\u00e9k\u00e9n ezzel az eredeti <strong data-start=\"412\" data-end=\"448\">FireWire portk\u00e1rty\u00e1val (P\/N: X1NHH)<\/strong>. A pontos illeszked\u00e9s \u00e9rdek\u00e9ben <strong data-start=\"463\" data-end=\"485\">6 vezet\u00e9kes\/6 t\u0171s k\u00e1bel<\/strong> j\u00e1r hozz\u00e1. <strong data-start=\"504\" data-end=\"551\">Val\u00f3di fot\u00f3k \u2013 amit l\u00e1tsz, azt kapod!<\/strong><\/p>\n","protected":false},"featured_media":11185,"template":"","meta":[],"product_brand":[],"product_cat":[27],"product_tag":[17],"class_list":{"0":"post-11128","1":"product","2":"type-product","3":"status-publish","4":"has-post-thumbnail","6":"product_cat-motherboards-board-parts","7":"product_tag-dell","9":"first","10":"instock","11":"taxable","12":"shipping-taxable","13":"purchasable","14":"product-type-simple"},"_links":{"self":[{"href":"https:\/\/boreait.com\/hu\/wp-json\/wp\/v2\/product\/11128","targetHints":{"allow":["GET"]}}],"collection":[{"href":"https:\/\/boreait.com\/hu\/wp-json\/wp\/v2\/product"}],"about":[{"href":"https:\/\/boreait.com\/hu\/wp-json\/wp\/v2\/types\/product"}],"wp:featuredmedia":[{"embeddable":true,"href":"https:\/\/boreait.com\/hu\/wp-json\/wp\/v2\/media\/11185"}],"wp:attachment":[{"href":"https:\/\/boreait.com\/hu\/wp-json\/wp\/v2\/media?parent=11128"}],"wp:term":[{"taxonomy":"product_brand","embeddable":true,"href":"https:\/\/boreait.com\/hu\/wp-json\/wp\/v2\/product_brand?post=11128"},{"taxonomy":"product_cat","embeddable":true,"href":"https:\/\/boreait.com\/hu\/wp-json\/wp\/v2\/product_cat?post=11128"},{"taxonomy":"product_tag","embeddable":true,"href":"https:\/\/boreait.com\/hu\/wp-json\/wp\/v2\/product_tag?post=11128"}],"curies":[{"name":"wp","href":"https:\/\/api.w.org\/{rel}","templated":true}]}}