{"id":11118,"date":"2025-09-17T13:11:07","date_gmt":"2025-09-17T11:11:07","guid":{"rendered":"https:\/\/boreait.com\/hu\/?post_type=product&#038;p=11118"},"modified":"2026-02-08T12:46:21","modified_gmt":"2026-02-08T11:46:21","slug":"dell-latitude-e6410-bekapcsologomb-kartya-ls-5471p-kabellel-eredeti-laptop-alkatresz","status":"publish","type":"product","link":"https:\/\/boreait.com\/hu\/termek\/dell-latitude-e6410-bekapcsologomb-kartya-ls-5471p-kabellel-eredeti-laptop-alkatresz\/","title":{"rendered":"Dell Latitude E6410 bekapcsol\u00f3gomb k\u00e1rtya LS-5471P k\u00e1bellel \u2013 Eredeti laptop alkatr\u00e9sz"},"content":{"rendered":"<p data-start=\"623\" data-end=\"890\"> \u00c1ll\u00edtsa vissza <strong data-start=\"664\" data-end=\"687\">Dell Latitude E6410<\/strong> teljes teljes\u00edtm\u00e9ny\u00e9t ezzel az <strong data-start=\"698\" data-end=\"762\">eredeti Dell bekapcsol\u00f3gomb-k\u00e1rty\u00e1val (LS-5471P)<\/strong>. F\u00fcggetlen\u00fcl att\u00f3l, hogy a <strong data-start=\"777\" data-end=\"820\">bekapcsol\u00f3gomb nem v\u00e1laszol, vagy megs\u00e9r\u00fclt<\/strong>, ez a cserealkatr\u00e9sz seg\u00edt abban, hogy laptopja \u00fajra m\u0171k\u00f6dj\u00f6n.<\/p>\n<p data-start=\"892\" data-end=\"1293\">\ud83d\udd39 <strong data-start=\"895\" data-end=\"912\">F\u0151bb jellemz\u0151k:<\/strong><br data-start=\"912\" data-end=\"915\" \/>\u2714 <strong data-start=\"917\" data-end=\"938\">T\u00f6k\u00e9letes illeszked\u00e9s \u00e9s megb\u00edzhat\u00f3s\u00e1g<\/strong> teljes\u00edtm\u00e9ny<br data-start=\"987\" data-end=\"990\" \/>\u2714 <strong data-start=\"992\" data-end=\"1011\">Modell: LS-5471P<\/strong> \u2013 <strong data-start=\"1027\" data-end=\"1050\">Dell Latitude E6410<\/strong> laptopokhoz=&#8221;<br data-5\"8\" data-end=\"1061\" \/>\u2714 <strong data-start=\"1063\" data-end=\"1088\">Szallagk\u00e1belt tartalmaz<\/strong> \u2013 Komplett \u00f6ssze\u00e1ll\u00edt\u00e1s a k\u00f6nny\u0171 cser\u00e9hez<br data-start=\"1129\" data-end=\"1132\" \/>\u2714 <strong data-start=\"1134\" PowerPowers \u2013 Your Idesux=\"113\" Idesux=\"1111\" Data-Fial laptop nem kapcsol be a hib\u00e1s t\u00e1pegys\u00e9g miatt<br data-start=\"1221\" data-end=\"1224\" \/>\u2714 <strong data-start=\"1226\" data-end=\"1245\">K\u00f6nnyen telep\u00edthet\u0151<\/strong> \u2013 Plug-and-play kialak\u00edt\u00e1s a probl\u00e9mamentes jav\u00edt\u00e1s \u00e9rdek\u00e9ben<\/p>\n<p data-start=\"1295\" data-end=\"1318\">\ud83d\udca1 <strong data-start=\"1298\" data-end=\"1316\">Kompatibilit\u00e1s:<\/strong><\/p>\n<ul data-start=\"1319\" data-end=\"1473\">\n<li data-start=\"1319\" data-end=\"1409\">Kifejezetten a <strong data-start=\"1347\" data-end=\"1370\">Dell Latitude E6410<\/strong>hez tervezve (V\u00e1s\u00e1rl\u00e1s el\u0151tt ellen\u0151rizze a modellt)<\/li>\n<li data-start=\"1410\" data-end=\"1473\">Szabv\u00e1nyos szalagos csatlakoz\u00f3 az alaplap k\u00f6zvetlen csatlakoztat\u00e1s\u00e1hoz<\/li>\n<\/ul>\n<p data-start=\"1475\" data-end=\"1581\">\ud83d\udcf8 <strong data-start=\"1478\" data-end=\"1494\">Val\u00f3di fot\u00f3k:<\/strong> Az adatlapon szerepl\u0151 k\u00e9pek a <strong data-start=\"1533\" data-end=\"1548\">t\u00e9nyleges r\u00e9szr\u0151l k\u00e9sz\u00fcltek<\/strong> \u2013 nem lesz meglepet\u00e9s.<\/p>\n<p data-start=\"1583\" data-end=\"1726\">\u2753 <strong data-start=\"1585\" data-end=\"1599\">Seg\u00edts\u00e9gre van sz\u00fcks\u00e9ge?<\/strong> B\u00e1r nem adunk telep\u00edt\u00e9si utas\u00edt\u00e1sokat, <strong data-start=\"1658\" data-end=\"1672\">\u00fczenetet k\u00fcldhet nek\u00fcnk <\/strong> a v\u00e1s\u00e1rl\u00e1s el\u0151tt vagy ut\u00e1n.<\/strong><\/p>\n<p data-start=\"1728\" data-end=\"1835\">\ud83d\udce6 <strong data-start=\"1731\" data-end=\"1759\">Gyors sz\u00e1ll\u00edt\u00e1s a vil\u00e1g minden pontj\u00e1ra!<\/strong> Szerezze be <strong data-start=\"1769\" secure data-end=\"1811\">Dell Latitude E6410<\/strong> gyorsan bekapcsol\u00f3gombbal<\/strong>.<\/p>\n","protected":false},"excerpt":{"rendered":"<p>Cser\u00e9lje ki a hib\u00e1s <strong data-start=\"350\" data-end=\"403\">Dell Latitude E6410 bekapcsol\u00f3gomb-k\u00e1rty\u00e1t (LS-5471P)<\/strong> erre az <strong data-start=\"414\" data-end=\"442\">eredeti cserealkatr\u00e9szre<\/strong>. Tartalmazza a <strong data-start=\"453\" data-end=\"469\">szalagk\u00e1belt<\/strong> az egyszer\u0171 telep\u00edt\u00e9s \u00e9rdek\u00e9ben. <strong data-start=\"493\" data-end=\"540\">Val\u00f3di fot\u00f3k \u2013 amit l\u00e1tsz, azt kapod!<\/strong><\/p>\n","protected":false},"featured_media":11177,"template":"","meta":[],"product_brand":[],"product_cat":[27],"product_tag":[17],"class_list":{"0":"post-11118","1":"product","2":"type-product","3":"status-publish","4":"has-post-thumbnail","6":"product_cat-motherboards-board-parts","7":"product_tag-dell","9":"first","10":"instock","11":"taxable","12":"shipping-taxable","13":"purchasable","14":"product-type-simple"},"_links":{"self":[{"href":"https:\/\/boreait.com\/hu\/wp-json\/wp\/v2\/product\/11118","targetHints":{"allow":["GET"]}}],"collection":[{"href":"https:\/\/boreait.com\/hu\/wp-json\/wp\/v2\/product"}],"about":[{"href":"https:\/\/boreait.com\/hu\/wp-json\/wp\/v2\/types\/product"}],"wp:featuredmedia":[{"embeddable":true,"href":"https:\/\/boreait.com\/hu\/wp-json\/wp\/v2\/media\/11177"}],"wp:attachment":[{"href":"https:\/\/boreait.com\/hu\/wp-json\/wp\/v2\/media?parent=11118"}],"wp:term":[{"taxonomy":"product_brand","embeddable":true,"href":"https:\/\/boreait.com\/hu\/wp-json\/wp\/v2\/product_brand?post=11118"},{"taxonomy":"product_cat","embeddable":true,"href":"https:\/\/boreait.com\/hu\/wp-json\/wp\/v2\/product_cat?post=11118"},{"taxonomy":"product_tag","embeddable":true,"href":"https:\/\/boreait.com\/hu\/wp-json\/wp\/v2\/product_tag?post=11118"}],"curies":[{"name":"wp","href":"https:\/\/api.w.org\/{rel}","templated":true}]}}