{"id":11117,"date":"2025-09-17T13:11:07","date_gmt":"2025-09-17T11:11:07","guid":{"rendered":"https:\/\/boreait.com\/hu\/?post_type=product&#038;p=11117"},"modified":"2025-09-17T13:13:06","modified_gmt":"2025-09-17T11:13:06","slug":"dell-latitude-e6410-led-kartya-ls-5575p-es-lcd-kabel-0921vj-dc02c000l0l","status":"publish","type":"product","link":"https:\/\/boreait.com\/hu\/termek\/dell-latitude-e6410-led-kartya-ls-5575p-es-lcd-kabel-0921vj-dc02c000l0l\/","title":{"rendered":"Dell Latitude E6410 LED k\u00e1rtya LS-5575P \u00e9s LCD k\u00e1bel \u2013 0921VJ DC02C000L0L"},"content":{"rendered":"<p data-start=\"561\" data-end=\"826\">\u00c1ll\u00edtsa vissza a <strong data-start=\"613\" data-end=\"636\">Dell Latitude E6410<\/strong> <strong data-start=\"573\" data-end=\"604\">LED jelz\u0151 funkci\u00f3j\u00e1t<\/strong> ezzel a <strong data-start=\"6468\" LS-5\">5&#8243;>genu original5 LS-5-end=&#8221;6468&#8243;6P adattal t\u00e1bla + LCD k\u00e1bel \u2013 0921VJ DC02C000L0L<\/strong>. F\u00fcggetlen\u00fcl att\u00f3l, hogy laptopja \u00e1llapotjelz\u0151 l\u00e1mp\u00e1i halv\u00e1nyak, villognak vagy teljesen nem m\u0171k\u00f6dnek, ez az <strong data-start=\"780\" data-end=\"804\">OEM cserealkatr\u00e9sz<\/strong> a t\u00f6k\u00e9letes megold\u00e1s.<\/p>\n<p data-start=\"828\" data-end=\"1210\">\ud83d\udd39 <strong data-start=\"831\" data-end=\"848\">F\u0151bb jellemz\u0151k:<\/strong><br data-start=\"848\" data-end=\"851\" \/>\u2714 <strong data-start=\"853\" data-end=\"874\">Alkatr\u00e9sz- \u00e9s teljesk\u00f6r\u0171s\u00e9g<\/strong>Enged\u00e9lyez\u00e9s megb\u00edzhat\u00f3s\u00e1g<br data-start=\"919\" data-end=\"922\" \/>\u2714 <strong data-start=\"924\" data-end=\"943\">Model: LS-5575P\/ LCD-k\u00e1bel \u2013 0921VJ DC02C000L0L<\/strong> \u2013 Kifejezetten a <strong data-start=\"000L0L\"-hez tervezve. laptopok<br data-start=\"998\" data-end=\"1001\" \/>\u2714 <strong data-start=\"1003\" data-end=\"1030\">Vissza\u00e1ll\u00edtja a LED-jelz\u0151ket<\/strong> \u2013 Jav\u00edtja a t\u00e1pell\u00e1t\u00e1st, az akkumul\u00e1tort \u00e9s az \u00e1llapotjelz\u0151 f\u00e9nyeket<br data-start=\"1072\" data-end=\"1075\" \/>-\u2714 <strong data-start=\"1003\" data-end=\"1030\"\u2714 <strong data-end=\"1075\" \/>-start&#8221; data-end=&#8221;1097&#8243;>Tesztelt \u00e9s tesztelt; M\u0171k\u00f6d\u0151<\/strong> \u2013 M\u0171k\u00f6d\u00e9s\u00e9t professzion\u00e1lisan ellen\u0151rizt\u00e9k<br data-start=\"1140\" data-end=\"1143\" \/>\u2714 <strong data-start=\"1145\" data-end=\"1165\">Egyszer\u0171 csere<\/strong> \u2013 T\u00f6k\u00e9letes illeszked\u00e9s, m\u00f3dos\u00edt\u00e1s n\u00e9lk\u00fcl<\/p>\n<p data-start=\"1212\" data-end=\"1235\">\ud83d\udca1 <strong data-start=\"1215\" data-end=\"1233\">Kompatibilit\u00e1s:<\/strong><\/p>\n<ul data-start=\"1236\" data-end=\"1376\">\n<li data-start=\"1236\" data-end=\"1305\">Dell Latitude <strong data-start=\"1252\" data-end=\"1261\">E6410<\/strong> (V\u00e1s\u00e1rl\u00e1s el\u0151tt ellen\u0151rizze laptopja modellj\u00e9t)<\/li>\n<li data-start=\"1306\" data-end=\"1376\">K\u00f6zvetlen <strong data-start=\"1315\" data-end=\"1334\">OEM csere<\/strong> \u2013 nincs sz\u00fcks\u00e9g adapterekre vagy m\u00f3dos\u00edt\u00e1sokra<\/li>\n<\/ul>\n<p data-start=\"1378\" data-end=\"1479\">\ud83d\udcf8 <strong data-start=\"1381\" data-end=\"1397\">Val\u00f3di fot\u00f3k:<\/strong> Az adatlapon szerepl\u0151 k\u00e9pek pontosan azt a t\u00e9telt mutatj\u00e1k, amelyet \u00d6n kap \u2013 nincs meglepet\u00e9s!<\/p>\n<p data-start=\"1481\" data-end=\"1635\">\u2753 <strong data-start=\"1483\" data-end=\"1497\">Seg\u00edts\u00e9gre van sz\u00fcks\u00e9ge?<\/strong> B\u00e1r nem adunk telep\u00edt\u00e9si utas\u00edt\u00e1sokat, nyugodtan <strong data-start=\"1561\" data-end=\"1575\">\u00fczenjen nek\u00fcnk<\/strong> a v\u00e1s\u00e1rl\u00e1s el\u0151tt vagy ut\u00e1n.<\/strong><\/p>\n<p data-start=\"1637\" data-end=\"1760\">\ud83d\udce6 <strong data-start=\"1640\" data-end=\"1668\">Gyors kisz\u00e1ll\u00edt\u00e1s a vil\u00e1g minden pontj\u00e1ra!<\/strong> Szerezze be <strong data-start=\"1678\" data-end=\"1702\">Dell E6410 LED-k\u00e1rty\u00e1j\u00e1t ezzel a gyorsan cser\u00e9lhet\u0151 <strong data-start=\"1640\" data-end=\"1668\"><\/strong> seg\u00edts\u00e9g\u00e9vel. data-end=&#8221;1757&#8243;>eredeti alkatr\u00e9sz<\/strong>.<\/p>\n","protected":false},"excerpt":{"rendered":"<p>Cser\u00e9lje ki a hib\u00e1s <strong data-start=\"325\" data-end=\"338\">LED-k\u00e1rty\u00e1t \u00e9s LCD-k\u00e1belt \u2013 0921VJ DC02C000L0L<\/strong> erre az <strong data-start=\"349\" data-end=\"394\">eredeti Dell Latitude E6410 LS-5575P alkatr\u00e9szre<\/strong>. Teljesen tesztelt \u00e9s telep\u00edt\u00e9sre k\u00e9sz. <strong data-start=\"431\" data-end=\"478\">Val\u00f3di fot\u00f3k \u2013 amit l\u00e1tsz, azt kapod!<\/strong><\/p>\n","protected":false},"featured_media":11176,"template":"","meta":[],"product_brand":[],"product_cat":[27],"product_tag":[17],"class_list":{"0":"post-11117","1":"product","2":"type-product","3":"status-publish","4":"has-post-thumbnail","6":"product_cat-motherboards-board-parts","7":"product_tag-dell","9":"first","10":"instock","11":"taxable","12":"shipping-taxable","13":"purchasable","14":"product-type-simple"},"_links":{"self":[{"href":"https:\/\/boreait.com\/hu\/wp-json\/wp\/v2\/product\/11117","targetHints":{"allow":["GET"]}}],"collection":[{"href":"https:\/\/boreait.com\/hu\/wp-json\/wp\/v2\/product"}],"about":[{"href":"https:\/\/boreait.com\/hu\/wp-json\/wp\/v2\/types\/product"}],"wp:featuredmedia":[{"embeddable":true,"href":"https:\/\/boreait.com\/hu\/wp-json\/wp\/v2\/media\/11176"}],"wp:attachment":[{"href":"https:\/\/boreait.com\/hu\/wp-json\/wp\/v2\/media?parent=11117"}],"wp:term":[{"taxonomy":"product_brand","embeddable":true,"href":"https:\/\/boreait.com\/hu\/wp-json\/wp\/v2\/product_brand?post=11117"},{"taxonomy":"product_cat","embeddable":true,"href":"https:\/\/boreait.com\/hu\/wp-json\/wp\/v2\/product_cat?post=11117"},{"taxonomy":"product_tag","embeddable":true,"href":"https:\/\/boreait.com\/hu\/wp-json\/wp\/v2\/product_tag?post=11117"}],"curies":[{"name":"wp","href":"https:\/\/api.w.org\/{rel}","templated":true}]}}