{"id":11114,"date":"2025-09-17T13:11:06","date_gmt":"2025-09-17T11:11:06","guid":{"rendered":"https:\/\/boreait.com\/hu\/?post_type=product&#038;p=11114"},"modified":"2025-09-17T13:12:55","modified_gmt":"2025-09-17T11:12:55","slug":"dell-latitude-e6410-laptop-hangszorok-pk23000ci00-eredeti-cserealkatresz","status":"publish","type":"product","link":"https:\/\/boreait.com\/hu\/termek\/dell-latitude-e6410-laptop-hangszorok-pk23000ci00-eredeti-cserealkatresz\/","title":{"rendered":"Dell Latitude E6410 laptop hangsz\u00f3r\u00f3k PK23000CI00 \u2013 Eredeti cserealkatr\u00e9sz"},"content":{"rendered":"<p data-start=\"548\" data-end=\"796\">Hozzon vissza <strong data-start=\"559\" data-end=\"581\">kiv\u00e1l\u00f3 min\u0151s\u00e9g\u0171 hangot<\/strong> <strong data-start=\"590\" data-end=\"613\">Dell Latitude E6410<\/strong> k\u00e9sz\u00fcl\u00e9k\u00e9re ezekkel a <strong data-start=\"625\"\">genuine6&#8243;>genuine6-os laptopokkal (PK23000CI00)<\/strong>ra. Ha a hangsz\u00f3r\u00f3i <strong data-start=\"689\" data-end=\"724\">reccsennek, torzulnak vagy hallgatnak<\/strong>, ez a cserek\u00e9szlet biztos\u00edtja az eredetihez hasonl\u00f3an <strong data-start=\"755\" data-end=\"770\">tiszta hangot<\/strong>.<\/p>\n<p data-start=\"798\" data-end=\"1158\">\ud83d\udd39 <strong data-start=\"801\" data-end=\"818\">F\u0151bb jellemz\u0151k:<\/strong><br data-start=\"818\" data-end=\"821\" \/>\u2714 <strong data-start=\"823\" data-end=\"844\">G hangmin\u0151s\u00e9g<\/strong> \u2013 Perfect Part adatok adatok data-end=&#8221;1093&#8243; \/>\u2714 <strong data-start=\"1095\" data-end=\"1129\">Balra &amp; Jobb oldali hangsz\u00f3r\u00f3k mell\u00e9kelve<\/strong> \u2013 teljes cserek\u00e9szlet<\/p>\n<p data-start=\"1160\" data-end=\"1183\">\ud83d\udca1 <strong data-start=\"1163\" data-end=\"1181\">Kompatibilit\u00e1s:<\/strong><\/p>\n<ul data-start=\"1184\" data-end=\"1304\">\n<li data-start=\"1184\" data-end=\"1248\"><strong data-start=\"1186\" data-end=\"1209\">Dell Latitude E6410<\/strong> (V\u00e1s\u00e1rl\u00e1s el\u0151tt ellen\u0151rizze a modellt)<\/li>\n<li data-start=\"1249\" data-end=\"1304\">K\u00f6zvetlen plug-and-play kapcsolat gy\u00e1ri bek\u00f6t\u00e9ssel<\/li>\n<\/ul>\n<p data-start=\"1306\" data-end=\"1403\">\ud83d\udcf8 <strong data-start=\"1309\" data-end=\"1325\">Val\u00f3di fot\u00f3k:<\/strong> A term\u00e9kk\u00e9peken pontosan azok a hangsz\u00f3r\u00f3k l\u00e1that\u00f3k, amelyeket kapni fog \u2013 nincs meglepet\u00e9s!<\/p>\n<p data-start=\"1405\" data-end=\"1529\">\u2753 <strong data-start=\"1407\" data-end=\"1421\">Seg\u00edts\u00e9gre van sz\u00fcks\u00e9ge?<\/strong> Hab\u00e1r nem adunk telep\u00edt\u00e9si utas\u00edt\u00e1sokat, nyugodtan <strong data-start=\"1485\" data-end=\"1499\">\u00fczenjen nek\u00fcnk<\/strong>, ha seg\u00edts\u00e9gre van sz\u00fcks\u00e9ge.<\/strong><\/p>\n<p data-start=\"1531\" data-end=\"1653\">\ud83d\udce6 <strong data-start=\"1534\" data-end=\"1562\">Gyors sz\u00e1ll\u00edt\u00e1s a vil\u00e1g minden pontj\u00e1ra!<\/strong> Tedd \u00fajszer\u0171 hangz\u00e1s\u00fav\u00e1 laptopod ezzel az <strong data-start=\"1607\" data-end=\"1650\">eredeti E64 Latitude p><\/strong> E64 Latitude p><\/p>\n","protected":false},"excerpt":{"rendered":"<p>\u00c1ll\u00edtsa vissza <strong data-start=\"342\" data-end=\"365\">Dell Latitude E6410<\/strong> tiszta hangj\u00e1t ezekkel az <strong data-start=\"377\" data-end=\"416\">eredeti PK23000CI00 laptop hangsz\u00f3r\u00f3kkal<\/strong>. <strong data-start=\"418\" data-end=\"465\">Val\u00f3di fot\u00f3k \u2013 amit l\u00e1tsz, azt kapod!<\/strong><\/p>\n","protected":false},"featured_media":11173,"template":"","meta":[],"product_brand":[],"product_cat":[18],"product_tag":[17],"class_list":{"0":"post-11114","1":"product","2":"type-product","3":"status-publish","4":"has-post-thumbnail","6":"product_cat-laptop-speakers","7":"product_tag-dell","9":"first","10":"instock","11":"taxable","12":"shipping-taxable","13":"purchasable","14":"product-type-simple"},"_links":{"self":[{"href":"https:\/\/boreait.com\/hu\/wp-json\/wp\/v2\/product\/11114","targetHints":{"allow":["GET"]}}],"collection":[{"href":"https:\/\/boreait.com\/hu\/wp-json\/wp\/v2\/product"}],"about":[{"href":"https:\/\/boreait.com\/hu\/wp-json\/wp\/v2\/types\/product"}],"wp:featuredmedia":[{"embeddable":true,"href":"https:\/\/boreait.com\/hu\/wp-json\/wp\/v2\/media\/11173"}],"wp:attachment":[{"href":"https:\/\/boreait.com\/hu\/wp-json\/wp\/v2\/media?parent=11114"}],"wp:term":[{"taxonomy":"product_brand","embeddable":true,"href":"https:\/\/boreait.com\/hu\/wp-json\/wp\/v2\/product_brand?post=11114"},{"taxonomy":"product_cat","embeddable":true,"href":"https:\/\/boreait.com\/hu\/wp-json\/wp\/v2\/product_cat?post=11114"},{"taxonomy":"product_tag","embeddable":true,"href":"https:\/\/boreait.com\/hu\/wp-json\/wp\/v2\/product_tag?post=11114"}],"curies":[{"name":"wp","href":"https:\/\/api.w.org\/{rel}","templated":true}]}}