{"id":11113,"date":"2025-09-17T13:11:06","date_gmt":"2025-09-17T11:11:06","guid":{"rendered":"https:\/\/boreait.com\/hu\/?post_type=product&#038;p=11113"},"modified":"2025-09-17T13:12:51","modified_gmt":"2025-09-17T11:12:51","slug":"dell-latitude-e6410-erintopad-gombok-pk37b007200-eredeti-laptop-alkatresz","status":"publish","type":"product","link":"https:\/\/boreait.com\/hu\/termek\/dell-latitude-e6410-erintopad-gombok-pk37b007200-eredeti-laptop-alkatresz\/","title":{"rendered":"Dell Latitude E6410 \u00e9rint\u0151pad gombok PK37B007200 \u2013 Eredeti laptop alkatr\u00e9sz"},"content":{"rendered":"<p data-start=\"562\" data-end=\"831\"> \u00c1ll\u00edtsa vissza a g\u00f6rd\u00fcl\u00e9keny \u00e9s \u00e9rz\u00e9keny \u00e9rint\u0151pad funkci\u00f3t ezzel az <strong data-start=\"625\" data-end=\"692\">eredeti Dell Latitude E6410 \u00e9rint\u0151pad gombk\u00e1rty\u00e1val (PK37B007200)<\/strong>. Ezt a cserealkatr\u00e9szt kifejezetten a <strong data-start=\"749\" data-end=\"767\">Latitude E6410<\/strong>hez tervezt\u00e9k, biztos\u00edtva a <strong data-start=\"778\" data-end=\"803\">t\u00f6k\u00e9letes kompatibilit\u00e1st<\/strong> \u00e9s a megb\u00edzhat\u00f3 teljes\u00edtm\u00e9nyt.<\/p>\n<p data-start=\"833\" data-end=\"1129\">\ud83d\udd39 <strong data-start=\"836\" data-end=\"853\">F\u0151bb jellemz\u0151k:<\/strong><br data-start=\"853\" data-end=\"856\" \/>\u2714 <strong data-start=\"858\" data-end=\"880\">Eredeti 8. modell \u2013 Detartll<\/strong> data-end=&#8221;904&#8243;>PK37B007200<\/strong><br data-start=\"904\" data-end=\"907\" \/>\u2714 <strong data-start=\"909\" data-end=\"943\">T\u00f6k\u00e9letesen illeszkedik a Latitude E6410-hez<\/strong> \u2013 z\u00f6kken\u0151mentes telep\u00edt\u00e9sre tervezve=&#8221;\u2714\ufe0f<br data-start=\"980\"8\"3 data-start=\"985\" data-end=\"1017\">Reszponz\u00edv &amp; Tart\u00f3s gombok<\/strong> \u2013 A g\u00f6rd\u00fcl\u00e9keny kattint\u00e1si funkci\u00f3k vissza\u00e1ll\u00edt\u00e1sa<br data-start=\"1057\" data-end=\"1060\" \/>\u2714 <strong data-start=\"1062\" data-end=\"1081\">K\u00f6nnyen telep\u00edthet\u0151<\/strong> \u2013 Gyorsan cser\u00e9lje ki a r\u00e9gi vagy t\u00f6r\u00f6tt gombokat<\/p>\n<p data-start=\"1131\" data-end=\"1154\">\ud83d\udca1 <strong data-start=\"1134\" data-end=\"1152\">Kompatibilit\u00e1s:<\/strong><\/p>\n<ul data-start=\"1155\" data-end=\"1267\">\n<li data-start=\"1155\" data-end=\"1195\">A <strong data-start=\"1170\" data-end=\"1193\">Dell Latitude E6410<\/strong><\/li>\n<p> sz\u00e1m\u00e1ra k\u00e9sz\u00fclt<\/p>\n<li data-start=\"1196\" data-end=\"1267\">V\u00e1s\u00e1rl\u00e1s el\u0151tt ellen\u0151rizze laptopja cikksz\u00e1m\u00e1t (<strong data-start=\"1231\" data-end=\"1246\">PK37B007200<\/strong>)<\/li>\n<\/ul>\n<p data-start=\"1269\" data-end=\"1370\">\ud83d\udcf8 <strong data-start=\"1272\" data-end=\"1288\">Val\u00f3di fot\u00f3k:<\/strong> Az adatlapon szerepl\u0151 k\u00e9pek pontosan azt a t\u00e9telt mutatj\u00e1k, amelyet \u00d6n kap \u2013 nincs meglepet\u00e9s!<\/p>\n<p data-start=\"1372\" data-end=\"1494\">\u2753 <strong data-start=\"1374\" data-end=\"1388\">Seg\u00edts\u00e9gre van sz\u00fcks\u00e9ge?<\/strong> Nem adunk telep\u00edt\u00e9si utas\u00edt\u00e1sokat, de nyugodtan <strong data-start=\"1450\" data-end=\"1464\">\u00fczenjen nek\u00fcnk<\/strong>, ha seg\u00edts\u00e9gre van sz\u00fcks\u00e9ge.<\/strong><\/p>\n<p data-start=\"1496\" data-end=\"1625\">\ud83d\udce6 <strong data-start=\"1499\" data-end=\"1527\">Gyors kisz\u00e1ll\u00edt\u00e1s a vil\u00e1g minden pontj\u00e1ra!<\/strong> Szerezze vissza <strong data-start=\"1537\" data-end=\"1555\">Latitude E6410-et ezzel a <strong=\"1-4\"<\/strong>-el, ezzel <strong data-start=\"1-4\"<\/strong> data-end=&#8221;1622&#8243;>eredeti Dell \u00e9rint\u0151pad gombk\u00e1rtya<\/strong>.<\/p>\n","protected":false},"excerpt":{"rendered":"<p>Cser\u00e9lje ki elhaszn\u00e1l\u00f3dott vagy hib\u00e1s <strong data-start=\"342\" data-end=\"396\">Dell Latitude E6410 \u00e9rint\u0151pad gombjait (PK37B007200)<\/strong> erre az <strong data-start=\"407\" data-end=\"430\">eredeti laptop alkatr\u00e9szre<\/strong>. <strong data-start=\"432\" data-end=\"479\">Val\u00f3di fot\u00f3k \u2013 amit l\u00e1tsz, azt kapod!<\/strong><\/p>\n","protected":false},"featured_media":11172,"template":"","meta":[],"product_brand":[],"product_cat":[16],"product_tag":[17],"class_list":{"0":"post-11113","1":"product","2":"type-product","3":"status-publish","4":"has-post-thumbnail","6":"product_cat-laptop-housing","7":"product_tag-dell","9":"first","10":"instock","11":"taxable","12":"shipping-taxable","13":"purchasable","14":"product-type-simple"},"_links":{"self":[{"href":"https:\/\/boreait.com\/hu\/wp-json\/wp\/v2\/product\/11113","targetHints":{"allow":["GET"]}}],"collection":[{"href":"https:\/\/boreait.com\/hu\/wp-json\/wp\/v2\/product"}],"about":[{"href":"https:\/\/boreait.com\/hu\/wp-json\/wp\/v2\/types\/product"}],"wp:featuredmedia":[{"embeddable":true,"href":"https:\/\/boreait.com\/hu\/wp-json\/wp\/v2\/media\/11172"}],"wp:attachment":[{"href":"https:\/\/boreait.com\/hu\/wp-json\/wp\/v2\/media?parent=11113"}],"wp:term":[{"taxonomy":"product_brand","embeddable":true,"href":"https:\/\/boreait.com\/hu\/wp-json\/wp\/v2\/product_brand?post=11113"},{"taxonomy":"product_cat","embeddable":true,"href":"https:\/\/boreait.com\/hu\/wp-json\/wp\/v2\/product_cat?post=11113"},{"taxonomy":"product_tag","embeddable":true,"href":"https:\/\/boreait.com\/hu\/wp-json\/wp\/v2\/product_tag?post=11113"}],"curies":[{"name":"wp","href":"https:\/\/api.w.org\/{rel}","templated":true}]}}