{"id":11111,"date":"2025-09-17T13:11:05","date_gmt":"2025-09-17T11:11:05","guid":{"rendered":"https:\/\/boreait.com\/hu\/?post_type=product&#038;p=11111"},"modified":"2025-09-17T13:12:42","modified_gmt":"2025-09-17T11:12:42","slug":"dell-latitude-e6410-usb-audio-lan-kartya-ls-5472p-0n3r3t-laptop-csere","status":"publish","type":"product","link":"https:\/\/boreait.com\/hu\/termek\/dell-latitude-e6410-usb-audio-lan-kartya-ls-5472p-0n3r3t-laptop-csere\/","title":{"rendered":"Dell Latitude E6410 USB audio LAN k\u00e1rtya LS-5472P 0N3R3T \u2013 Laptop csere"},"content":{"rendered":"<p data-start=\"625\" data-end=\"893\">A <strong data-start=\"660\" data-end=\"683\">Dell Latitude E6410<\/strong> teljes funkcionalit\u00e1s\u00e1nak vissza\u00e1ll\u00edt\u00e1sa ezzel az <strong data-start=\"694\" data-end=\"736\">USB audio LAN k\u00e1rty\u00e1val (LS-5472P, 0<\/strong>N.) Legyen sz\u00f3 <strong data-start=\"766\" data-end=\"835\">nem m\u0171k\u00f6d\u0151 USB-portokr\u00f3l, hangprobl\u00e9m\u00e1kr\u00f3l vagy LAN-csatlakoz\u00e1si probl\u00e9m\u00e1kr\u00f3l<\/strong>, ez az eredeti cserealkatr\u00e9sz a t\u00f6k\u00e9letes megold\u00e1s.<\/p>\n<p data-start=\"895\" data-end=\"1278\">\ud83d\udd39 <strong data-start=\"898\" data-end=\"915\">F\u0151bb jellemz\u0151k:<\/strong><br data-start=\"915\" data-end=\"918\" \/>\u2714 <strong data-start=\"920\" data-end=\"956\">0 Partitude<\/strong>Euine Dell<\/strong>Euine1>Gen 100%-os kompatibilit\u00e1s<br data-start=\"985\" data-end=\"988\" \/>\u2714 <strong data-start=\"990\" data-end=\"1018\">Modell: LS-5472P (0N3R3T)<\/strong> \u2013 Kifejezetten Latitude E6410 laptopokhoz tervezve<strong=\"\u271406 data-start data=\"2\" adatok data-start=\"1206\" data-end=\"1209\" \/>\u2714 <strong data-start=\"1211\" data-end=\"1245\">SATA &amp; Szalagk\u00e1bel csatlakoz\u00f3k<\/strong> \u2013 Biztos\u00edtja a megfelel\u0151 adat\u00e1tvitelt<\/p>\n<p data-start=\"1280\" data-end=\"1303\">\ud83d\udca1 <strong data-start=\"1283\" data-end=\"1301\">Kompatibilit\u00e1s:<\/strong><\/p>\n<ul data-start=\"1304\" data-end=\"1459\">\n<li data-start=\"1304\" data-end=\"1386\"><strong data-start=\"1319\" data-end=\"1342\">Dell Latitude E6410<\/strong>hez tervezve (v\u00e1s\u00e1rl\u00e1s el\u0151tt ellen\u0151rizze a laptop modellj\u00e9t)<\/li>\n<li data-start=\"1387\" data-end=\"1459\"><strong data-start=\"1400\" data-end=\"1432\">M\u0171k\u00f6dik a megfelel\u0151 bels\u0151 csatlakoz\u00f3kkal<\/strong> a z\u00f6kken\u0151mentes integr\u00e1ci\u00f3 \u00e9rdek\u00e9ben<\/li>\n<\/ul>\n<p data-start=\"1461\" data-end=\"1562\">\ud83d\udcf8 <strong data-start=\"1464\" data-end=\"1480\">Val\u00f3di fot\u00f3k:<\/strong> Az adatlapon szerepl\u0151 k\u00e9pek pontosan azt a t\u00e9telt mutatj\u00e1k, amelyet \u00d6n kap \u2013 nincs meglepet\u00e9s!<\/p>\n<p data-start=\"1564\" data-end=\"1718\">\u2753 <strong data-start=\"1566\" data-end=\"1580\">Seg\u00edts\u00e9gre van sz\u00fcks\u00e9ge?<\/strong> B\u00e1r nem adunk telep\u00edt\u00e9si utas\u00edt\u00e1sokat, nyugodtan <strong data-start=\"1644\" data-end=\"1658\">\u00fczenjen nek\u00fcnk<\/strong> a v\u00e1s\u00e1rl\u00e1s el\u0151tt vagy ut\u00e1n.<\/strong><\/p>\n<p data-start=\"1720\" data-end=\"1852\">\ud83d\udce6 <strong data-start=\"1723\" data-end=\"1751\">Gyors sz\u00e1ll\u00edt\u00e1s a vil\u00e1g minden pontj\u00e1ra!<\/strong> Ezzel a <strong data-start=\"1801\" data-end=\"1849\"\">j\u00f3 min\u0151s\u00e9g\u0171 USB<\/strong> audio<\/p>\n<p> USB-k\u00e1rty\u00e1val<\/strong> cser\u00e9lje ki laptopj\u00e1t, mint \u00fajat!<\/p>\n","protected":false},"excerpt":{"rendered":"<p>Eredeti <strong data-start=\"339\" data-end=\"401\">Dell Latitude E6410 USB audio LAN k\u00e1rtya (LS-5472P, 0N3R3T)<\/strong>. T\u00f6k\u00e9letes csere a hib\u00e1s k\u00e1rty\u00e1hoz, biztos\u00edtva a z\u00f6kken\u0151mentes USB-, audio- \u00e9s LAN-csatlakoz\u00e1st. <strong data-start=\"495\" data-end=\"542\">Val\u00f3di fot\u00f3k \u2013 amit l\u00e1tsz, azt kapod!<\/strong><\/p>\n","protected":false},"featured_media":11162,"template":"","meta":[],"product_brand":[],"product_cat":[27],"product_tag":[17],"class_list":{"0":"post-11111","1":"product","2":"type-product","3":"status-publish","4":"has-post-thumbnail","6":"product_cat-motherboards-board-parts","7":"product_tag-dell","9":"first","10":"instock","11":"taxable","12":"shipping-taxable","13":"purchasable","14":"product-type-simple"},"_links":{"self":[{"href":"https:\/\/boreait.com\/hu\/wp-json\/wp\/v2\/product\/11111","targetHints":{"allow":["GET"]}}],"collection":[{"href":"https:\/\/boreait.com\/hu\/wp-json\/wp\/v2\/product"}],"about":[{"href":"https:\/\/boreait.com\/hu\/wp-json\/wp\/v2\/types\/product"}],"wp:featuredmedia":[{"embeddable":true,"href":"https:\/\/boreait.com\/hu\/wp-json\/wp\/v2\/media\/11162"}],"wp:attachment":[{"href":"https:\/\/boreait.com\/hu\/wp-json\/wp\/v2\/media?parent=11111"}],"wp:term":[{"taxonomy":"product_brand","embeddable":true,"href":"https:\/\/boreait.com\/hu\/wp-json\/wp\/v2\/product_brand?post=11111"},{"taxonomy":"product_cat","embeddable":true,"href":"https:\/\/boreait.com\/hu\/wp-json\/wp\/v2\/product_cat?post=11111"},{"taxonomy":"product_tag","embeddable":true,"href":"https:\/\/boreait.com\/hu\/wp-json\/wp\/v2\/product_tag?post=11111"}],"curies":[{"name":"wp","href":"https:\/\/api.w.org\/{rel}","templated":true}]}}