{"id":11110,"date":"2025-09-17T13:11:05","date_gmt":"2025-09-17T11:11:05","guid":{"rendered":"https:\/\/boreait.com\/hu\/?post_type=product&#038;p=11110"},"modified":"2025-09-17T13:12:39","modified_gmt":"2025-09-17T11:12:39","slug":"bulk-hynix-2-x-2gb-2rx8-pc3-10600s-ddr3-1333mhz-laptop-ram-tesztelt-es-mukodik","status":"publish","type":"product","link":"https:\/\/boreait.com\/hu\/termek\/bulk-hynix-2-x-2gb-2rx8-pc3-10600s-ddr3-1333mhz-laptop-ram-tesztelt-es-mukodik\/","title":{"rendered":"BULK Hynix 2 x 2GB 2Rx8 PC3-10600S DDR3 1333MHz laptop RAM \u2013 tesztelt \u00e9s m\u0171k\u00f6dik"},"content":{"rendered":"<p data-start=\"541\" data-end=\"817\">Fokozza laptopja teljes\u00edtm\u00e9ny\u00e9t ezzel a <strong data-start=\"583\" data-end=\"648\">Hynix 2GB DDR3 1333MHz RAM modullal (PC3-10600S, 2Rx8, 9-10-F2)<\/strong>. Ak\u00e1r hib\u00e1s botot cser\u00e9l, ak\u00e1r rendszer\u00e9t friss\u00edti, ez a kiv\u00e1l\u00f3 min\u0151s\u00e9g\u0171 <strong data-start=\"734\" data-end=\"758\">laptop mem\u00f3riamodul<\/strong> z\u00f6kken\u0151mentes t\u00f6bbfeladatos munkav\u00e9gz\u00e9st \u00e9s fokozott v\u00e1laszk\u00e9szs\u00e9get biztos\u00edt.<\/p>\n<p data-start=\"819\" data-end=\"1250\">\ud83d\udd39 <strong data-start=\"822\" data-end=\"839\">F\u0151bb jellemz\u0151k:<\/strong><br data-start=\"839\" data-end=\"842\" \/>\u2714 <strong data-start=\"844\" data-end=\"860\">Brand: \u00e9s Trustability<\/strong> megb\u00edzhat\u00f3s\u00e1g<br data-start=\"901\" data-end=\"904\" \/>\u2714 <strong data-start=\"906\" data-end=\"923\">Kapacit\u00e1s: 2 GB (2 modul)<\/strong> \u2013 Ide\u00e1lis alapvet\u0151 sz\u00e1m\u00edt\u00e1stechnik\u00e1hoz \u00e9s t\u00f6bbfeladatos munkav\u00e9gz\u00e9shez<br data-start=\"968\" data-end=\"971\" \/>-start9 <strong data-start=\"906\" data-end=\"971\" \/>-s data-end=&#8221;994&#8243;>T\u00edpus: DDR3 SODIMM<\/strong> \u2013 Standard laptop mem\u00f3riamodul<br data-start=\"1026\" data-end=\"1029\" \/>\u2714 <strong data-start=\"1031\" data-end=\"1062\">Sebess\u00e9g: 1333 MHz (PC3-1060 hat\u00e9kony teljes\u00edtm\u00e9ny) adatok data-end=&#8221;1209&#8243;>Teljes m\u00e9rt\u00e9kben tesztelt &amp; M\u0171k\u00f6d\u0151<\/strong> \u2013 k\u00e9szen \u00e1ll a plug-and-play telep\u00edt\u00e9sre<\/p>\n<p data-start=\"1252\" data-end=\"1275\">\ud83d\udca1 <strong data-start=\"1255\" data-end=\"1273\">Kompatibilit\u00e1s:<\/strong><\/p>\n<ul data-start=\"1276\" data-end=\"1481\">\n<li data-start=\"1276\" data-end=\"1336\">Alkalmas <strong data-start=\"1305\" data-end=\"1334\">DDR3 1333MHz SODIMM b\u0151v\u00edt\u0151helyet<\/strong><\/li>\n<p> haszn\u00e1l\u00f3 laptopokhoz<\/p>\n<li data-start=\"1337\" data-end=\"1481\">Visszafel\u00e9 kompatibilis a <strong data-start=\"1364\" data-end=\"1386\">PC3-8500-val (1066 MHz)<\/strong> \u00e9s el\u0151re kompatibilis n\u00e9h\u00e1ny <strong data-start=\"1420\" data-end=\"1463\">0PC (1464)<\/strong>0>0PC-vel (1464) rendszerek (ellen\u0151rizze laptopja m\u0171szaki adatait)<\/li>\n<\/ul>\n<p data-start=\"1483\" data-end=\"1575\">\ud83d\udcf8 <strong data-start=\"1486\" data-end=\"1502\">Val\u00f3di fot\u00f3k:<\/strong> A list\u00e1ban szerepl\u0151 k\u00e9pek pontosan azt a RAM-modult mutatj\u00e1k, amelyet kapni fog.<\/p>\n<p data-start=\"1577\" data-end=\"1689\">\u2753 <strong data-start=\"1579\" data-end=\"1593\">Seg\u00edts\u00e9gre van sz\u00fcks\u00e9ge?<\/strong> Ha b\u00e1rmilyen k\u00e9rd\u00e9se van a kompatibilit\u00e1sr\u00f3l, nyugodtan <strong data-start=\"1654\" data-end=\"1668\">\u00fczenjen nek\u00fcnk<\/strong>, miel\u0151tt megv\u00e1s\u00e1roln\u00e1.<\/strong><\/p>\n<p data-start=\"1691\" data-end=\"1778\">\ud83d\udce6 <strong data-start=\"1694\" data-end=\"1722\">Gyors sz\u00e1ll\u00edt\u00e1s a vil\u00e1g minden pontj\u00e1ra!<\/strong> Friss\u00edtse laptopj\u00e1t eredeti <strong data-start=\"1756\" data-end=\"1769\">Hynix RAM-mal<\/strong> m\u00e9g ma.<\/p>\n","protected":false},"excerpt":{"rendered":"<p>N\u00f6velje laptopja teljes\u00edtm\u00e9ny\u00e9t ezzel a <strong data-start=\"348\" data-end=\"378\">Hynix 2GB DDR3 1333MHz RAM<\/strong>mal (PC3-10600S). Teljesen tesztelt \u00e9s m\u0171k\u00f6d\u0151k\u00e9pes. <strong data-start=\"419\" data-end=\"458\">Val\u00f3di fot\u00f3k \u2013 azt kapod, amit l\u00e1tsz!<\/strong><\/p>\n","protected":false},"featured_media":11161,"template":"","meta":[],"product_brand":[],"product_cat":[36],"product_tag":[],"class_list":{"0":"post-11110","1":"product","2":"type-product","3":"status-publish","4":"has-post-thumbnail","6":"product_cat-ram-memory","8":"first","9":"instock","10":"taxable","11":"shipping-taxable","12":"purchasable","13":"product-type-simple"},"_links":{"self":[{"href":"https:\/\/boreait.com\/hu\/wp-json\/wp\/v2\/product\/11110","targetHints":{"allow":["GET"]}}],"collection":[{"href":"https:\/\/boreait.com\/hu\/wp-json\/wp\/v2\/product"}],"about":[{"href":"https:\/\/boreait.com\/hu\/wp-json\/wp\/v2\/types\/product"}],"wp:featuredmedia":[{"embeddable":true,"href":"https:\/\/boreait.com\/hu\/wp-json\/wp\/v2\/media\/11161"}],"wp:attachment":[{"href":"https:\/\/boreait.com\/hu\/wp-json\/wp\/v2\/media?parent=11110"}],"wp:term":[{"taxonomy":"product_brand","embeddable":true,"href":"https:\/\/boreait.com\/hu\/wp-json\/wp\/v2\/product_brand?post=11110"},{"taxonomy":"product_cat","embeddable":true,"href":"https:\/\/boreait.com\/hu\/wp-json\/wp\/v2\/product_cat?post=11110"},{"taxonomy":"product_tag","embeddable":true,"href":"https:\/\/boreait.com\/hu\/wp-json\/wp\/v2\/product_tag?post=11110"}],"curies":[{"name":"wp","href":"https:\/\/api.w.org\/{rel}","templated":true}]}}