{"id":11109,"date":"2025-09-17T13:11:05","date_gmt":"2025-09-17T11:11:05","guid":{"rendered":"https:\/\/boreait.com\/hu\/?post_type=product&#038;p=11109"},"modified":"2025-09-17T13:12:36","modified_gmt":"2025-09-17T11:12:36","slug":"macbook-pro-a1286-a1278-merevlemez-hajlekony-kabel-eredeti-cserealkatresz","status":"publish","type":"product","link":"https:\/\/boreait.com\/hu\/termek\/macbook-pro-a1286-a1278-merevlemez-hajlekony-kabel-eredeti-cserealkatresz\/","title":{"rendered":"MacBook Pro A1286 A1278 merevlemez hajl\u00e9kony k\u00e1bel \u2013 eredeti cserealkatr\u00e9sz"},"content":{"rendered":"<p data-start=\"572\" data-end=\"661\">\ud83d\udcbb <strong data-start=\"575\" data-end=\"659\">MacBook Pro Unibody A1286 A1278 merevlemez hajl\u00e9kony k\u00e1bel \u2013 kiv\u00e1l\u00f3 min\u0151s\u00e9g\u0171 csere<\/strong><\/p>\n<p data-start=\"663\" data-end=\"947\">Ha a <strong data-start=\"671\" data-end=\"701\">MacBook Pro A1286 vagy A1278<\/strong> nem \u00e9szleli a merevlemezt, vagy rendszerind\u00edt\u00e1si hib\u00e1kat tapasztal, akkor hib\u00e1s <strong data-start=\"774\" data-end=\"779\" k\u00e1bel lehet a flex2.\">D-k\u00e1bel probl\u00e9ma<\/strong>. Ez az <strong data-start=\"818\" data-end=\"846\">eredeti cserealkatr\u00e9sz<\/strong> helyre\u00e1ll\u00edtja a megfelel\u0151 kapcsolatot a merevlemez \u00e9s az alaplap k\u00f6z\u00f6tt, megb\u00edzhat\u00f3 teljes\u00edtm\u00e9nyt biztos\u00edtva.<\/p>\n<p data-start=\"949\" data-end=\"1350\">\ud83d\udd39 <strong data-start=\"952\" data-end=\"969\">F\u0151bb jellemz\u0151k:<\/strong><br data-start=\"969\" data-end=\"972\" \/>\u2714 <strong data-start=\"974\" data-end=\"1014\">Enged\u00e9lyezhet\u0151 Apples a<\/strong>Repatible-end=&#8221;1014&#8243;>G> t\u00f6k\u00e9letes illeszked\u00e9s \u00e9s optim\u00e1lis teljes\u00edtm\u00e9ny<br data-start=\"1062\" data-end=\"1065\" \/>\u2714 <strong data-start=\"1067\" data-end=\"1104\">Jav\u00edtja a merevlemez-\u00e9szlel\u00e9si probl\u00e9m\u00e1kat<\/strong> \u2013 Megoldja a hi\u00e1nyz\u00f3 vagy nem indul\u00f3 meghajt\u00f3kat<br data-start=\"1145\" data-8\" \/strong> adatok A1278<\/strong> \u2013 V\u00e1s\u00e1rl\u00e1s el\u0151tt ellen\u0151rizze a kompatibilit\u00e1st<br data-start=\"1285\" data-end=\"1288\" \/>\u2714 <strong data-start=\"1290\" data-end=\"1320\">Plug-and-Play telep\u00edt\u00e9s<\/strong> \u2013 Nincs sz\u00fcks\u00e9g speci\u00e1lis szersz\u00e1mokra<\/p>\n<p data-start=\"1352\" data-end=\"1375\">\ud83d\udca1 <strong data-start=\"1355\" data-end=\"1373\">Kompatibilit\u00e1s:<\/strong><\/p>\n<ul data-start=\"1376\" data-end=\"1517\">\n<li data-start=\"1376\" data-end=\"1434\">Alkalmas <strong data-start=\"1383\" data-end=\"1432\">MacBook Pro Unibody 13&#8243; (A1278) \u00e9s 15&#8243; (A1286)<\/strong><\/li>\n<li data-start=\"1435\" data-end=\"1517\">M\u0171k\u00f6dik <strong data-start=\"1448\" data-end=\"1475\">SATA merevlemezekkel \u00e9s amp; SSD-k<\/strong> a megn\u00f6velt sebess\u00e9g \u00e9s t\u00e1rhelyb\u0151v\u00edt\u00e9s \u00e9rdek\u00e9ben<\/li>\n<\/ul>\n<p data-start=\"1519\" data-end=\"1640\">\ud83d\udcf8 <strong data-start=\"1522\" data-end=\"1538\">Val\u00f3di fot\u00f3k:<\/strong> Az ezen a list\u00e1n szerepl\u0151 k\u00e9pek a t\u00e9nyleges r\u00e9szb\u0151l sz\u00e1rmaznak \u2013 sem stock fot\u00f3k, sem meglepet\u00e9sek!<\/p>\n<p data-start=\"1642\" data-end=\"1760\">\u2753 <strong data-start=\"1644\" data-end=\"1658\">Seg\u00edts\u00e9gre van sz\u00fcks\u00e9ge?<\/strong> Nem adunk telep\u00edt\u00e9si utas\u00edt\u00e1sokat, de nyugodtan <strong data-start=\"1720\" data-end=\"1734\">\u00fczenjen nek\u00fcnk<\/strong>, ha seg\u00edts\u00e9gre van sz\u00fcks\u00e9ge.<\/strong><\/p>\n<p data-start=\"1762\" data-end=\"1882\">\ud83d\udce6 <strong data-start=\"1765\" data-end=\"1793\">Gyors sz\u00e1ll\u00edt\u00e1s a vil\u00e1g minden pontj\u00e1ra!<\/strong> \u00c1ll\u00edtsa vissza MacBookja funkcionalit\u00e1s\u00e1t ezzel a kiv\u00e1l\u00f3 min\u0151s\u00e9g\u0171 <strong data-start=\"1854\" data-end=\"187p><\/strong> merevlemez-k\u00e1bellel.<\/strong>&#8222;<\/p>\n","protected":false},"excerpt":{"rendered":"<p>\u00c1ll\u00edtsa vissza a MacBook t\u00e1rol\u00e1si funkci\u00f3j\u00e1t ezzel az <strong data-start=\"370\" data-end=\"403\">eredeti merevlemez hajl\u00e9kony k\u00e1bellel<\/strong> az <strong data-start=\"408\" data-end=\"440\">A1286 &amp; A1278 Unibody modellek<\/strong>et. <strong data-start=\"442\" data-end=\"489\">Val\u00f3di fot\u00f3k \u2013 amit l\u00e1tsz, azt kapod!<\/strong><\/p>\n","protected":false},"featured_media":11160,"template":"","meta":[],"product_brand":[],"product_cat":[20],"product_tag":[63],"class_list":{"0":"post-11109","1":"product","2":"type-product","3":"status-publish","4":"has-post-thumbnail","6":"product_cat-cables","7":"product_tag-apple","9":"first","10":"instock","11":"taxable","12":"shipping-taxable","13":"purchasable","14":"product-type-simple"},"_links":{"self":[{"href":"https:\/\/boreait.com\/hu\/wp-json\/wp\/v2\/product\/11109","targetHints":{"allow":["GET"]}}],"collection":[{"href":"https:\/\/boreait.com\/hu\/wp-json\/wp\/v2\/product"}],"about":[{"href":"https:\/\/boreait.com\/hu\/wp-json\/wp\/v2\/types\/product"}],"wp:featuredmedia":[{"embeddable":true,"href":"https:\/\/boreait.com\/hu\/wp-json\/wp\/v2\/media\/11160"}],"wp:attachment":[{"href":"https:\/\/boreait.com\/hu\/wp-json\/wp\/v2\/media?parent=11109"}],"wp:term":[{"taxonomy":"product_brand","embeddable":true,"href":"https:\/\/boreait.com\/hu\/wp-json\/wp\/v2\/product_brand?post=11109"},{"taxonomy":"product_cat","embeddable":true,"href":"https:\/\/boreait.com\/hu\/wp-json\/wp\/v2\/product_cat?post=11109"},{"taxonomy":"product_tag","embeddable":true,"href":"https:\/\/boreait.com\/hu\/wp-json\/wp\/v2\/product_tag?post=11109"}],"curies":[{"name":"wp","href":"https:\/\/api.w.org\/{rel}","templated":true}]}}