{"id":11108,"date":"2025-09-17T13:11:04","date_gmt":"2025-09-17T11:11:04","guid":{"rendered":"https:\/\/boreait.com\/hu\/?post_type=product&#038;p=11108"},"modified":"2025-09-17T13:12:33","modified_gmt":"2025-09-17T11:12:33","slug":"intel-core-i5-520m-240-ghz-es-cpu-eredeti-laptop-processzor-tesztelt-es-mukodo","status":"publish","type":"product","link":"https:\/\/boreait.com\/hu\/termek\/intel-core-i5-520m-240-ghz-es-cpu-eredeti-laptop-processzor-tesztelt-es-mukodo\/","title":{"rendered":"Intel Core i5-520M 2,40 GHz-es CPU \u2013 Eredeti laptop processzor, tesztelt \u00e9s m\u0171k\u00f6d\u0151"},"content":{"rendered":"<p data-start=\"563\" data-end=\"971\">Fokozza laptopja teljes\u00edtm\u00e9ny\u00e9t az <strong data-start=\"604\" data-end=\"626\">Intel Core i5-520M<\/strong> processzorral. Ez a <strong data-start=\"651\" data-end=\"675\">G1 foglalat\u00fa (rPGA988A)<\/strong> alaplapokhoz tervezett <strong data-start=\"695\" data-end=\"712\">k\u00e9tmagos CPU<\/strong> t\u00e1mogatja a <strong data-start=\"722\" data-end=\"741\" \u00e9s a <strong>multifik\u00e1ci\u00f3s<\/strong>Hyper-t. data-start=&#8221;772&#8243; data-end=&#8221;787&#8243;>Turbo Boost<\/strong> ak\u00e1r <strong data-start=\"794\" data-end=\"805\">2,93 GHz-ig<\/strong>, hogy sz\u00fcks\u00e9g eset\u00e9n extra teljes\u00edtm\u00e9nyt biztos\u00edtson. Ak\u00e1r egy r\u00e9gebbi rendszert friss\u00edt, ak\u00e1r hib\u00e1s processzort cser\u00e9l, ez az <strong data-start=\"914\" data-end=\"935\">eredeti Intel CPU<\/strong> biztos\u00edtja a <strong data-start=\"944\" data-end=\"968\">megb\u00edzhat\u00f3 teljes\u00edtm\u00e9nyt<\/strong>.<\/p>\n<p data-start=\"973\" data-end=\"1442\">\ud83d\udd39 <strong data-start=\"976\" data-end=\"993\">F\u0151bb jellemz\u0151k:<\/strong><br data-start=\"993\" data-end=\"996\" \/>\u2714 <strong data-start=\"998\" data-end=\"1020\" \">In-tel -5 Core20 &#8222;>In-tel -5 Core20 4 sz\u00e1l (Hyper-Threading)<br data-start=\"1061\" data-end=\"1064\" \/>\u2714 <strong data-start=\"1066\" data-end=\"1095\">Alap \u00f3rajel: 2,40 GHz<\/strong> \u2013 Ak\u00e1r <strong data-start=\"1061\" data-end=\"1064\" \/>\u2714 <strong data-start=\"1066\" data-end=\"1095\">Alap \u00f3rajel: 2,40 GHz<\/strong> \u2013 Ak\u00e1r <strong data-start=\"1061\" data-end=\"12-111111 GHz\" data-start=\"1122\" data-end=\"1125\" \/>\u2714 <strong data-start=\"1127\" data-end=\"1146\">3 MB intelligens gyors\u00edt\u00f3t\u00e1r<\/strong> \u2013 Gyorsabb hozz\u00e1f\u00e9r\u00e9s a gyakran haszn\u00e1lt adatokhoz<br data-start=\"1186\" data-end=\"1189\" \/>\u2714 <strong data-start=\"1127\" data-end=\"1146\">Inttel1&#8243;22&#8243;>Boostel=&#8221;191&#8243; data=&#8221;3Intel1&#8243;22&#8243;>Inttel=&#8221;191&#8243; data=&#8221;3Intel1&#8243;22&#8243;>Inttel191&#8243; data=&#8221;1146&#8243;> Technol\u00f3gia<\/strong> \u2013 Sz\u00fcks\u00e9g eset\u00e9n n\u00f6veli az \u00f3rajelet<br data-start=\"1259\" data-end=\"1262\" \/>\u2714 <strong data-start=\"1264\" data-end=\"1302\">G1 (rPGA988A) aljzattal val\u00f3 kompatibilit\u00e1s<\/strong> \u2013 Gy\u0151z\u0151dj\u00f6n meg arr\u00f3l, hogy az alaplap t\u00e1mogatja azt. <strong data-start=\"1345\" data-end=\"1372\">Energiatakar\u00e9kos 35 W-os TDP<\/strong> \u2013 Ide\u00e1lis a teljes\u00edtm\u00e9ny \u00e9s a hat\u00e9konys\u00e1g egyens\u00faly\u00e1t ig\u00e9nyl\u0151 laptopokhoz<\/p>\n<p data-start=\"1444\" data-end=\"1467\">\ud83d\udca1 <strong data-start=\"1447\" data-end=\"1465\">Kompatibilit\u00e1s:<\/strong><\/p>\n<ul data-start=\"1468\" data-end=\"1591\">\n<li data-start=\"1468\" data-end=\"1534\">Kompatibilis <strong data-start=\"1486\" data-end=\"1532\">k\u00fcl\u00f6nf\u00e9le, Socket G1 (rPGA988A) csatlakoz\u00f3t haszn\u00e1l\u00f3 laptopokkal<\/strong><\/li>\n<li data-start=\"1535\" data-end=\"1591\">V\u00e1s\u00e1rl\u00e1s el\u0151tt ellen\u0151rizze laptopja m\u0171szaki adatait<\/li>\n<\/ul>\n<p data-start=\"1593\" data-end=\"1698\">\ud83d\udcf8 <strong data-start=\"1596\" data-end=\"1612\">Val\u00f3di fot\u00f3k:<\/strong> A list\u00e1ban szerepl\u0151 elem a <strong data-start=\"1644\" data-end=\"1680\">pontos processzor<\/strong> \u2013 nem fog meglepet\u00e9st kapni.<\/strong><\/p>\n<p data-start=\"1700\" data-end=\"1822\">\u2753 <strong data-start=\"1702\" data-end=\"1716\">Seg\u00edts\u00e9gre van sz\u00fcks\u00e9ge?<\/strong> Nem adunk telep\u00edt\u00e9si utas\u00edt\u00e1sokat, de ha b\u00e1rmilyen k\u00e9rd\u00e9se van, nyugodtan \u00edrjon <strong data-start=\"1805\" data-end=\"1819\" data-end=\"1819\"<\/strong>ge.<\/p>\n<p data-start=\"1824\" data-end=\"1946\">\ud83d\udce6 <strong data-start=\"1827\" data-end=\"1855\">Gyors sz\u00e1ll\u00edt\u00e1s az eg\u00e9sz vil\u00e1gon!<\/strong> Ezzel a <strong data-start=\"1899\" data-end=\"1943\">tesztelt \u00e9s amp; m\u0171k\u00f6d\u0151 Intel Core i5 processzor<\/strong>.<\/p>\n","protected":false},"excerpt":{"rendered":"<p>Friss\u00edtse laptopj\u00e1t az <strong data-start=\"322\" data-end=\"362\">Intel Core i5-520M 2,40 GHz-es processzorral<\/strong>. Megb\u00edzhat\u00f3, k\u00e9tmagos <strong data-start=\"386\" data-end=\"393\">CPU<\/strong> <strong data-start=\"399\" data-end=\"434\">Hyper-Threading \u00e9s Turbo Boost<\/strong> funkci\u00f3val a jobb teljes\u00edtm\u00e9ny \u00e9rdek\u00e9ben. <strong data-start=\"459\" data-end=\"480\">Tesztelt \u00e9s amp; m\u0171k\u00f6dik!<\/strong><\/p>\n","protected":false},"featured_media":11159,"template":"","meta":[],"product_brand":[],"product_cat":[39],"product_tag":[],"class_list":{"0":"post-11108","1":"product","2":"type-product","3":"status-publish","4":"has-post-thumbnail","6":"product_cat-processors-cpu","8":"first","9":"instock","10":"taxable","11":"shipping-taxable","12":"purchasable","13":"product-type-simple"},"_links":{"self":[{"href":"https:\/\/boreait.com\/hu\/wp-json\/wp\/v2\/product\/11108","targetHints":{"allow":["GET"]}}],"collection":[{"href":"https:\/\/boreait.com\/hu\/wp-json\/wp\/v2\/product"}],"about":[{"href":"https:\/\/boreait.com\/hu\/wp-json\/wp\/v2\/types\/product"}],"wp:featuredmedia":[{"embeddable":true,"href":"https:\/\/boreait.com\/hu\/wp-json\/wp\/v2\/media\/11159"}],"wp:attachment":[{"href":"https:\/\/boreait.com\/hu\/wp-json\/wp\/v2\/media?parent=11108"}],"wp:term":[{"taxonomy":"product_brand","embeddable":true,"href":"https:\/\/boreait.com\/hu\/wp-json\/wp\/v2\/product_brand?post=11108"},{"taxonomy":"product_cat","embeddable":true,"href":"https:\/\/boreait.com\/hu\/wp-json\/wp\/v2\/product_cat?post=11108"},{"taxonomy":"product_tag","embeddable":true,"href":"https:\/\/boreait.com\/hu\/wp-json\/wp\/v2\/product_tag?post=11108"}],"curies":[{"name":"wp","href":"https:\/\/api.w.org\/{rel}","templated":true}]}}