{"id":11101,"date":"2025-09-17T13:10:40","date_gmt":"2025-09-17T11:10:40","guid":{"rendered":"https:\/\/boreait.com\/hu\/?post_type=product&#038;p=11101"},"modified":"2025-09-17T13:12:31","modified_gmt":"2025-09-17T11:12:31","slug":"macbook-pro-a1286-a1278-dc-in-power-jack-board-820-2565-eredeti-laptop-alkatresz","status":"publish","type":"product","link":"https:\/\/boreait.com\/hu\/termek\/macbook-pro-a1286-a1278-dc-in-power-jack-board-820-2565-eredeti-laptop-alkatresz\/","title":{"rendered":"MacBook Pro A1286 A1278 DC-In Power Jack Board 820-2565 \u2013 Eredeti laptop alkatr\u00e9sz"},"content":{"rendered":"<p data-start=\"623\" data-end=\"698\"><strong data-start=\"626\" data-end=\"696\">Eredeti MacBook Pro A1286 A1278 DC-In Power Jack Board (820-2565-)<\/strong><\/p>\n<p data-start=\"700\" data-end=\"976\">Ha a <strong data-start=\"708\" data-end=\"747\">MacBook Pro Unibody (A1286 \/ A1278)<\/strong> probl\u00e9m\u00e1ba \u00fctk\u00f6zik a t\u00f6lt\u00e9s vagy az \u00e1ramforr\u00e1shoz val\u00f3 csatlakoz\u00e1s sor\u00e1n, akkor ez a <strong data-start=\"804\"\">DC-ind=&#8221;842&#8243;>DC-power jack k\u00e1rtya A (820-2565-)<\/strong> t\u00f6k\u00e9letes helyettes\u00edt\u0151je. Ez az eredeti <strong data-start=\"885\" data-end=\"906\">Apple laptop alkatr\u00e9sz<\/strong> vissza\u00e1ll\u00edtja a <strong data-start=\"918\" data-end=\"958\">megb\u00edzhat\u00f3 \u00e9s biztons\u00e1gos t\u00e1pell\u00e1t\u00e1st<\/strong> az eszk\u00f6z\u00f6n.<\/p>\n<p data-start=\"978\" data-end=\"1358\">\ud83d\udd39 <strong data-start=\"981\" data-end=\"998\">F\u0151bb jellemz\u0151k:<\/strong><br data-start=\"998\" data-end=\"1001\" \/>\u2714 <strong data-start=\"1003\" data-end=\"1003\" data-end=\"102 Enpatine Apples Partures\">G=&#8221;102 Enpatine 5 Partures&#8221;> &amp; teljes\u00edtm\u00e9ny<br data-start=\"1071\" data-end=\"1074\" \/>\u2714 <strong data-start=\"1076\" data-end=\"1096\">Modell: 820-2565-<\/strong> \u2013 Kompatibilis a MacBook Pro rendszerrel <strong data-start=\"1127\" data-end=\"1144 &#038;\">A128 A1278<\/strong><br data-start=\"1144\" data-end=\"1147\" \/>\u2714 <strong data-start=\"1149\" data-end=\"1174\">Jav\u00edtja a t\u00f6lt\u00e9si probl\u00e9m\u00e1kat<\/strong> \u2013 Kicser\u00e9li a hib\u00e1s vagy nem m\u0171k\u00f6d\u0151 t\u00e1pcsatlakoz\u00f3kat.<br data-start=\"1219\" data-end=\"1219\"2-end\" \/> adatok Tesztelve<\/strong> \u2013 Hosszan tart\u00f3 teljes\u00edtm\u00e9nyt biztos\u00edt<\/p>\n<p data-start=\"1360\" data-end=\"1383\">\ud83d\udca1 <strong data-start=\"1363\" data-end=\"1381\">Kompatibilit\u00e1s:<\/strong><\/p>\n<ul data-start=\"1384\" data-end=\"1544\">\n<li data-start=\"1384\" data-end=\"1471\">Alkalmas a <strong data-start=\"1391\" data-end=\"1430\">MacBook Pro A1286 (15 h\u00fcvelykes Unibody)<\/strong> \u00e9s a <strong data-start=\"1435\" data-end=\"1462\" (1462\">A127-es Unibody<\/><\/>) modellekhez\n<li data-start=\"1472\" data-end=\"1544\">Rendel\u00e9s el\u0151tt ellen\u0151rizze az aktu\u00e1lis <strong data-start=\"1493\" data-end=\"1526\">DC-in k\u00e1rtyamodellj\u00e9t (820-2565-)<\/strong>.<\/li>\n<\/ul>\n<p data-start=\"1546\" data-end=\"1648\">\ud83d\udcf8 <strong data-start=\"1549\" data-end=\"1565\">Val\u00f3di fot\u00f3k:<\/strong> Az adatlapon szerepl\u0151 k\u00e9pek azt mutatj\u00e1k, hogy milyen r\u00e9szt kapsz \u2013 nincs meglepet\u00e9s!<\/p>\n<p data-start=\"1650\" data-end=\"1790\">\u2753 <strong data-start=\"1652\" data-end=\"1672\">Seg\u00edts\u00e9gre van sz\u00fcks\u00e9ge?<\/strong> B\u00e1r a telep\u00edt\u00e9si utas\u00edt\u00e1sokat nem tartalmazza, a v\u00e1s\u00e1rl\u00e1s el\u0151tt <strong data-start=\"1730\" data-end=\"1744\">p vagy \u00fczenetet k\u00fcldhet nek\u00fcnk<\/strong>.<\/strong><\/p>\n<p data-start=\"1792\" data-end=\"1902\">\ud83d\udce6 <strong data-start=\"1795\" data-end=\"1823\">Gyors kisz\u00e1ll\u00edt\u00e1s a vil\u00e1g minden pontj\u00e1ra!<\/strong> Szerezze meg <strong data-start=\"1833\" data-end=\"1865\">MacBook Pro t\u00e1pell\u00e1t\u00e1s\u00e1t \u00e9s<\/strong> gyorsan kisz\u00e1ll\u00edt\u00e1ssal.<\/p>\n","protected":false},"excerpt":{"rendered":"<p>Cser\u00e9lje ki a s\u00e9r\u00fclt <strong data-start=\"357\" data-end=\"419\">MacBook Pro A1286 A1278 egyen\u00e1ram\u00fa t\u00e1pcsatlakoz\u00f3 k\u00e1rty\u00e1t (820-2565-)<\/strong> erre az <strong data-start=\"430\" data-end=\"458\">eredeti cserealkatr\u00e9szre<\/strong>. Biztos\u00edtja a stabil t\u00e1pcsatlakoz\u00e1st. <strong data-start=\"493\" data-end=\"540\">Val\u00f3di fot\u00f3k \u2013 amit l\u00e1tsz, azt kapod!<\/strong><\/p>\n","protected":false},"featured_media":11158,"template":"","meta":[],"product_brand":[],"product_cat":[27],"product_tag":[],"class_list":{"0":"post-11101","1":"product","2":"type-product","3":"status-publish","4":"has-post-thumbnail","6":"product_cat-motherboards-board-parts","8":"first","9":"instock","10":"taxable","11":"shipping-taxable","12":"purchasable","13":"product-type-simple"},"_links":{"self":[{"href":"https:\/\/boreait.com\/hu\/wp-json\/wp\/v2\/product\/11101","targetHints":{"allow":["GET"]}}],"collection":[{"href":"https:\/\/boreait.com\/hu\/wp-json\/wp\/v2\/product"}],"about":[{"href":"https:\/\/boreait.com\/hu\/wp-json\/wp\/v2\/types\/product"}],"wp:featuredmedia":[{"embeddable":true,"href":"https:\/\/boreait.com\/hu\/wp-json\/wp\/v2\/media\/11158"}],"wp:attachment":[{"href":"https:\/\/boreait.com\/hu\/wp-json\/wp\/v2\/media?parent=11101"}],"wp:term":[{"taxonomy":"product_brand","embeddable":true,"href":"https:\/\/boreait.com\/hu\/wp-json\/wp\/v2\/product_brand?post=11101"},{"taxonomy":"product_cat","embeddable":true,"href":"https:\/\/boreait.com\/hu\/wp-json\/wp\/v2\/product_cat?post=11101"},{"taxonomy":"product_tag","embeddable":true,"href":"https:\/\/boreait.com\/hu\/wp-json\/wp\/v2\/product_tag?post=11101"}],"curies":[{"name":"wp","href":"https:\/\/api.w.org\/{rel}","templated":true}]}}