{"id":11100,"date":"2025-09-17T13:10:40","date_gmt":"2025-09-17T11:10:40","guid":{"rendered":"https:\/\/boreait.com\/hu\/?post_type=product&#038;p=11100"},"modified":"2026-02-08T08:34:16","modified_gmt":"2026-02-08T07:34:16","slug":"macbook-pro-a1286-a1278-wifi-antenna-056-2666-a-eredeti-apple-laptop-alkatresz","status":"publish","type":"product","link":"https:\/\/boreait.com\/hu\/termek\/macbook-pro-a1286-a1278-wifi-antenna-056-2666-a-eredeti-apple-laptop-alkatresz\/","title":{"rendered":"MacBook Pro A1286 A1278 WiFi antenna 056-2666-A \u2013 Eredeti Apple laptop alkatr\u00e9sz"},"content":{"rendered":"<p data-start=\"600\" data-end=\"905\">Gondoskodjon <strong data-start=\"607\" data-end=\"646\">er\u0151s \u00e9s stabil Wi-Fi-kapcsolatr\u00f3l<\/strong> ezzel az <strong data-start=\"657\" data-end=\"703\">eredeti Apple 056-2666-A WiFi\/WLAN-s, <strong>7 data<\/strong>-ra tervezett antenn\u00e1val<\/strong>. data-end=&#8221;755&#8243;>MacBook Pro Unibody A1286 &amp; A1278<\/strong>modellek. Ha laptopja <strong data-start=\"795\" data-end=\"833\">gyenge jelet vagy kapcsolati cs\u00f6kken\u00e9st<\/strong> tapasztal, ez a cserealkatr\u00e9sz vissza\u00e1ll\u00edtja az <strong data-start=\"870\" data-end=\"902\">optim\u00e1lis vezet\u00e9k n\u00e9lk\u00fcli teljes\u00edtm\u00e9nyt<\/strong>.<\/p>\n<p data-start=\"907\" data-end=\"1325\">\ud83d\udd39 <strong data-start=\"910\" data-end=\"927\">F\u0151bb jellemz\u0151k:<\/strong><br data-start=\"927\" data-end=\"930\" \/>\u2714 <strong data-start=\"932\" data-end=\"955\" data-end=\"955\"> adatok \/>\u2714 <strong data-start=\"1090\" data-end=\"1135\">Kompatibilis a MacBook Pro A1286 &amp; A1278<\/strong> \u2013 V\u00e1s\u00e1rl\u00e1s el\u0151tt ellen\u0151rizze a modellt<br data-start=\"1170\" data-end=\"1173\" \/>\u2714 <strong data-start=\"1175\" data-end=\"1194\">K\u00f6nnyen telep\u00edthet\u0151<\/strong> \u2013 K\u00f6zvetlen csere a hib\u00e1s vagy s\u00e9r\u00fclt antenn\u00e1khoz<br data-start=\"1246\" data-end=\"1246\" data-9\" \/> data-start=&#8221;1251&#8243; data-end=&#8221;1275&#8243;>WLAN-k\u00e1beleket tartalmaz<\/strong> \u2013 z\u00f6kken\u0151mentes integr\u00e1ci\u00f3t biztos\u00edt laptopj\u00e1val<\/p>\n<p data-start=\"1327\" data-end=\"1350\">\ud83d\udca1 <strong data-start=\"1330\" data-end=\"1348\">Kompatibilit\u00e1s:<\/strong><\/p>\n<ul data-start=\"1351\" data-end=\"1476\">\n<li data-start=\"1351\" data-end=\"1394\"><strong data-start=\"1353\" data-end=\"1392\">MacBook Pro A1286 (15 h\u00fcvelykes unibody)<\/strong><\/li>\n<li data-start=\"1395\" data-end=\"1438\"><strong data-start=\"1397\" data-end=\"1436\">MacBook Pro A1278 (13 h\u00fcvelykes unibody)<\/strong><\/li>\n<li data-start=\"1439\" data-end=\"1476\"><strong data-start=\"1441\" data-end=\"1463\">Apple cikksz\u00e1m:<\/strong> 056-2666-A<\/li>\n<\/ul>\n<p data-start=\"1478\" data-end=\"1585\">\ud83d\udcf8 <strong data-start=\"1481\" data-end=\"1497\">Val\u00f3di fot\u00f3k:<\/strong> A list\u00e1n szerepl\u0151 k\u00e9pek a t\u00e9nyleges term\u00e9kr\u0151l k\u00e9sz\u00fcltek, amelyet \u00d6n kap \u2013 nincs meglepet\u00e9s!<\/p>\n<p data-start=\"1587\" data-end=\"1741\">\u2753 <strong data-start=\"1589\" data-end=\"1603\">Seg\u00edts\u00e9gre van sz\u00fcks\u00e9ge?<\/strong> B\u00e1r telep\u00edt\u00e9si utas\u00edt\u00e1sokat nem adunk, nyugodtan <strong data-start=\"1667\" data-end=\"1681\">\u00fczenjen nek\u00fcnk<\/strong> a v\u00e1s\u00e1rl\u00e1s el\u0151tt vagy ut\u00e1n.<\/strong><\/p>\n<p data-start=\"1743\" data-end=\"1882\">\ud83d\udce6 <strong data-start=\"1746\" data-end=\"1774\">Gyors sz\u00e1ll\u00edt\u00e1s a vil\u00e1g minden pontj\u00e1ra!<\/strong> Szerezze be <strong data-start=\"1784\" data-end=\"1812\">MacBook Pro WiFi antenn\u00e1j\u00e1t<\/strong> gyorsan sz\u00e1ll\u00edtva8-1&#8243; data-end=&#8221;1873&#8243;>jobb vezet\u00e9k n\u00e9lk\u00fcli kapcsolat<\/strong> ism\u00e9t.<\/p>\n","protected":false},"excerpt":{"rendered":"<p>Cser\u00e9lje ki a s\u00e9r\u00fclt vagy gyenge <strong data-start=\"359\" data-end=\"380\">WiFi\/WLAN antenn\u00e1t<\/strong> erre az eredeti <strong data-start=\"399\" data-end=\"427\">Apple 056-2666-A antenn\u00e1ra<\/strong> a <strong data-start=\"439\" data-end=\"380\">Macamp=&#8221;432&#8243; data-end; A1278<\/strong>modellek. <strong data-start=\"470\" data-end=\"517\">Val\u00f3di fot\u00f3k \u2013 amit l\u00e1tsz, azt kapod!<\/strong><\/p>\n","protected":false},"featured_media":11157,"template":"","meta":[],"product_brand":[],"product_cat":[33],"product_tag":[63],"class_list":{"0":"post-11100","1":"product","2":"type-product","3":"status-publish","4":"has-post-thumbnail","6":"product_cat-cpu-fans-heatsinks","7":"product_tag-apple","9":"first","10":"instock","11":"taxable","12":"shipping-taxable","13":"purchasable","14":"product-type-simple"},"_links":{"self":[{"href":"https:\/\/boreait.com\/hu\/wp-json\/wp\/v2\/product\/11100","targetHints":{"allow":["GET"]}}],"collection":[{"href":"https:\/\/boreait.com\/hu\/wp-json\/wp\/v2\/product"}],"about":[{"href":"https:\/\/boreait.com\/hu\/wp-json\/wp\/v2\/types\/product"}],"wp:featuredmedia":[{"embeddable":true,"href":"https:\/\/boreait.com\/hu\/wp-json\/wp\/v2\/media\/11157"}],"wp:attachment":[{"href":"https:\/\/boreait.com\/hu\/wp-json\/wp\/v2\/media?parent=11100"}],"wp:term":[{"taxonomy":"product_brand","embeddable":true,"href":"https:\/\/boreait.com\/hu\/wp-json\/wp\/v2\/product_brand?post=11100"},{"taxonomy":"product_cat","embeddable":true,"href":"https:\/\/boreait.com\/hu\/wp-json\/wp\/v2\/product_cat?post=11100"},{"taxonomy":"product_tag","embeddable":true,"href":"https:\/\/boreait.com\/hu\/wp-json\/wp\/v2\/product_tag?post=11100"}],"curies":[{"name":"wp","href":"https:\/\/api.w.org\/{rel}","templated":true}]}}