{"id":11099,"date":"2025-09-17T13:10:39","date_gmt":"2025-09-17T11:10:39","guid":{"rendered":"https:\/\/boreait.com\/hu\/?post_type=product&#038;p=11099"},"modified":"2026-02-08T08:33:58","modified_gmt":"2026-02-08T07:33:58","slug":"apple-macbook-pro-a1278-csuklopantok-eredeti-13-pro71-kepernyopant-keszlet","status":"publish","type":"product","link":"https:\/\/boreait.com\/hu\/termek\/apple-macbook-pro-a1278-csuklopantok-eredeti-13-pro71-kepernyopant-keszlet\/","title":{"rendered":"Apple MacBook Pro A1278 csukl\u00f3p\u00e1ntok \u2013 Eredeti 13&#8243; PRO7,1 k\u00e9perny\u0151p\u00e1nt k\u00e9szlet"},"content":{"rendered":"<p data-start=\"578\" data-end=\"855\">Jav\u00edtsa ki <strong data-start=\"587\" data-end=\"628\">MacBook Pro A1278 k\u00e9perny\u0151p\u00e1nt-probl\u00e9m\u00e1it<\/strong> ezzel az <strong data-start=\"639\" data-end=\"660\">eredeti Mac zsan\u00e9rk\u00e9szlettel<\/strong>, amelyet kifejezetten a <strong data-start=\"587\" data-end=\"628\">MacBook Pro A1278 k\u00e9perny\u0151p\u00e1nt k\u00e9szlettel<\/strong> fejlesztettek ki, kifejezetten a <strong data-start=\"587\" data-end=\"628\">MacBook Pro A1278-hoz 7,1 (2010-es modell)<\/strong>. Ezek az <strong data-start=\"740\" data-end=\"766\">OEM cserep\u00e1ntok<\/strong> vissza\u00e1ll\u00edtj\u00e1k a laptop k\u00e9perny\u0151j\u00e9nek stabilit\u00e1s\u00e1t, megel\u0151zve a nem k\u00edv\u00e1nt ingadoz\u00e1st vagy eltol\u00f3d\u00e1st.<\/p>\n<p data-start=\"857\" data-end=\"1239\">\ud83d\udd39 <strong data-start=\"860\" data-end=\"877\">F\u0151bb jellemz\u0151k:<\/strong><br data-start=\"877\" data-end=\"880\" \/>\u2714 <strong data-start=\"882\" data-end=\"918\">T\u00f6k\u00e9letes illeszked\u00e9s<\/strong> AppleBook Pro-hoz<\/strong>G \u2013 H adatok \/>\u2714 <strong data-start=\"1039\" data-end=\"1067\">Kiv\u00e1l\u00f3 min\u0151s\u00e9g\u0171 f\u00e9m konstrukci\u00f3<\/strong> \u2013 Tart\u00f3s \u00e9s tart\u00f3s<br data-start=\"1094\" data-end=\"1097\" \/>\u2714 <strong data-start=\"1099\" data-end=\"1119\">EM Designs<\/strong> factory \u2013 Match data-start=&#8221;1161&#8243; data-end=&#8221;1164&#8243; \/>\u2714 <strong data-start=\"1166\" data-end=\"1186\">Egyszer\u0171 csere<\/strong> \u2013 Szabv\u00e1nyos csavarbe\u00e1ll\u00edt\u00e1s az egyszer\u0171 telep\u00edt\u00e9s \u00e9rdek\u00e9ben<\/p>\n<p data-start=\"1241\" data-end=\"1264\">\ud83d\udca1 <strong data-start=\"1244\" data-end=\"1262\">Kompatibilit\u00e1s:<\/strong><\/p>\n<ul data-start=\"1265\" data-end=\"1410\">\n<li data-start=\"1265\" data-end=\"1326\"><strong data-start=\"1280\" data-end=\"1324\">Apple MacBook Pro 13&#8243; A1278-hoz (2010-es modell)<\/strong><\/li>\n<li data-start=\"1327\" data-end=\"1410\">Kompatibilis a <strong data-start=\"1345\" data-end=\"1364\">MacBook Pro 7,1<\/strong> sorozattal (V\u00e1s\u00e1rl\u00e1s el\u0151tt ellen\u0151rizze a modellt)<\/li>\n<\/ul>\n<p data-start=\"1412\" data-end=\"1513\">\ud83d\udcf8 <strong data-start=\"1415\" data-end=\"1431\">Val\u00f3di fot\u00f3k:<\/strong> Az adatlapon szerepl\u0151 k\u00e9pek pontosan azt a t\u00e9telt mutatj\u00e1k, amelyet \u00d6n kap \u2013 nincs meglepet\u00e9s!<\/p>\n<p data-start=\"1515\" data-end=\"1669\">\u2753 <strong data-start=\"1517\" data-end=\"1531\">Seg\u00edts\u00e9gre van sz\u00fcks\u00e9ge?<\/strong> B\u00e1r telep\u00edt\u00e9si utas\u00edt\u00e1sokat nem adunk, nyugodtan <strong data-start=\"1595\" data-end=\"1609\">\u00fczenjen nek\u00fcnk<\/strong> a v\u00e1s\u00e1rl\u00e1s el\u0151tt vagy ut\u00e1n.<\/strong><\/p>\n<p data-start=\"1671\" data-end=\"1795\">\ud83d\udce6 <strong data-start=\"1674\" data-end=\"1702\">Gyors sz\u00e1ll\u00edt\u00e1s a vil\u00e1g minden pontj\u00e1ra!<\/strong> Hozd vissza MacBook Pro-j\u00e1t t\u00f6k\u00e9letes \u00e1llapotba ezekkel a <strong data-start=\"1757\" data-end=\"1792\" csere<\/p>\n<p> kiv\u00e1l\u00f3 min\u0151s\u00e9g\u0171 zsan\u00e9rokkal<\/strong><\/p>\n","protected":false},"excerpt":{"rendered":"<p>Cser\u00e9lje ki az elhaszn\u00e1l\u00f3dott vagy meglazult zsan\u00e9rokat ezzel az <strong data-start=\"340\" data-end=\"389\">eredeti Apple MacBook Pro 7,1 A1278 zsan\u00e9rk\u00e9szlettel<\/strong>. A <strong data-start=\"404\" data-end=\"422\">13 h\u00fcvelykes modellekhez<\/strong> tervezt\u00e9k, t\u00f6k\u00e9letes illeszked\u00e9st biztos\u00edtva. <strong data-start=\"448\" data-end=\"495\">Val\u00f3di fot\u00f3k \u2013 amit l\u00e1tsz, azt kapod!<\/strong><\/p>\n","protected":false},"featured_media":11156,"template":"","meta":[],"product_brand":[],"product_cat":[19],"product_tag":[63],"class_list":{"0":"post-11099","1":"product","2":"type-product","3":"status-publish","4":"has-post-thumbnail","6":"product_cat-screen-hinge","7":"product_tag-apple","9":"first","10":"instock","11":"taxable","12":"shipping-taxable","13":"purchasable","14":"product-type-simple"},"_links":{"self":[{"href":"https:\/\/boreait.com\/hu\/wp-json\/wp\/v2\/product\/11099","targetHints":{"allow":["GET"]}}],"collection":[{"href":"https:\/\/boreait.com\/hu\/wp-json\/wp\/v2\/product"}],"about":[{"href":"https:\/\/boreait.com\/hu\/wp-json\/wp\/v2\/types\/product"}],"wp:featuredmedia":[{"embeddable":true,"href":"https:\/\/boreait.com\/hu\/wp-json\/wp\/v2\/media\/11156"}],"wp:attachment":[{"href":"https:\/\/boreait.com\/hu\/wp-json\/wp\/v2\/media?parent=11099"}],"wp:term":[{"taxonomy":"product_brand","embeddable":true,"href":"https:\/\/boreait.com\/hu\/wp-json\/wp\/v2\/product_brand?post=11099"},{"taxonomy":"product_cat","embeddable":true,"href":"https:\/\/boreait.com\/hu\/wp-json\/wp\/v2\/product_cat?post=11099"},{"taxonomy":"product_tag","embeddable":true,"href":"https:\/\/boreait.com\/hu\/wp-json\/wp\/v2\/product_tag?post=11099"}],"curies":[{"name":"wp","href":"https:\/\/api.w.org\/{rel}","templated":true}]}}