{"id":11098,"date":"2025-09-17T13:10:39","date_gmt":"2025-09-17T11:10:39","guid":{"rendered":"https:\/\/boreait.com\/hu\/?post_type=product&#038;p=11098"},"modified":"2026-02-08T08:33:41","modified_gmt":"2026-02-08T07:33:41","slug":"apple-macbook-pro-71-a1278-hangszorok-bal-es-jobb-oldali-keszlet-eredeti-alkatresz","status":"publish","type":"product","link":"https:\/\/boreait.com\/hu\/termek\/apple-macbook-pro-71-a1278-hangszorok-bal-es-jobb-oldali-keszlet-eredeti-alkatresz\/","title":{"rendered":"Apple MacBook Pro 7,1 A1278 hangsz\u00f3r\u00f3k \u2013 bal \u00e9s jobb oldali k\u00e9szlet \u2013 Eredeti alkatr\u00e9sz"},"content":{"rendered":"<p data-start=\"599\" data-end=\"682\"><strong data-start=\"602\" data-end=\"680\">Apple MacBook Pro 7,1 A1278 Bal &amp; Jobb oldali hangsz\u00f3r\u00f3k\u00e9szlet \u2013 Eredeti csere<\/strong><\/p>\n<p data-start=\"684\" data-end=\"900\">Kelje \u00e9letre <strong data-start=\"695\" data-end=\"729\">MacBook Pro 7,1 (A1278) laptopj\u00e1t<\/strong> ezzel az <strong data-start=\"753\" data-end=\"777\">eredeti hangsz\u00f3r\u00f3k\u00e9szlettel<\/strong>. Ha a hangsz\u00f3r\u00f3k torzak, recsegnek vagy nem m\u0171k\u00f6dnek, ez a csere vissza\u00e1ll\u00edtja a tiszta \u00e9s \u00e9les hangmin\u0151s\u00e9get.<\/p>\n<p data-start=\"902\" data-end=\"1304\">\ud83d\udd39 <strong data-start=\"905\" data-end=\"922\">F\u0151bb jellemz\u0151k:<\/strong><br data-start=\"922\" data-end=\"925\" \/>\u2714 <strong data-start=\"927\" data-end=\"949\">com \u2013 Guarantee Apple<stronguine Parted=\"949\">Garant\u00e1lt teljes\u00edtm\u00e9ny data-start=&#8221;992&#8243; data-end=&#8221;995&#8243; \/>\u2714 <strong data-start=\"997\" data-end=\"1025\">Balra &amp; Jobb oldali hangsz\u00f3r\u00f3k\u00e9szlet<\/strong> \u2013 mindk\u00e9t oldal teljes cser\u00e9je<br data-start=\"1063\" data-end=\"1066\" \/>\u2714 <strong data-start=\"1068\" data-end=\"1091\">Krist\u00e1lytiszta hang<\/strong> \u2013 Kiv\u00e1l\u00f3 min\u0151s\u00e9g\u0171 hangkimenet vissza\u00e1ll\u00edt\u00e1sa<br data-start=\"\u27141\" data =\"\/strong>1127 data-start=&#8221;1132&#8243; data-end=&#8221;1153&#8243;>OEM min\u0151s\u00e9g \u00e9s amp; Fit<\/strong> \u2013 K\u00f6zvetlen helyettes\u00edt\u0151 a z\u00f6kken\u0151mentes telep\u00edt\u00e9shez<br data-start=\"1197\" data-end=\"1200\" \/>\u2714 <strong data-start=\"1202\" data-end=\"1223\">Egyszer\u0171 telep\u00edt\u00e9s<\/strong> \u2013 MacBook Pro-hoz tervezve <strong data-start=\"1251\" data-end=\"12614\">Check,<\/strong>compatibility el\u0151tt (78,<\/strong>compatibility) v\u00e1s\u00e1rl\u00e1s)<\/p>\n<p data-start=\"1306\" data-end=\"1329\">\ud83d\udca1 <strong data-start=\"1309\" data-end=\"1327\">Kompatibilit\u00e1s:<\/strong><\/p>\n<ul data-start=\"1330\" data-end=\"1423\">\n<li data-start=\"1330\" data-end=\"1378\"><strong data-start=\"1332\" data-end=\"1376\">MacBook Pro 7,1 (A1278) \u2013 13&#8243; (2010 k\u00f6zepe)<\/strong><\/li>\n<li data-start=\"1379\" data-end=\"1423\">Az eredeti hangsz\u00f3r\u00f3k k\u00f6zvetlen cser\u00e9je<\/li>\n<\/ul>\n<p data-start=\"1425\" data-end=\"1531\">\ud83d\udcf8 <strong data-start=\"1428\" data-end=\"1444\">Val\u00f3di fot\u00f3k:<\/strong> Az adatlapon szerepl\u0151 k\u00e9pek a <strong data-start=\"1481\" data-end=\"1510\">pontos t\u00e9telt mutatj\u00e1k, amelyr\u0151l nem kapsz rakt\u00e1ri fot\u00f3kat<\/strong>.<\/strong><\/p>\n<p data-start=\"1533\" data-end=\"1649\">\u2753 <strong data-start=\"1535\" data-end=\"1549\">Seg\u00edts\u00e9gre van sz\u00fcks\u00e9ge?<\/strong> Nem adunk telep\u00edt\u00e9si utas\u00edt\u00e1sokat, de <strong data-start=\"1606\" data-end=\"1620\">\u00fczenhet nek\u00fcnk<\/strong>, ha k\u00e9rd\u00e9se van.<\/p>\n<p data-start=\"1651\" data-end=\"1765\">\ud83d\udce6 <strong data-start=\"1654\" data-end=\"1682\">Gyors sz\u00e1ll\u00edt\u00e1s a vil\u00e1g minden pontj\u00e1ra!<\/strong> Tedd \u00faj hangz\u00e1sba MacBook Pro-j\u00e1t ezzel az <strong data-start=\"1738\" data-end=\"1762\">eredeti hangsz\u00f3r\u00f3k\u00e9szlettel<\/strong>.<\/p>\n","protected":false},"excerpt":{"rendered":"<p>\u00c1ll\u00edtsa vissza a krist\u00e1lytiszta hangot ezzel az <strong data-start=\"347\" data-end=\"398\">eredeti Apple MacBook Pro 7,1 A1278 hangsz\u00f3r\u00f3k\u00e9szlettel<\/strong>. Tartalmazza a <strong data-start=\"414\" data-end=\"441\">bal \u00e9s jobb oldali hangsz\u00f3r\u00f3kat<\/strong> is a t\u00f6k\u00e9letes csere \u00e9rdek\u00e9ben. <strong data-start=\"469\" data-end=\"516\">Val\u00f3di fot\u00f3k \u2013 amit l\u00e1tsz, azt kapod!<\/strong><\/p>\n","protected":false},"featured_media":11151,"template":"","meta":[],"product_brand":[],"product_cat":[18],"product_tag":[63],"class_list":{"0":"post-11098","1":"product","2":"type-product","3":"status-publish","4":"has-post-thumbnail","6":"product_cat-laptop-speakers","7":"product_tag-apple","9":"first","10":"instock","11":"taxable","12":"shipping-taxable","13":"purchasable","14":"product-type-simple"},"_links":{"self":[{"href":"https:\/\/boreait.com\/hu\/wp-json\/wp\/v2\/product\/11098","targetHints":{"allow":["GET"]}}],"collection":[{"href":"https:\/\/boreait.com\/hu\/wp-json\/wp\/v2\/product"}],"about":[{"href":"https:\/\/boreait.com\/hu\/wp-json\/wp\/v2\/types\/product"}],"wp:featuredmedia":[{"embeddable":true,"href":"https:\/\/boreait.com\/hu\/wp-json\/wp\/v2\/media\/11151"}],"wp:attachment":[{"href":"https:\/\/boreait.com\/hu\/wp-json\/wp\/v2\/media?parent=11098"}],"wp:term":[{"taxonomy":"product_brand","embeddable":true,"href":"https:\/\/boreait.com\/hu\/wp-json\/wp\/v2\/product_brand?post=11098"},{"taxonomy":"product_cat","embeddable":true,"href":"https:\/\/boreait.com\/hu\/wp-json\/wp\/v2\/product_cat?post=11098"},{"taxonomy":"product_tag","embeddable":true,"href":"https:\/\/boreait.com\/hu\/wp-json\/wp\/v2\/product_tag?post=11098"}],"curies":[{"name":"wp","href":"https:\/\/api.w.org\/{rel}","templated":true}]}}