{"id":11096,"date":"2025-09-17T13:10:39","date_gmt":"2025-09-17T11:10:39","guid":{"rendered":"https:\/\/boreait.com\/hu\/?post_type=product&#038;p=11096"},"modified":"2025-09-17T13:12:10","modified_gmt":"2025-09-17T11:12:10","slug":"apple-macbook-pro-a1278-dvd-rw-meghajto-uj898-eredeti-optikai-laptop-alkatresz","status":"publish","type":"product","link":"https:\/\/boreait.com\/hu\/termek\/apple-macbook-pro-a1278-dvd-rw-meghajto-uj898-eredeti-optikai-laptop-alkatresz\/","title":{"rendered":"Apple MacBook Pro A1278 DVD-RW meghajt\u00f3 UJ898 \u2013 Eredeti optikai laptop alkatr\u00e9sz"},"content":{"rendered":"<p data-start=\"591\" data-end=\"835\"> \u00c1ll\u00edtsa vissza <strong data-start=\"604\" data-end=\"650\">Apple MacBook Pro A1278 (7,1 \u2013 2010 modell)<\/strong> k\u00e9sz\u00fcl\u00e9k\u00e9t ezzel az eredeti <strong data-start=\"670\" data-end=\"692\">UJ898<\/strong> DVD-R.W meghajt\u00f3val Legyen sz\u00f3 <strong data-start=\"714\" data-end=\"749\">lej\u00e1tsz\u00e1sr\u00f3l, \u00edr\u00e1sr\u00f3l vagy szoftver telep\u00edt\u00e9s\u00e9r\u0151l<\/strong>, ez az <strong data-start=\"756\" data-end=\"787\">eredeti Apple optikai meghajt\u00f3<\/strong> egyenletes teljes\u00edtm\u00e9nyt \u00e9s t\u00f6k\u00e9letes illeszked\u00e9st biztos\u00edt.<\/p>\n<p data-start=\"837\" data-end=\"1256\">\ud83d\udd39 <strong data-start=\"840\" data-end=\"857\">F\u0151bb jellemz\u0151k:<\/strong><br data-start=\"857\" data-end=\"860\" \/>\u2714 <strong data-start=\"862\" data-end=\"884\">Design \u2013 Apple Part<\/strong><\/strong> data-start=&#8221;900&#8243; data-end=&#8221;939&#8243;>MacBook Pro A1278 (2010-es modell, 7,1)<\/strong><br data-start=\"939\" data-end=\"942\" \/>\u2714 <strong data-start=\"944\" data-end=\"960\">Modell: = UJ898 meghajt\u00f3 cser\u00e9je az 1-hez<\/strong> \u2013 Ex-90 adat hi\u00e1nyzik data-end=&#8221;1012&#8243; \/>\u2714 <strong data-start=\"1014\" data-end=\"1039\">Olvas\u00e1s \u00e9s amp; DVD-k\/CD-k \u00edr\u00e1sa<\/strong> \u2013 Ide\u00e1lis biztons\u00e1gi ment\u00e9shez, m\u00e9dialej\u00e1tsz\u00e1shoz \u00e9s szoftvertelep\u00edt\u00e9shez<br data-start=\"1103\" data-end=\"1106\" \/>\u2714 <strong data-start=\"1108\" data-end=\"1127\">SATA-csatlakoz\u00e1s<\/strong> \u2013 Plug-and-play kompatibilit\u00e1s MacBook1 Pro-hoz data-end=&#8221;1186&#8243; \/>\u2714 <strong data-start=\"1188\" data-end=\"1210\">V\u00e9kony \u00e9s k\u00f6nny\u0171<\/strong> \u2013 Megtartja az eredeti MacBook Pro diz\u00e1jnt<\/p>\n<p data-start=\"1258\" data-end=\"1281\">\ud83d\udca1 <strong data-start=\"1261\" data-end=\"1279\">Kompatibilit\u00e1s:<\/strong><\/p>\n<ul data-start=\"1282\" data-end=\"1510\">\n<li data-start=\"1282\" data-end=\"1350\">Kifejezetten <strong data-start=\"1310\" data-end=\"1348\">MacBook Pro A1278 (7,1 \u2013 2010 k\u00f6zepe)<\/strong><\/li>\n<li data-start=\"1351\" data-end=\"1424\">M\u0171k\u00f6dik <strong data-start=\"1364\" data-end=\"1422\">macOS rendszerrel (az optikai meghajt\u00f3k rendszert\u00e1mogat\u00e1s\u00e1t\u00f3l f\u00fcgg\u0151en)<\/strong><\/li>\n<li data-start=\"1425\" data-end=\"1510\">Szabv\u00e1nyos <strong data-start=\"1436\" data-end=\"1460\">9,5 mm-es SATA interf\u00e9sz<\/strong> \u2013 illeszthet\u0151 m\u00e1s Apple-modellekhez hasonl\u00f3 specifik\u00e1ci\u00f3kkal<\/li>\n<\/ul>\n<p data-start=\"1512\" data-end=\"1613\">\ud83d\udcf8 <strong data-start=\"1515\" data-end=\"1531\">Val\u00f3di fot\u00f3k:<\/strong> Az adatlapon szerepl\u0151 k\u00e9pek pontosan azt a r\u00e9szt mutatj\u00e1k, amit kapsz \u2013 nincs meglepet\u00e9s!<\/p>\n<p data-start=\"1615\" data-end=\"1765\">\u2753 <strong data-start=\"1617\" data-end=\"1631\">Seg\u00edts\u00e9gre van sz\u00fcks\u00e9ge?<\/strong> B\u00e1r nem adunk telep\u00edt\u00e9si utas\u00edt\u00e1sokat, nyugodtan <strong data-start=\"1695\" data-end=\"1709\">\u00fczenjen nek\u00fcnk<\/p>\n<p> a v\u00e1s\u00e1rl\u00e1s el\u0151tt vagy ut\u00e1n.<\/strong><\/p>\n<p data-start=\"1767\" data-end=\"1880\">\ud83d\udce6 <strong data-start=\"1770\" data-end=\"1798\">Gyors sz\u00e1ll\u00edt\u00e1s a vil\u00e1g minden pontj\u00e1ra!<\/strong> Tedd \u00fajszer\u0171 m\u0171k\u00f6d\u00e9sre MacBook Pro-j\u00e1t ezzel az <strong data-start=\"1847\" data-end=\"1877\" data-end=\"1877\"<\/strong> Eredeti UJpW<\/strong>8 DVD-R DVD-meghajt\u00f3val.<\/p>\n","protected":false},"excerpt":{"rendered":"<p>Cser\u00e9lje ki a hib\u00e1s DVD-meghajt\u00f3t erre az <strong data-start=\"354\" data-end=\"403\">eredeti Apple MacBook Pro A1278 UJ898 DVD-RW-re<\/strong>. Teljesen kompatibilis a <strong data-start=\"427\" data-end=\"459\">MacBook Pro 7,1 (2010-es modell)<\/strong> rendszerrel. <strong data-start=\"461\" data-end=\"508\">Val\u00f3di fot\u00f3k \u2013 amit l\u00e1tsz, azt kapod!<\/strong><\/p>\n","protected":false},"featured_media":11149,"template":"","meta":[],"product_brand":[],"product_cat":[27],"product_tag":[63],"class_list":{"0":"post-11096","1":"product","2":"type-product","3":"status-publish","4":"has-post-thumbnail","6":"product_cat-motherboards-board-parts","7":"product_tag-apple","9":"first","10":"instock","11":"taxable","12":"shipping-taxable","13":"purchasable","14":"product-type-simple"},"_links":{"self":[{"href":"https:\/\/boreait.com\/hu\/wp-json\/wp\/v2\/product\/11096","targetHints":{"allow":["GET"]}}],"collection":[{"href":"https:\/\/boreait.com\/hu\/wp-json\/wp\/v2\/product"}],"about":[{"href":"https:\/\/boreait.com\/hu\/wp-json\/wp\/v2\/types\/product"}],"wp:featuredmedia":[{"embeddable":true,"href":"https:\/\/boreait.com\/hu\/wp-json\/wp\/v2\/media\/11149"}],"wp:attachment":[{"href":"https:\/\/boreait.com\/hu\/wp-json\/wp\/v2\/media?parent=11096"}],"wp:term":[{"taxonomy":"product_brand","embeddable":true,"href":"https:\/\/boreait.com\/hu\/wp-json\/wp\/v2\/product_brand?post=11096"},{"taxonomy":"product_cat","embeddable":true,"href":"https:\/\/boreait.com\/hu\/wp-json\/wp\/v2\/product_cat?post=11096"},{"taxonomy":"product_tag","embeddable":true,"href":"https:\/\/boreait.com\/hu\/wp-json\/wp\/v2\/product_tag?post=11096"}],"curies":[{"name":"wp","href":"https:\/\/api.w.org\/{rel}","templated":true}]}}