{"id":11095,"date":"2025-09-17T13:10:38","date_gmt":"2025-09-17T11:10:38","guid":{"rendered":"https:\/\/boreait.com\/hu\/?post_type=product&#038;p=11095"},"modified":"2025-09-17T13:12:05","modified_gmt":"2025-09-17T11:12:05","slug":"apple-macbook-pro-71-a1278-csuklotamasz-erintopad-billentyuzet-eredeti-alkatresz","status":"publish","type":"product","link":"https:\/\/boreait.com\/hu\/termek\/apple-macbook-pro-71-a1278-csuklotamasz-erintopad-billentyuzet-eredeti-alkatresz\/","title":{"rendered":"Apple MacBook Pro 7,1 A1278 csukl\u00f3t\u00e1masz + \u00e9rint\u0151pad + billenty\u0171zet \u2013 eredeti alkatr\u00e9sz"},"content":{"rendered":"<p data-start=\"607\" data-end=\"853\">\u00dajra\u00e9lesztheti <strong data-start=\"619\" data-end=\"652\">Apple MacBook Pro 7,1 (A1278)<\/strong> ezzel az <strong data-start=\"663\" data-end=\"728\">eredeti cserecsukl\u00f3t\u00e1masz, touchpad<\/strong> \u00e9s nordic billenty\u0171zetkioszt\u00e1ssal. Ez a t\u00f6k\u00e9letes illeszked\u00e9sre tervezett <strong data-start=\"763\" data-end=\"781\">OEM Apple alkatr\u00e9sz<\/strong> teljes funkcionalit\u00e1st \u00e9s z\u00f6kken\u0151mentes integr\u00e1ci\u00f3t biztos\u00edt laptopj\u00e1val.<\/p>\n<p data-start=\"855\" data-end=\"1267\">\ud83d\udd39 <strong data-start=\"858\" data-end=\"875\">F\u0151bb jellemz\u0151k:<\/strong><br data-start=\"875\" data-end=\"878\" \/>\u2714 <strong data-start=\"880\" data-end=\"902\">General, uine Apple Partability, min\u0151s\u00e9g<\/strong> megb\u00edzhat\u00f3s\u00e1g<br data-start=\"949\" data-end=\"952\" \/>\u2714 <strong data-start=\"954\" data-end=\"975\">Teljes \u00f6ssze\u00e1ll\u00edt\u00e1s<\/strong> \u2013 Tartalmazza a <strong data-start=\"987\" data-end=\"1023\">teny\u00e9rt\u00e1maszt, az \u00e9rint\u0151padot \u00e9s a billenty\u0171zetet<\/strong><br \/>0 &#8222;2-3&#8243;tart=&#8221;6&#8243;-0&#8243; data-3&#8221; \/>\u2714 <strong data-start=\"1028\" data-end=\"1059\">Sima Multi-Touch Trackpad<\/strong> \u2013 T\u00e1mogatja a k\u00e9zmozdulatokat a jobb haszn\u00e1lhat\u00f3s\u00e1g \u00e9rdek\u00e9ben<br data-start=\"1102\" data-end=\"1105\" \/>\u2714 <strong data-start=\"1107\" data-end=\"1059\">Pre-layout \u2013 Keyboard and Corporate R3-end=&#8221;11. <strong data-start=\"1163\" data-end=\"1190\">MacBook Pro 7,1 (A1278)<\/strong><br data-start=\"1190\" data-end=\"1193\" \/>\u2714 <strong data-start=\"1195\" data-end=\"1222\">Dugja be \u00e9s amp; Play Replacement<\/strong> \u2013 A telep\u00edt\u00e9shez nincs sz\u00fcks\u00e9g m\u00f3dos\u00edt\u00e1sra<\/p>\n<p data-start=\"1269\" data-end=\"1292\">\ud83d\udca1 <strong data-start=\"1272\" data-end=\"1290\">Kompatibilit\u00e1s:<\/strong><\/p>\n<ul data-start=\"1293\" data-end=\"1424\">\n<li data-start=\"1293\" data-end=\"1374\"><strong data-start=\"1295\" data-end=\"1328\">Apple MacBook Pro 7,1 (A1278)<\/strong> \u2013 V\u00e1s\u00e1rl\u00e1s el\u0151tt ellen\u0151rizze laptopja modellj\u00e9t.<\/li>\n<li data-start=\"1375\" data-end=\"1424\">Illeszkedik a <strong data-start=\"1382\" data-end=\"1422\">13 h\u00fcvelykes MacBook Pro-hoz (2010 k\u00f6z\u00e9ps\u0151 modell)<\/strong><\/li>\n<\/ul>\n<p data-start=\"1426\" data-end=\"1527\">\ud83d\udcf8 <strong data-start=\"1429\" data-end=\"1445\">Val\u00f3di fot\u00f3k:<\/strong> Az adatlapon szerepl\u0151 k\u00e9pek pontosan azt a t\u00e9telt mutatj\u00e1k, amelyet \u00d6n kap \u2013 nincs meglepet\u00e9s!<\/p>\n<p data-start=\"1529\" data-end=\"1683\">\u2753 <strong data-start=\"1531\" data-end=\"1545\">Seg\u00edts\u00e9gre van sz\u00fcks\u00e9ge?<\/strong> B\u00e1r telep\u00edt\u00e9si utas\u00edt\u00e1sokat nem adunk, nyugodtan <strong data-start=\"1609\" data-end=\"1623\">\u00fczenjen nek\u00fcnk<\/strong> a v\u00e1s\u00e1rl\u00e1s el\u0151tt vagy ut\u00e1n.<\/strong><\/p>\n<p data-start=\"1685\" data-end=\"1829\">\ud83d\udce6 <strong data-start=\"1688\" data-end=\"1716\">Gyors sz\u00e1ll\u00edt\u00e1s a vil\u00e1g minden pontj\u00e1ra!<\/strong> T\u00f6ltsd ki <strong data-start=\"1726\" data-end=\"1747\">MacBook Pro A1278-at, \u00e9s kezdj el7 \u00fajra <strong data-start=\"1688\". data-end=\"1826\">eredeti cserealkatr\u00e9sz<\/strong>.<\/p>\n","protected":false},"excerpt":{"rendered":"<p>\u00c1ll\u00edtsa vissza <strong data-start=\"337\" data-end=\"364\">MacBook Pro 7,1 (A1278)<\/strong> k\u00e9sz\u00fcl\u00e9k\u00e9t ezzel az <strong data-start=\"375\" data-end=\"428\">eredeti csukl\u00f3t\u00e1masz-, \u00e9rint\u0151pad- \u00e9s billenty\u0171zetegys\u00e9ggel<\/strong>. Elhaszn\u00e1l\u00f3dott vagy s\u00e9r\u00fclt alkatr\u00e9szek t\u00f6k\u00e9letes cser\u00e9je. <strong data-start=\"477\" data-end=\"524\">Val\u00f3di fot\u00f3k \u2013 amit l\u00e1tsz, azt kapod!<\/strong><\/p>\n","protected":false},"featured_media":11147,"template":"","meta":[],"product_brand":[],"product_cat":[16],"product_tag":[63],"class_list":{"0":"post-11095","1":"product","2":"type-product","3":"status-publish","4":"has-post-thumbnail","6":"product_cat-laptop-housing","7":"product_tag-apple","9":"first","10":"instock","11":"taxable","12":"shipping-taxable","13":"purchasable","14":"product-type-simple"},"_links":{"self":[{"href":"https:\/\/boreait.com\/hu\/wp-json\/wp\/v2\/product\/11095","targetHints":{"allow":["GET"]}}],"collection":[{"href":"https:\/\/boreait.com\/hu\/wp-json\/wp\/v2\/product"}],"about":[{"href":"https:\/\/boreait.com\/hu\/wp-json\/wp\/v2\/types\/product"}],"wp:featuredmedia":[{"embeddable":true,"href":"https:\/\/boreait.com\/hu\/wp-json\/wp\/v2\/media\/11147"}],"wp:attachment":[{"href":"https:\/\/boreait.com\/hu\/wp-json\/wp\/v2\/media?parent=11095"}],"wp:term":[{"taxonomy":"product_brand","embeddable":true,"href":"https:\/\/boreait.com\/hu\/wp-json\/wp\/v2\/product_brand?post=11095"},{"taxonomy":"product_cat","embeddable":true,"href":"https:\/\/boreait.com\/hu\/wp-json\/wp\/v2\/product_cat?post=11095"},{"taxonomy":"product_tag","embeddable":true,"href":"https:\/\/boreait.com\/hu\/wp-json\/wp\/v2\/product_tag?post=11095"}],"curies":[{"name":"wp","href":"https:\/\/api.w.org\/{rel}","templated":true}]}}