{"id":11089,"date":"2025-09-17T13:10:13","date_gmt":"2025-09-17T11:10:13","guid":{"rendered":"https:\/\/boreait.com\/hu\/?post_type=product&#038;p=11089"},"modified":"2025-09-17T13:11:55","modified_gmt":"2025-09-17T11:11:55","slug":"toshiba-satellite-c50d-a-133-cpu-ventilator-es-hutoborda-h000062550-eredeti-alkatresz","status":"publish","type":"product","link":"https:\/\/boreait.com\/hu\/termek\/toshiba-satellite-c50d-a-133-cpu-ventilator-es-hutoborda-h000062550-eredeti-alkatresz\/","title":{"rendered":"Toshiba Satellite C50D-A-133 CPU ventil\u00e1tor \u00e9s h\u0171t\u0151borda H000062550 \u2013 Eredeti alkatr\u00e9sz"},"content":{"rendered":"<p data-start=\"588\" data-end=\"882\">Tartsa h\u0171v\u00f6sen \u00e9s hat\u00e9konyan <strong data-start=\"598\" data-end=\"637\">Toshiba Satellite C50D-A-133 laptopj\u00e1t<\/strong> ezzel az <strong data-start=\"675\" data-end=\"720\">eredeti CPU-ventil\u00e1torral \u00e9s f\u0171t\u0151tinta<\/strong>0 (5H500)0.0) Ez a kifejezetten ehhez a modellhez tervezett h\u0171t\u00e9si megold\u00e1s <strong data-start=\"790\" data-end=\"818\">optim\u00e1lis h\u0151elvezet\u00e9st<\/strong> \u00e9s <strong data-start=\"823\" data-end=\"844\">csendes teljes\u00edtm\u00e9nyt<\/strong> biztos\u00edt, meghosszabb\u00edtva laptopja \u00e9lettartam\u00e1t.<\/p>\n<p data-start=\"884\" data-end=\"1271\">\ud83d\udd39 <strong data-start=\"887\" data-end=\"904\">F\u0151bb jellemz\u0151k:<\/strong><br data-start=\"904\" data-end=\"907\" \/>\u2714 <strong data-start=\"909\" data-end=\"940\">T\u00f6k\u00e9letes illeszked\u00e9s \u2013 \u00e9s helyre\u00e1ll\u00edt\u00f3 Toshiba teljes\u00edtm\u00e9ny<br data-start=\"978\" data-end=\"981\" \/>\u2714 <strong data-start=\"983\" data-end=\"1004\">Modell: H000062550<\/strong> \u2013 Kompatibilis a <strong data-start=\"1023\" data-end=\"1055\">Toshiba Satellite C50D5=&#8221;><strong>tart0<\/strong>A-A-13-3&#8243; data-end=&#8221;1058&#8243; \/>\u2714 <strong data-start=\"1060\" data-end=\"1081\">Hat\u00e9kony h\u0171t\u00e9s<\/strong> \u2013 Megakad\u00e1lyozza a t\u00falmeleged\u00e9st \u00e9s fenntartja a rendszer stabilit\u00e1s\u00e1t.<br data-start=\"1135\" data-end=\"1138\" \/>\u2714 <strong data-start=\"1140\"Applied\">Heatsink=&#8221;1140&#8243;Applied4&#8243;>Heatsink=&#8221;1140&#8243;Applied K\u00e9szen \u00e1ll az egyszer\u0171 telep\u00edt\u00e9sre<br data-start=\"1194\" data-end=\"1197\" \/>\u2714 <strong data-start=\"1199\" data-end=\"1218\">Csendes m\u0171k\u00f6d\u00e9s<\/strong> \u2013 Cs\u00f6kkenti a ventil\u00e1tor zaj\u00e1t, mik\u00f6zben alacsonyan tartja a h\u0151m\u00e9rs\u00e9kletet<\/p>\n<p data-start=\"1273\" data-end=\"1296\">\ud83d\udca1 <strong data-start=\"1276\" data-end=\"1294\">Kompatibilit\u00e1s:<\/strong><\/p>\n<ul data-start=\"1297\" data-end=\"1432\">\n<li data-start=\"1297\" data-end=\"1381\"><strong data-start=\"1312\" data-end=\"1344\">Toshiba Satellite C50D-A-133<\/strong>hoz tervezve (V\u00e1s\u00e1rl\u00e1s el\u0151tt ellen\u0151rizze a modellt)<\/li>\n<li data-start=\"1382\" data-end=\"1432\">Norm\u00e1l <strong data-start=\"1393\" data-end=\"1412\">4 t\u0171s csatlakoz\u00f3<\/strong> a CPU ventil\u00e1tor teljes\u00edtm\u00e9ny\u00e9hez<\/li>\n<\/ul>\n<p data-start=\"1434\" data-end=\"1523\">\ud83d\udcf8 <strong data-start=\"1437\" data-end=\"1453\">Val\u00f3di fot\u00f3k:<\/strong> Pontosan azt kapod, ami a k\u00e9peken l\u00e1that\u00f3 \u2013 nincs meglepet\u00e9s!<\/p>\n<p data-start=\"1525\" data-end=\"1647\">\u2753 <strong data-start=\"1527\" data-end=\"1541\">Seg\u00edts\u00e9gre van sz\u00fcks\u00e9ge?<\/strong> A telep\u00edt\u00e9si utas\u00edt\u00e1sokat nem tartalmazza, de nyugodtan <strong data-start=\"1603\" data-end=\"1617\">\u00fczenjen nek\u00fcnk<\/strong>, ha seg\u00edts\u00e9gre van sz\u00fcks\u00e9ge.<\/p>\n<p data-start=\"1649\" data-end=\"1793\">\ud83d\udce6 <strong data-start=\"1652\" data-end=\"1680\">Gyors sz\u00e1ll\u00edt\u00e1s a vil\u00e1g minden pontj\u00e1ra!<\/strong> Szerezze vissza <strong data-start=\"1690\" data-end=\"1715\">laptop h\u0171t\u0151rendszer\u00e9t<\/strong> ezzel az eredeti, <strong data-start=\"1652\" data-end=\"1680\" cs\u00facsteljes\u00edtm\u00e9ny\u0171 1-6-0 \u00e9rt\u00e9kkel. data-end=\"1790\">Toshiba CPU ventil\u00e1tor &amp; h\u0171t\u0151borda<\/strong>t.<\/p>\n","protected":false},"excerpt":{"rendered":"<p>Cser\u00e9lje ki t\u00falmeleged\u0151 vagy zajos h\u0171t\u0151rendszer\u00e9t erre az <strong data-start=\"382\" data-end=\"456\">eredeti Toshiba Satellite C50D-A-133 CPU ventil\u00e1torra \u00e9s h\u0171t\u0151bord\u00e1ra (H000062550)<\/strong>. <strong data-start=\"458\" data-end=\"505\">Val\u00f3di fot\u00f3k \u2013 amit l\u00e1tsz, azt kapod!<\/strong><\/p>\n","protected":false},"featured_media":11141,"template":"","meta":[],"product_brand":[],"product_cat":[33],"product_tag":[],"class_list":{"0":"post-11089","1":"product","2":"type-product","3":"status-publish","4":"has-post-thumbnail","6":"product_cat-cpu-fans-heatsinks","8":"first","9":"instock","10":"taxable","11":"shipping-taxable","12":"purchasable","13":"product-type-simple"},"_links":{"self":[{"href":"https:\/\/boreait.com\/hu\/wp-json\/wp\/v2\/product\/11089","targetHints":{"allow":["GET"]}}],"collection":[{"href":"https:\/\/boreait.com\/hu\/wp-json\/wp\/v2\/product"}],"about":[{"href":"https:\/\/boreait.com\/hu\/wp-json\/wp\/v2\/types\/product"}],"wp:featuredmedia":[{"embeddable":true,"href":"https:\/\/boreait.com\/hu\/wp-json\/wp\/v2\/media\/11141"}],"wp:attachment":[{"href":"https:\/\/boreait.com\/hu\/wp-json\/wp\/v2\/media?parent=11089"}],"wp:term":[{"taxonomy":"product_brand","embeddable":true,"href":"https:\/\/boreait.com\/hu\/wp-json\/wp\/v2\/product_brand?post=11089"},{"taxonomy":"product_cat","embeddable":true,"href":"https:\/\/boreait.com\/hu\/wp-json\/wp\/v2\/product_cat?post=11089"},{"taxonomy":"product_tag","embeddable":true,"href":"https:\/\/boreait.com\/hu\/wp-json\/wp\/v2\/product_tag?post=11089"}],"curies":[{"name":"wp","href":"https:\/\/api.w.org\/{rel}","templated":true}]}}