{"id":11088,"date":"2025-09-17T13:10:13","date_gmt":"2025-09-17T11:10:13","guid":{"rendered":"https:\/\/boreait.com\/hu\/?post_type=product&#038;p=11088"},"modified":"2026-02-08T08:33:24","modified_gmt":"2026-02-08T07:33:24","slug":"toshiba-satellite-c50d-a-133-wi-fi-kartya-qcwb335-eredeti-laptop-alkatresz","status":"publish","type":"product","link":"https:\/\/boreait.com\/hu\/termek\/toshiba-satellite-c50d-a-133-wi-fi-kartya-qcwb335-eredeti-laptop-alkatresz\/","title":{"rendered":"Toshiba Satellite C50D-A-133 Wi-Fi k\u00e1rtya QCWB335 \u2013 Eredeti laptop alkatr\u00e9sz"},"content":{"rendered":"<p data-start=\"589\" data-end=\"840\">Kapcsolja \u00f6ssze <strong data-start=\"598\" data-end=\"630\">Toshiba Satellite C50D-A-133<\/strong> k\u00e9sz\u00fcl\u00e9k\u00e9t ezzel az <strong data-start=\"651\" data-end=\"699\">eredeti Qualcomm Atheros QCW.335 k\u00e1rty\u00e1val<\/strong> A stabil \u00e9s gyors vezet\u00e9k n\u00e9lk\u00fcli kapcsolatra tervezett <strong data-start=\"758\" data-end=\"781\">eredeti laptop alkatr\u00e9sz<\/strong> z\u00f6kken\u0151mentes internet-hozz\u00e1f\u00e9r\u00e9st \u00e9s megb\u00edzhat\u00f3 teljes\u00edtm\u00e9nyt biztos\u00edt.<\/p>\n<p>? Megb\u00edzhat\u00f3 \u00e9s nagy teljes\u00edtm\u00e9ny\u0171 Wi-Fi<br data-start=\"941\" data-end=\"944\" \/>\u2714 <strong data-start=\"946\" data-end=\"990\">T\u00e1mogatja a k\u00e9ts\u00e1vos Wi-Fi-t (2,4 GHz \u00e9s 5 GHz)<\/strong> \u2013 Gyorsabb sebess\u00e9g \u00e9s amp; stabil kapcsolat<br data-start=\"1026\" data-end=\"1029\" \/>\u2714 <strong data-start=\"1031\" data-end=\"1056\">Bluetooth 4.0 t\u00e1mogat\u00e1s<\/strong> \u2013 Vezet\u00e9k n\u00e9lk\u00fcli kapcsolat perif\u00e9ri\u00e1khoz<br data-start=\"1096\" data-end=\"1029\" \/strong=\"1\"-start=\"1099\" \/>\u2714\u27131099&#8243; adatok<\/p>\n<p data-start=\"1277\" data-end=\"1300\">\ud83d\udca1 <strong data-start=\"1280\" data-end=\"1298\">Kompatibilit\u00e1s:<\/strong><\/p>\n<ul data-start=\"1301\" data-end=\"1484\">\n<li data-start=\"1301\" data-end=\"1361\">Kifejezetten a <strong data-start=\"1327\" data-end=\"1359\">Toshiba Satellite C50D-A-133<\/strong><\/li>\n<p> sz\u00e1m\u00e1ra tesztelve<\/p>\n<li data-start=\"1362\" data-end=\"1484\">Norm\u00e1l <strong data-start=\"1373\" data-end=\"1386\">Mini PCIe<\/strong> b\u0151v\u00edt\u0151hely \u2013 M\u0171k\u00f6dhet m\u00e1s kompatibilis Toshiba \u00e9s nem Toshiba laptopokkal (ellen\u0151rizze a rendszer specifik\u00e1ci\u00f3it)<\/li>\n<\/ul>\n<p data-start=\"1486\" data-end=\"1585\">\ud83d\udcf8 <strong data-start=\"1489\" data-end=\"1505\">Val\u00f3di fot\u00f3k:<\/strong> Az adatlapon szerepl\u0151 k\u00e9pek pontosan azt a t\u00e9telt mutatj\u00e1k, amit kapsz \u2013 nincs meglepet\u00e9s!<\/p>\n<p data-start=\"1587\" data-end=\"1748\">\u2753 <strong data-start=\"1589\" data-end=\"1603\">Seg\u00edts\u00e9gre van sz\u00fcks\u00e9ge?<\/strong> Ha b\u00e1rmilyen kompatibilit\u00e1si k\u00e9rd\u00e9se van, <strong data-start=\"1658\" data-end=\"1672\">\u00fczenjen nek\u00fcnk<\/strong>. B\u00e1r nem adunk telep\u00edt\u00e9si utas\u00edt\u00e1sokat, sz\u00edvesen seg\u00edt\u00fcnk!<\/p>\n<p data-start=\"1750\" data-end=\"1872\">\ud83d\udce6 <strong data-start=\"1753\" data-end=\"1781\">Gyors sz\u00e1ll\u00edt\u00e1s a vil\u00e1g minden t\u00e1j\u00e1ra!<\/strong> Friss\u00edtse <strong data-start=\"1795\" data-end=\"1811\">laptop Wi-Fi<\/strong>-j\u00e9t m\u00e9g ma ezzel a 8 gen-6&#8243; adattal. data-end=&#8221;1864&#8243;>Qualcomm Atheros QCWB335<\/strong> k\u00e1rtya.<\/p>\n","protected":false},"excerpt":{"rendered":"<p>Friss\u00edtse vagy cser\u00e9lje ki laptopja Wi-Fi-j\u00e9t ezzel az <strong data-start=\"372\" data-end=\"408\">eredeti Qualcomm Atheros QCWB335<\/strong> k\u00e1rty\u00e1val, amelyet a <strong data-start=\"428\" data-end=\"460\">Toshiba Satellite C50D-A-133<\/strong>hoz terveztek. <strong data-start=\"462\" data-end=\"506\">Val\u00f3di fot\u00f3k \u2013 pontosan meg fogod kapni!<\/strong><\/p>\n","protected":false},"featured_media":11140,"template":"","meta":[],"product_brand":[],"product_cat":[27],"product_tag":[],"class_list":{"0":"post-11088","1":"product","2":"type-product","3":"status-publish","4":"has-post-thumbnail","6":"product_cat-motherboards-board-parts","8":"first","9":"instock","10":"taxable","11":"shipping-taxable","12":"purchasable","13":"product-type-simple"},"_links":{"self":[{"href":"https:\/\/boreait.com\/hu\/wp-json\/wp\/v2\/product\/11088","targetHints":{"allow":["GET"]}}],"collection":[{"href":"https:\/\/boreait.com\/hu\/wp-json\/wp\/v2\/product"}],"about":[{"href":"https:\/\/boreait.com\/hu\/wp-json\/wp\/v2\/types\/product"}],"wp:featuredmedia":[{"embeddable":true,"href":"https:\/\/boreait.com\/hu\/wp-json\/wp\/v2\/media\/11140"}],"wp:attachment":[{"href":"https:\/\/boreait.com\/hu\/wp-json\/wp\/v2\/media?parent=11088"}],"wp:term":[{"taxonomy":"product_brand","embeddable":true,"href":"https:\/\/boreait.com\/hu\/wp-json\/wp\/v2\/product_brand?post=11088"},{"taxonomy":"product_cat","embeddable":true,"href":"https:\/\/boreait.com\/hu\/wp-json\/wp\/v2\/product_cat?post=11088"},{"taxonomy":"product_tag","embeddable":true,"href":"https:\/\/boreait.com\/hu\/wp-json\/wp\/v2\/product_tag?post=11088"}],"curies":[{"name":"wp","href":"https:\/\/api.w.org\/{rel}","templated":true}]}}