{"id":11087,"date":"2025-09-17T13:10:12","date_gmt":"2025-09-17T11:10:12","guid":{"rendered":"https:\/\/boreait.com\/hu\/?post_type=product&#038;p=11087"},"modified":"2025-09-17T13:11:50","modified_gmt":"2025-09-17T11:11:50","slug":"toshiba-satellite-c50d-a-133-also-fedolap-pscgwe-eredeti-laptop-alkatresz","status":"publish","type":"product","link":"https:\/\/boreait.com\/hu\/termek\/toshiba-satellite-c50d-a-133-also-fedolap-pscgwe-eredeti-laptop-alkatresz\/","title":{"rendered":"Toshiba Satellite C50D-A-133 als\u00f3 fed\u0151lap PSCGWE \u2013 Eredeti laptop alkatr\u00e9sz"},"content":{"rendered":"<p data-start=\"589\" data-end=\"825\">Szerezze vissza <strong data-start=\"598\" data-end=\"630\">Toshiba Satellite C50D-A-133<\/strong> k\u00e9sz\u00fcl\u00e9k\u00e9t eredeti \u00e1llapot\u00e1ba ezzel az <strong data-start=\"672\" data-end=\"711\">eredeti als\u00f3 bor\u00edt\u00f3panellel (PSC.WE)<\/strong> \u00dagy tervezt\u00e9k, hogy t\u00f6k\u00e9letesen illeszkedjen, ez a <strong data-start=\"745\" data-end=\"772\">csere laptop alkatr\u00e9sz<\/strong> v\u00e9delmet \u00e9s stabilit\u00e1st biztos\u00edt eszk\u00f6z\u00e9nek.<\/p>\n<p data-start=\"827\" data-end=\"1260\">\ud83d\udd39 <strong data-start=\"830\" data-end=\"847\">F\u0151bb jellemz\u0151k:<\/strong><br data-start=\"847\" data-end=\"850\" \/>\u2714 <strong data-start=\"852\" data-end=\"877\">Eredetileg t\u00f6k\u00e9letesen illeszkedik \u00e9s<\/strong> Toshiba kompatibilit\u00e1s<br data-start=\"917\" data-end=\"920\" \/>\u2714 <strong data-start=\"922\" data-end=\"939\">Modell: PSCGWE<\/strong> \u2013 Kifejezetten a <strong data-start=\"964\" data-end=\"996\">Toshiba Satellite C50D-A-13-9&#8243; data<\/strong><br data-9\"9\" adathoz \/>\u2714 <strong data-start=\"1001\" data-end=\"1033\">Megv\u00e9di a bels\u0151 alkatr\u00e9szeket<\/strong> \u2013 Megv\u00e9di laptopja bels\u0151 r\u00e9szeit a port\u00f3l \u00e9s a s\u00e9r\u00fcl\u00e9sekt\u0151l<br data-start=\"1088\" data-end=\"1091\" \/>\u2714 <strong data-start=\"1093\" data-end=\"1093\"\">Pre-1113&#8243;>Pre-1113&#8243;>pre-start=&#8221;1113&#8243;> csatlakoz\u00f3k, csavarok \u00e9s szell\u0151z\u00e9s a megfelel\u0151 l\u00e9g\u00e1raml\u00e1s \u00e9rdek\u00e9ben<br data-start=\"1177\" data-end=\"1180\" \/>\u2714 <strong data-start=\"1182\" data-end=\"1202\">K\u00f6nny\u0171 csere<\/strong> \u2013 Probl\u00e9mamentes telep\u00edt\u00e9s, m\u00f3dos\u00edt\u00e1sok n\u00e9lk\u00fcl<\/p>\n<p data-start=\"1262\" data-end=\"1285\">\ud83d\udca1 <strong data-start=\"1265\" data-end=\"1283\">Kompatibilit\u00e1s:<\/strong><\/p>\n<ul data-start=\"1286\" data-end=\"1433\">\n<li data-start=\"1286\" data-end=\"1358\">Kompatibilis a k\u00f6vetkez\u0151vel: <strong data-start=\"1304\" data-end=\"1336\">Toshiba Satellite C50D-A-133<\/strong> (Modell: <strong data-start=\"1345\" data-end=\"1355<\/strong>)<\/strong>PSCli>\n<li data-start=\"1359\" data-end=\"1433\">M\u00e1s <strong data-start=\"1375\" data-end=\"1400\">Toshiba C50D-A sorozat<\/strong> modellekhez is haszn\u00e1lhat\u00f3 \u2013 v\u00e1s\u00e1rl\u00e1s el\u0151tt ellen\u0151rizze<\/li>\n<\/ul>\n<p data-start=\"1435\" data-end=\"1554\">\ud83d\udcf8 <strong data-start=\"1438\" data-end=\"1454\">Val\u00f3di fot\u00f3k:<\/strong> Az adatlapon szerepl\u0151 k\u00e9pek pontosan azt a <strong data-start=\"1497\" data-end=\"1519\">als\u00f3 bor\u00edt\u00f3panelt mutatj\u00e1k meg \u2013<\/strong> nem lesz meglepet\u00e9s!<\/strong><\/p>\n<p data-start=\"1556\" data-end=\"1710\">\u2753 <strong data-start=\"1558\" data-end=\"1572\">Seg\u00edts\u00e9gre van sz\u00fcks\u00e9ge?<\/strong> B\u00e1r telep\u00edt\u00e9si utas\u00edt\u00e1sokat nem adunk, nyugodtan <strong data-start=\"1636\" data-end=\"1650\">\u00fczenjen nek\u00fcnk<\/strong> a v\u00e1s\u00e1rl\u00e1s el\u0151tt vagy ut\u00e1n.<\/strong><\/p>\n<p data-start=\"1712\" data-end=\"1830\">\ud83d\udce6 <strong data-start=\"1715\" data-end=\"1743\">Gyors kisz\u00e1ll\u00edt\u00e1s a vil\u00e1g minden pontj\u00e1ra!<\/strong> \u00c1ll\u00edtsa vissza <strong data-start=\"1757\" data-end=\"1775\">Toshiba laptopj\u00e1t<\/strong> ezzel a <strong data-9\" startmin\u0151s\u00e9g\u0171 <strong>7=&#8221;7=&#8221;tart1-mal data-end=&#8221;1821&#8243;>als\u00f3 bor\u00edt\u00f3panel<\/strong> ma.<\/p>\n","protected":false},"excerpt":{"rendered":"<p>Cser\u00e9lje ki s\u00e9r\u00fclt vagy hi\u00e1nyz\u00f3 <strong data-start=\"363\" data-end=\"423\">Toshiba Satellite C50D-A-133 als\u00f3 fed\u0151lapj\u00e1t (PSCGWE)<\/strong> erre az <strong data-start=\"434\" data-end=\"457\">eredeti laptop-alkatr\u00e9szre<\/strong>. <strong data-start=\"459\" data-end=\"506\">Val\u00f3di fot\u00f3k \u2013 amit l\u00e1tsz, azt kapod!<\/strong><\/p>\n","protected":false},"featured_media":11138,"template":"","meta":[],"product_brand":[],"product_cat":[16],"product_tag":[],"class_list":{"0":"post-11087","1":"product","2":"type-product","3":"status-publish","4":"has-post-thumbnail","6":"product_cat-laptop-housing","8":"first","9":"instock","10":"taxable","11":"shipping-taxable","12":"purchasable","13":"product-type-simple"},"_links":{"self":[{"href":"https:\/\/boreait.com\/hu\/wp-json\/wp\/v2\/product\/11087","targetHints":{"allow":["GET"]}}],"collection":[{"href":"https:\/\/boreait.com\/hu\/wp-json\/wp\/v2\/product"}],"about":[{"href":"https:\/\/boreait.com\/hu\/wp-json\/wp\/v2\/types\/product"}],"wp:featuredmedia":[{"embeddable":true,"href":"https:\/\/boreait.com\/hu\/wp-json\/wp\/v2\/media\/11138"}],"wp:attachment":[{"href":"https:\/\/boreait.com\/hu\/wp-json\/wp\/v2\/media?parent=11087"}],"wp:term":[{"taxonomy":"product_brand","embeddable":true,"href":"https:\/\/boreait.com\/hu\/wp-json\/wp\/v2\/product_brand?post=11087"},{"taxonomy":"product_cat","embeddable":true,"href":"https:\/\/boreait.com\/hu\/wp-json\/wp\/v2\/product_cat?post=11087"},{"taxonomy":"product_tag","embeddable":true,"href":"https:\/\/boreait.com\/hu\/wp-json\/wp\/v2\/product_tag?post=11087"}],"curies":[{"name":"wp","href":"https:\/\/api.w.org\/{rel}","templated":true}]}}