{"id":11086,"date":"2025-09-17T13:10:12","date_gmt":"2025-09-17T11:10:12","guid":{"rendered":"https:\/\/boreait.com\/hu\/?post_type=product&#038;p=11086"},"modified":"2025-09-17T13:11:46","modified_gmt":"2025-09-17T11:11:46","slug":"toshiba-satellite-c50d-a-133-csuklotamasz-erintopad-es-bekapcsologomb-tabla","status":"publish","type":"product","link":"https:\/\/boreait.com\/hu\/termek\/toshiba-satellite-c50d-a-133-csuklotamasz-erintopad-es-bekapcsologomb-tabla\/","title":{"rendered":"Toshiba Satellite C50D-A-133 csukl\u00f3t\u00e1masz + \u00e9rint\u0151pad \u00e9s bekapcsol\u00f3gomb t\u00e1bla"},"content":{"rendered":"<p data-start=\"609\" data-end=\"877\">\u00c1ll\u00edtsa vissza <strong data-start=\"622\" data-end=\"654\">Toshiba Satellite C50D-A-133<\/strong> k\u00e9sz\u00fcl\u00e9k\u00e9t ezzel az <strong data-start=\"665\" data-end=\"695\">eredeti csukl\u00f3t\u00e1masz-\u00f6ssze\u00e1ll\u00edt\u00e1ssal<\/strong>, kieg\u00e9sz\u00edtve a <strong data-start=\"622\" data-end=\"654\">6=&#8221;7-3&#8243;-tel-teljesen az adatokkal=&#8221;7=&#8221;7-end&#8221; funkcion\u00e1lis \u00e9rint\u0151pad \u00e9s bekapcsol\u00f3gomb panel<\/strong>. \u00dagy tervezt\u00e9k, hogy z\u00f6kken\u0151mentesen illeszkedjen laptopj\u00e1hoz, ez a csere z\u00f6kken\u0151mentes m\u0171k\u00f6d\u00e9st \u00e9s professzion\u00e1lis megjelen\u00e9st biztos\u00edt.<\/p>\n<p data-start=\"879\" data-end=\"1255\">\ud83d\udd39 <strong data-start=\"882\" data-end=\"899\">F\u0151bb jellemz\u0151k:<\/strong><br data-start=\"899\" data-end=\"902\" \/>\u2714 <strong data-start=\"904\" data-end=\"928\">T\u00f6k\u00e9letes teljes\u00edtm\u00e9ny \u00e9s szerel\u00e9s<\/strong> Toshiba adatok \u2013 \u00c9rz\u00e9keny \u00e9s prec\u00edz vez\u00e9rl\u00e9s<br data-start=\"1103\" data-end=\"1106\" \/>\u2714 <strong data-start=\"1108\" data-end=\"1128\">Szil\u00e1rd &amp; Tart\u00f3s<\/strong> \u2013 Megfelel a laptop eredeti fel\u00e9p\u00edt\u00e9s\u00e9nek<br data-start=\"1167\" data-end=\"1170\" \/>\u2714 <strong data-start=\"1172\" data-end=\"1193\">Egyszer\u0171 telep\u00edt\u00e9s<\/strong> \u2013 Ide\u00e1lis csere a repedt vagy nem m\u0171k\u00f6d\u0151 csukl\u00f3t\u00e1maszokhoz<\/p>\n<p data-start=\"1257\" data-end=\"1280\">\ud83d\udca1 <strong data-start=\"1260\" data-end=\"1278\">Kompatibilit\u00e1s:<\/strong><\/p>\n<ul data-start=\"1281\" data-end=\"1424\">\n<li data-start=\"1281\" data-end=\"1343\">Kifejezetten a <strong data-start=\"1309\" data-end=\"1341\">Toshiba Satellite C50D-A-133-hoz<\/strong><\/li>\n<li data-start=\"1344\" data-end=\"1424\">M\u00e1s <strong data-start=\"1360\" data-end=\"1377\">C50D-A sorozat<\/strong> modellekhez is illeszkedhet (V\u00e1s\u00e1rl\u00e1s el\u0151tt ellen\u0151rizze laptopj\u00e1t)<\/li>\n<\/ul>\n<p data-start=\"1426\" data-end=\"1527\">\ud83d\udcf8 <strong data-start=\"1429\" data-end=\"1445\">Val\u00f3di fot\u00f3k:<\/strong> Az adatlapon szerepl\u0151 k\u00e9pek pontosan azt a t\u00e9telt mutatj\u00e1k, amelyet \u00d6n kap \u2013 nincs meglepet\u00e9s!<\/p>\n<p data-start=\"1529\" data-end=\"1683\">\u2753 <strong data-start=\"1531\" data-end=\"1545\">Seg\u00edts\u00e9gre van sz\u00fcks\u00e9ge?<\/strong> B\u00e1r telep\u00edt\u00e9si utas\u00edt\u00e1sokat nem adunk, nyugodtan <strong data-start=\"1609\" data-end=\"1623\">\u00fczenjen nek\u00fcnk<\/strong> a v\u00e1s\u00e1rl\u00e1s el\u0151tt vagy ut\u00e1n.<\/strong><\/p>\n<p data-start=\"1685\" data-end=\"1770\">\ud83d\udce6 <strong data-start=\"1688\" data-end=\"1716\">Gyors sz\u00e1ll\u00edt\u00e1s a vil\u00e1g minden pontj\u00e1ra!<\/strong> Laptopja \u00fajra \u00fagy n\u00e9z ki \u00e9s m\u0171k\u00f6dik, mint az \u00faj.<\/p>\n","protected":false},"excerpt":{"rendered":"<p>Eredeti <strong data-start=\"345\" data-end=\"386\">Toshiba Satellite C50D-A-133 csukl\u00f3t\u00e1masz<\/strong> <strong data-start=\"392\" data-end=\"425\">bekapcsol\u00f3gomb-panellel &amp; \u00e9rint\u0151pad<\/strong>ot. S\u00e9r\u00fclt vagy elhaszn\u00e1l\u00f3dott egys\u00e9g t\u00f6k\u00e9letes cser\u00e9je. <strong data-start=\"479\" data-end=\"526\">Val\u00f3di fot\u00f3k \u2013 amit l\u00e1tsz, azt kapod!<\/strong><\/p>\n","protected":false},"featured_media":11136,"template":"","meta":[],"product_brand":[],"product_cat":[16],"product_tag":[34],"class_list":{"0":"post-11086","1":"product","2":"type-product","3":"status-publish","4":"has-post-thumbnail","6":"product_cat-laptop-housing","7":"product_tag-toshiba","9":"first","10":"instock","11":"taxable","12":"shipping-taxable","13":"purchasable","14":"product-type-simple"},"_links":{"self":[{"href":"https:\/\/boreait.com\/hu\/wp-json\/wp\/v2\/product\/11086","targetHints":{"allow":["GET"]}}],"collection":[{"href":"https:\/\/boreait.com\/hu\/wp-json\/wp\/v2\/product"}],"about":[{"href":"https:\/\/boreait.com\/hu\/wp-json\/wp\/v2\/types\/product"}],"wp:featuredmedia":[{"embeddable":true,"href":"https:\/\/boreait.com\/hu\/wp-json\/wp\/v2\/media\/11136"}],"wp:attachment":[{"href":"https:\/\/boreait.com\/hu\/wp-json\/wp\/v2\/media?parent=11086"}],"wp:term":[{"taxonomy":"product_brand","embeddable":true,"href":"https:\/\/boreait.com\/hu\/wp-json\/wp\/v2\/product_brand?post=11086"},{"taxonomy":"product_cat","embeddable":true,"href":"https:\/\/boreait.com\/hu\/wp-json\/wp\/v2\/product_cat?post=11086"},{"taxonomy":"product_tag","embeddable":true,"href":"https:\/\/boreait.com\/hu\/wp-json\/wp\/v2\/product_tag?post=11086"}],"curies":[{"name":"wp","href":"https:\/\/api.w.org\/{rel}","templated":true}]}}