{"id":11085,"date":"2025-09-17T13:10:12","date_gmt":"2025-09-17T11:10:12","guid":{"rendered":"https:\/\/boreait.com\/hu\/?post_type=product&#038;p=11085"},"modified":"2025-09-17T13:11:39","modified_gmt":"2025-09-17T11:11:39","slug":"toshiba-satellite-c50d-a-133-billentyuzet-mp-11b96yu-528b-eredeti-laptop-alkatresz","status":"publish","type":"product","link":"https:\/\/boreait.com\/hu\/termek\/toshiba-satellite-c50d-a-133-billentyuzet-mp-11b96yu-528b-eredeti-laptop-alkatresz\/","title":{"rendered":"Toshiba Satellite C50D-A-133 billenty\u0171zet MP-11B96YU-528B \u2013 Eredeti laptop alkatr\u00e9sz"},"content":{"rendered":"<p data-start=\"575\" data-end=\"828\">Friss\u00edtse vagy cser\u00e9lje ki <strong data-start=\"599\" data-end=\"640\">Toshiba Satellite C50D-A-133 billenty\u0171zet\u00e9t<\/strong> ezzel a kiv\u00e1l\u00f3 min\u0151s\u00e9g\u0171, <strong data-start=\"665\" data-end=\"704\">eredeti B26 MP-U-1.<\/strong>B26 MP-U-1. Ez a <strong data-start=\"721\" data-end=\"736\">t\u00f6k\u00e9letes illeszked\u00e9sre<\/strong> tervezett billenty\u0171zet sima g\u00e9pel\u00e9st, tart\u00f3s billenty\u0171reakci\u00f3t \u00e9s gy\u00e1rilag illeszked\u0151 elrendez\u00e9st biztos\u00edt.<\/p>\n<p data-start=\"830\" data-end=\"1196\">\ud83d\udd39 <strong data-start=\"833\" data-end=\"850\">F\u0151bb jellemz\u0151k:<\/strong><br data-start=\"850\" data-end=\"853\" \/>\u2714 <strong data-start=\"855\" data-end=\"879\">Gre\u00e1lhat\u00f3 r\u00e9sz<\/strong>T\u00f3bai<br \/> adatok data-end=&#8221;1011&#8243; \/>\u2714 <strong data-start=\"1013\" data-end=\"1035\">Teljes QWERTY-elrendez\u00e9s<\/strong> \u2013 Szabv\u00e1nyos billenty\u0171elhelyez\u00e9s a k\u00e9nyelmes g\u00e9pel\u00e9s \u00e9rdek\u00e9ben<br data-start=\"1083\" data-end=\"1086\" \/>\u2714 <strong data-start=\"1088\"1088\"\/9C\">endratian <\/strong>\u2013 Kompatibilis m\u00e1s nyelvekkel<br data-start=\"1144\" data-end=\"1147\" \/>\u2714 <strong data-start=\"1149\" data-end=\"1178\">Tart\u00f3s \u00e9s amp; Reszponz\u00edv kulcsok<\/strong> \u2013 tart\u00f3sra \u00e9p\u00edtve<\/p>\n<p data-start=\"1198\" data-end=\"1221\">\ud83d\udca1 <strong data-start=\"1201\" data-end=\"1219\">Kompatibilit\u00e1s:<\/strong><\/p>\n<ul data-start=\"1222\" data-end=\"1381\">\n<li data-start=\"1222\" data-end=\"1299\"><strong data-start=\"1224\" data-end=\"1256\">Toshiba Satellite C50D-A-133<\/strong> (V\u00e1s\u00e1rl\u00e1s el\u0151tt ellen\u0151rizze a pontos modellt)<\/li>\n<li data-start=\"1300\" data-end=\"1381\">M\u00e1s modellek, amelyek az <strong data-start=\"1325\" data-end=\"1353\">MP-11B96YU-528B billenty\u0171zetet<\/strong> haszn\u00e1lj\u00e1k (Megrendel\u00e9s el\u0151tt er\u0151s\u00edtse meg)<\/li>\n<\/ul>\n<p data-start=\"1383\" data-end=\"1485\">\ud83d\udcf8 <strong data-start=\"1386\" data-end=\"1402\">Val\u00f3di fot\u00f3k:<\/strong> Az adatlapon szerepl\u0151 k\u00e9pek a t\u00e9nyleges \u00e1rut mutatj\u00e1k \u2013 nincs meglepet\u00e9s!<\/p>\n<p data-start=\"1487\" data-end=\"1641\">\u2753 <strong data-start=\"1489\" data-end=\"1503\">Seg\u00edts\u00e9gre van sz\u00fcks\u00e9ge?<\/strong> B\u00e1r nem adunk telep\u00edt\u00e9si utas\u00edt\u00e1sokat, nyugodtan <strong data-start=\"1567\" data-end=\"1581\">\u00fczenjen nek\u00fcnk<\/strong> a v\u00e1s\u00e1rl\u00e1s el\u0151tt vagy ut\u00e1n.<\/strong><\/p>\n<p data-start=\"1643\" data-end=\"1753\">\ud83d\udce6 <strong data-start=\"1646\" data-end=\"1674\">Gyors sz\u00e1ll\u00edt\u00e1s a vil\u00e1g minden pontj\u00e1ra!<\/strong> Ezzel a <strong data-start=\"1718\" data-end=\"1750\">cserek\u00e1rtya<\/strong> Toshibap>-vel laptopja \u00fajszer\u0171 m\u0171k\u00f6d\u00e9st biztos\u00edt.<\/p>\n","protected":false},"excerpt":{"rendered":"<p>Cser\u00e9lje ki a hib\u00e1s vagy elhaszn\u00e1l\u00f3dott <strong data-start=\"352\" data-end=\"393\">Toshiba Satellite C50D-A-133 billenty\u0171zetet<\/strong> erre az <strong data-start=\"404\" data-end=\"443\">eredeti MP-11B96YU-528B cser\u00e9re<\/strong>. <strong data-start=\"445\" data-end=\"492\">Val\u00f3di fot\u00f3k \u2013 amit l\u00e1tsz, azt kapod!<\/strong><\/p>\n","protected":false},"featured_media":11134,"template":"","meta":[],"product_brand":[],"product_cat":[35],"product_tag":[34],"class_list":{"0":"post-11085","1":"product","2":"type-product","3":"status-publish","4":"has-post-thumbnail","6":"product_cat-laptop-keyboard","7":"product_tag-toshiba","9":"first","10":"instock","11":"taxable","12":"shipping-taxable","13":"purchasable","14":"product-type-simple"},"_links":{"self":[{"href":"https:\/\/boreait.com\/hu\/wp-json\/wp\/v2\/product\/11085","targetHints":{"allow":["GET"]}}],"collection":[{"href":"https:\/\/boreait.com\/hu\/wp-json\/wp\/v2\/product"}],"about":[{"href":"https:\/\/boreait.com\/hu\/wp-json\/wp\/v2\/types\/product"}],"wp:featuredmedia":[{"embeddable":true,"href":"https:\/\/boreait.com\/hu\/wp-json\/wp\/v2\/media\/11134"}],"wp:attachment":[{"href":"https:\/\/boreait.com\/hu\/wp-json\/wp\/v2\/media?parent=11085"}],"wp:term":[{"taxonomy":"product_brand","embeddable":true,"href":"https:\/\/boreait.com\/hu\/wp-json\/wp\/v2\/product_brand?post=11085"},{"taxonomy":"product_cat","embeddable":true,"href":"https:\/\/boreait.com\/hu\/wp-json\/wp\/v2\/product_cat?post=11085"},{"taxonomy":"product_tag","embeddable":true,"href":"https:\/\/boreait.com\/hu\/wp-json\/wp\/v2\/product_tag?post=11085"}],"curies":[{"name":"wp","href":"https:\/\/api.w.org\/{rel}","templated":true}]}}