{"id":11082,"date":"2025-09-17T13:10:11","date_gmt":"2025-09-17T11:10:11","guid":{"rendered":"https:\/\/boreait.com\/hu\/?post_type=product&#038;p=11082"},"modified":"2025-09-17T13:11:22","modified_gmt":"2025-09-17T11:11:22","slug":"toshiba-satellite-c50d-a-133-alaplap-amd-e1-2100-cpu-val-tesztelt-es-mukodokepes","status":"publish","type":"product","link":"https:\/\/boreait.com\/hu\/termek\/toshiba-satellite-c50d-a-133-alaplap-amd-e1-2100-cpu-val-tesztelt-es-mukodokepes\/","title":{"rendered":"Toshiba Satellite C50D-A-133 alaplap AMD E1-2100 CPU-val \u2013 Tesztelt \u00e9s m\u0171k\u00f6d\u0151k\u00e9pes"},"content":{"rendered":"<p data-start=\"595\" data-end=\"848\">Helyezze vissza <strong data-start=\"604\" data-end=\"643\">Toshiba Satellite C50D-A-133 laptopj\u00e1t<\/strong> ezzel az <strong data-start=\"676\" data-end=\"700=\"\">eredeti alaplappal<\/strong>9, kieg\u00e9sz\u00edtve egy 7-es adatokkal. data-end=&#8221;744&#8243;>AMD E1-2100 processzor<\/strong>ot. Ez az <strong data-start=\"751\" data-end=\"775\">OEM cserealkatr\u00e9sz<\/strong> biztos\u00edtja a teljes kompatibilit\u00e1st, a stabil teljes\u00edtm\u00e9nyt \u00e9s az egyszer\u0171 telep\u00edt\u00e9st.<\/p>\n<p data-start=\"850\" data-end=\"1299\">\ud83d\udd39 <strong data-start=\"853\" data-end=\"870\">F\u0151bb jellemz\u0151k:<\/strong><br data-start=\"870\" data-end=\"873\" \/>\u2714 <strong data-start=\"875\" data-end=\"906\">The Mother fitt=&#8221;906&#8243;>The Mother fit<\/strong> Toshiba adatok data-end=&#8221;1035&#8243; \/>\u2714 <strong data-start=\"1037\" data-end=\"1063\">Teljesen tesztelt \u00e9s M\u0171k\u00f6d\u0151<\/strong> \u2013 Telep\u00edt\u00e9sre k\u00e9sz, nincs sz\u00fcks\u00e9g tov\u00e1bbi konfigur\u00e1ci\u00f3kra<br data-start=\"1119\" data-end=\"1122\" \/>\u2714 <strong data-start=\"1124\" data-end=\"1158\">H\u0171t\u0151borda konzollal kompletten<\/strong> \u2013 Biztos\u00edtja a megfelel\u0151 h\u0151elvezet\u00e9st (ha van) <strong data-start=\"1213\" data-end=\"1244\">Norm\u00e1l portok \u00e9s amp; Csatlakoz\u00f3k<\/strong> \u2013 Az eredeti kialak\u00edt\u00e1shoz illeszkedik a z\u00f6kken\u0151mentes friss\u00edt\u00e9s<\/p>\n<p> \u00e9rdek\u00e9ben<\/p>\n<p data-start=\"1301\" data-end=\"1324\">\ud83d\udca1 <strong data-start=\"1304\" data-end=\"1322\">Kompatibilit\u00e1s:<\/strong><\/p>\n<ul data-start=\"1325\" data-end=\"1509\">\n<li data-start=\"1325\" data-end=\"1382\"><strong data-start=\"1340\" data-end=\"1380\">Toshiba Satellite C50D-A-133 laptopokhoz<\/strong><\/li>\n<li data-start=\"1383\" data-end=\"1450\">Szabv\u00e1nyos alaplap-elrendez\u00e9s <strong data-start=\"1418\" \u200b\u200bdata-end=\"1448\">integr\u00e1lt AMD E1-2100 CPU-val<\/strong><\/li>\n<li data-start=\"1451\" data-end=\"1509\">V\u00e1s\u00e1rl\u00e1s el\u0151tt ellen\u0151rizze az aktu\u00e1lis alaplapmodellj\u00e9t.<\/li>\n<\/ul>\n<p data-start=\"1511\" data-end=\"1612\">\ud83d\udcf8 <strong data-start=\"1514\" data-end=\"1530\">Val\u00f3di fot\u00f3k:<\/strong> Az adatlapon szerepl\u0151 k\u00e9pek pontosan azt a t\u00e9telt mutatj\u00e1k, amelyet \u00d6n kap \u2013 nincs meglepet\u00e9s!<\/p>\n<p data-start=\"1614\" data-end=\"1768\">\u2753 <strong data-start=\"1616\" data-end=\"1630\">Seg\u00edts\u00e9gre van sz\u00fcks\u00e9ge?<\/strong> B\u00e1r telep\u00edt\u00e9si utas\u00edt\u00e1sokat nem adunk, nyugodtan <strong data-start=\"1694\" data-end=\"1708\">\u00fczenjen nek\u00fcnk<\/strong> a v\u00e1s\u00e1rl\u00e1s el\u0151tt vagy ut\u00e1n.<\/strong><\/p>\n<p data-start=\"1770\" data-end=\"1888\">\ud83d\udce6 <strong data-start=\"1773\" data-end=\"1801\">Gyors sz\u00e1ll\u00edt\u00e1s a vil\u00e1g minden t\u00e1j\u00e1ra!<\/strong> Tegye \u00fajra z\u00f6kken\u0151mentesen laptopj\u00e1t ezzel a <strong data-start=\"1851\" data-end=\"1885\" data-end=\"1885\">Toshiba C5.3D-A-A-10 alaplappal<\/p>\n<p>3.<\/p>\n","protected":false},"excerpt":{"rendered":"<p>Eredeti <strong data-start=\"349\" data-end=\"393\">Toshiba Satellite C50D-A-133 alaplap<\/strong> <strong data-start=\"399\" data-end=\"424\">AMD E1-2100 processzorral<\/strong>. Teljesen tesztelt, m\u0171k\u00f6d\u0151k\u00e9pes \u00e1llapotban. <strong data-start=\"465\" data-end=\"512\">Val\u00f3di fot\u00f3k \u2013 amit l\u00e1tsz, azt kapod!<\/strong><\/p>\n","protected":false},"featured_media":11123,"template":"","meta":[],"product_brand":[],"product_cat":[27],"product_tag":[34],"class_list":{"0":"post-11082","1":"product","2":"type-product","3":"status-publish","4":"has-post-thumbnail","6":"product_cat-motherboards-board-parts","7":"product_tag-toshiba","9":"first","10":"instock","11":"taxable","12":"shipping-taxable","13":"purchasable","14":"product-type-simple"},"_links":{"self":[{"href":"https:\/\/boreait.com\/hu\/wp-json\/wp\/v2\/product\/11082","targetHints":{"allow":["GET"]}}],"collection":[{"href":"https:\/\/boreait.com\/hu\/wp-json\/wp\/v2\/product"}],"about":[{"href":"https:\/\/boreait.com\/hu\/wp-json\/wp\/v2\/types\/product"}],"wp:featuredmedia":[{"embeddable":true,"href":"https:\/\/boreait.com\/hu\/wp-json\/wp\/v2\/media\/11123"}],"wp:attachment":[{"href":"https:\/\/boreait.com\/hu\/wp-json\/wp\/v2\/media?parent=11082"}],"wp:term":[{"taxonomy":"product_brand","embeddable":true,"href":"https:\/\/boreait.com\/hu\/wp-json\/wp\/v2\/product_brand?post=11082"},{"taxonomy":"product_cat","embeddable":true,"href":"https:\/\/boreait.com\/hu\/wp-json\/wp\/v2\/product_cat?post=11082"},{"taxonomy":"product_tag","embeddable":true,"href":"https:\/\/boreait.com\/hu\/wp-json\/wp\/v2\/product_tag?post=11082"}],"curies":[{"name":"wp","href":"https:\/\/api.w.org\/{rel}","templated":true}]}}