{"id":11081,"date":"2025-09-17T13:10:11","date_gmt":"2025-09-17T11:10:11","guid":{"rendered":"https:\/\/boreait.com\/hu\/?post_type=product&#038;p=11081"},"modified":"2025-09-17T13:11:19","modified_gmt":"2025-09-17T11:11:19","slug":"egyenaramu-tapcsatlakozo-aljzat-es-kabel-a-toshiba-satellite-c50d-a-c50d-a-133-szamara","status":"publish","type":"product","link":"https:\/\/boreait.com\/hu\/termek\/egyenaramu-tapcsatlakozo-aljzat-es-kabel-a-toshiba-satellite-c50d-a-c50d-a-133-szamara\/","title":{"rendered":"Egyen\u00e1ram\u00fa t\u00e1pcsatlakoz\u00f3 aljzat \u00e9s k\u00e1bel a Toshiba Satellite C50D-A (C50D-A-133) sz\u00e1m\u00e1ra"},"content":{"rendered":"<p data-start=\"635\" data-end=\"855\">Az \u00d6n <strong data-start=\"643\" data-end=\"698\">Toshiba Satellite C50D-A (C50D-A-133) egyen\u00e1ram\u00fa t\u00e1pcsatlakoz\u00f3ja<\/strong> meglazult, elt\u00f6rt vagy hib\u00e1s? Ez a <strong data-start=\"730\" data-end=\"785\">kiv\u00e1l\u00f3 min\u0151s\u00e9g\u0171 csere DC t\u00e1pcsatlakoz\u00f3 k\u00e1bellel<\/strong> t\u00f6k\u00e9letes megold\u00e1s a laptop t\u00f6lt\u00e9si funkci\u00f3inak vissza\u00e1ll\u00edt\u00e1s\u00e1ra.<\/p>\n<p data-start=\"857\" data-end=\"1278\">\ud83d\udd39 <strong data-start=\"860\" data-end=\"877\">F\u0151bb jellemz\u0151k:<\/strong><br data-start=\"877\" data-end=\"880\" \/>\u2714 <strong data-start=\"882\" data-end=\"905\">Kifejezetten tervezve<\/strong> G \u2013 Replacement<\/strong> adatok adatok Tart\u00f3s \u00e9s megb\u00edzhat\u00f3 teljes\u00edtm\u00e9ny<br data-start=\"1192\" data-end=\"1195\" \/>\u2714 <strong data-start=\"1197\" data-end=\"1218\">K\u00f6nny\u0171 telep\u00edt\u00e9s<\/strong> \u2013 K\u00f6zvetlen csere az elhaszn\u00e1l\u00f3dott vagy s\u00e9r\u00fclt t\u00e1pcsatlakoz\u00f3hoz<\/p>\n<p data-start=\"1280\" data-end=\"1303\">\ud83d\udca1 <strong data-start=\"1283\" data-end=\"1301\">Kompatibilit\u00e1s:<\/strong><\/p>\n<ul data-start=\"1304\" data-end=\"1507\">\n<li data-start=\"1304\" data-end=\"1371\"><strong data-start=\"1306\" data-end=\"1327\">Kompatibilis modell:<\/strong> Toshiba Satellite <strong data-start=\"1346\" data-end=\"1369\">C50D-A (C50D-A-13>)\n<li data-start=\"1372\" data-end=\"1433\"><strong data-start=\"1374\" data-end=\"1393\">Csatlakoz\u00f3 t\u00edpusa:<\/strong> Szabv\u00e1nyos <strong data-start=\"1403\" data-end=\"1431\">DC t\u00e1pcsatlakoz\u00f3 k\u00e1bellel<\/strong><\/li>\n<li data-start=\"1434\" data-end=\"1507\"><strong data-start=\"1436\" data-end=\"1463\">Ellen\u0151rizze a laptop modellj\u00e9t<\/strong> a kompatibilit\u00e1s \u00e9rdek\u00e9ben v\u00e1s\u00e1rl\u00e1s el\u0151tt<\/li>\n<\/ul>\n<p data-start=\"1509\" data-end=\"1631\">\ud83d\udcf8 <strong data-start=\"1512\" data-end=\"1528\">Val\u00f3di fot\u00f3k:<\/strong> A list\u00e1n szerepl\u0151 k\u00e9pek pontosan arr\u00f3l a term\u00e9kr\u0151l sz\u00f3lnak, amelyet kapni fog \u2013 sem stock k\u00e9pek, sem meglepet\u00e9sek!<\/p>\n<p data-start=\"1633\" data-end=\"1786\">\u2753 <strong data-start=\"1635\" data-end=\"1649\">Seg\u00edts\u00e9gre van sz\u00fcks\u00e9ge?<\/strong> Hab\u00e1r nem adunk telep\u00edt\u00e9si utas\u00edt\u00e1sokat, <strong data-start=\"1708\" data-end=\"1730\">\u00fczenetet k\u00fcldhet nek\u00fcnk a v\u00e1s\u00e1rl\u00e1s el\u0151tt vagy ut\u00e1n<\/strong>, ha seg\u00edts\u00e9gre van sz\u00fcks\u00e9ge.<\/p>\n<p data-start=\"1788\" data-end=\"1916\">\ud83d\udce6 <strong data-start=\"1791\" data-end=\"1819\">Gyors sz\u00e1ll\u00edt\u00e1s a vil\u00e1g minden pontj\u00e1ra!<\/strong> T\u00f6ltsd le <strong data-start=\"1829\" data-end=\"1865\">Toshiba laptopodat, mint \u00faj pr\u00e9mium <strong>8-4&#8243;s pr\u00e9mium <strong>8-8&#8243;-val. data-end=&#8221;1914&#8243;>DC t\u00e1pcsatlakoz\u00f3 csere.<\/strong><\/p>\n","protected":false},"excerpt":{"rendered":"<p>Cser\u00e9lje ki a s\u00e9r\u00fclt <strong data-start=\"353\" data-end=\"370\">egyen\u00e1ram\u00fa t\u00e1pcsatlakoz\u00f3t<\/strong> erre a <strong data-start=\"381\" data-end=\"446\">a Toshiba Satellite C50D-A (C50D-A-133) eredeti cser\u00e9j\u00e9re<\/strong>. Stabil t\u00e1pcsatlakoz\u00e1st biztos\u00edt a megb\u00edzhat\u00f3 t\u00f6lt\u00e9s \u00e9rdek\u00e9ben. <strong data-start=\"505\" data-end=\"552\">Val\u00f3di fot\u00f3k \u2013 amit l\u00e1tsz, azt kapod!<\/strong><\/p>\n","protected":false},"featured_media":11122,"template":"","meta":[],"product_brand":[],"product_cat":[20],"product_tag":[34],"class_list":{"0":"post-11081","1":"product","2":"type-product","3":"status-publish","4":"has-post-thumbnail","6":"product_cat-cables","7":"product_tag-toshiba","9":"first","10":"instock","11":"taxable","12":"shipping-taxable","13":"purchasable","14":"product-type-simple"},"_links":{"self":[{"href":"https:\/\/boreait.com\/hu\/wp-json\/wp\/v2\/product\/11081","targetHints":{"allow":["GET"]}}],"collection":[{"href":"https:\/\/boreait.com\/hu\/wp-json\/wp\/v2\/product"}],"about":[{"href":"https:\/\/boreait.com\/hu\/wp-json\/wp\/v2\/types\/product"}],"wp:featuredmedia":[{"embeddable":true,"href":"https:\/\/boreait.com\/hu\/wp-json\/wp\/v2\/media\/11122"}],"wp:attachment":[{"href":"https:\/\/boreait.com\/hu\/wp-json\/wp\/v2\/media?parent=11081"}],"wp:term":[{"taxonomy":"product_brand","embeddable":true,"href":"https:\/\/boreait.com\/hu\/wp-json\/wp\/v2\/product_brand?post=11081"},{"taxonomy":"product_cat","embeddable":true,"href":"https:\/\/boreait.com\/hu\/wp-json\/wp\/v2\/product_cat?post=11081"},{"taxonomy":"product_tag","embeddable":true,"href":"https:\/\/boreait.com\/hu\/wp-json\/wp\/v2\/product_tag?post=11081"}],"curies":[{"name":"wp","href":"https:\/\/api.w.org\/{rel}","templated":true}]}}