{"id":11070,"date":"2025-09-17T13:09:43","date_gmt":"2025-09-17T11:09:43","guid":{"rendered":"https:\/\/boreait.com\/hu\/?post_type=product&#038;p=11070"},"modified":"2026-02-08T08:33:07","modified_gmt":"2026-02-08T07:33:07","slug":"toshiba-satellite-c50d-a-usb-csatlakozokartya-eredeti-laptop-alkatreszek","status":"publish","type":"product","link":"https:\/\/boreait.com\/hu\/termek\/toshiba-satellite-c50d-a-usb-csatlakozokartya-eredeti-laptop-alkatreszek\/","title":{"rendered":"Toshiba Satellite C50D-A USB-csatlakoz\u00f3k\u00e1rtya \u2013 Eredeti laptop-alkatr\u00e9szek"},"content":{"rendered":"<p data-start=\"589\" data-end=\"827\">A teljes <strong data-start=\"602\" data-end=\"622\">USB-kapcsolat helyre\u00e1ll\u00edt\u00e1sa<\/strong> a <strong data-start=\"631\" data-end=\"672\">Toshiba Satellite C50D-A (C50D-A-133)<\/strong>s ezzel a <strong data-start=\"602\" data-end=\"622\"<\/strong> data-end=&#8221;726&#8243;>eredeti csere USB-csatlakoz\u00f3k\u00e1rtya<\/strong>. Ha laptopja USB-portjai megs\u00e9r\u00fcltek, nem reag\u00e1lnak vagy meglazultak, ez a modul egyszer\u0171 megold\u00e1st k\u00edn\u00e1l.<\/p>\n<p data-start=\"829\" data-end=\"1179\">\ud83d\udd39 <strong data-start=\"832\" data-end=\"849\">F\u0151bb jellemz\u0151k:<\/strong><br data-start=\"849\" data-end=\"852\" \/>\u2714 <strong data-start=\"854\" data-end=\"879\">Eredeti teljesk\u00f6r\u0171s\u00e9g<\/strongnal \u2013compatibility &amp; tart\u00f3ss\u00e1g<br data-start=\"921\" data-end=\"924\" \/>\u2714 <strong data-start=\"926\" data-end=\"949\">USB-csatlakoz\u00f3k\u00e1rtya<\/strong> \u2013 kicser\u00e9li a hib\u00e1s vagy nem m\u0171k\u00f6d\u0151 portokat.<br data-start=\"988\" data-end=\"991\" \/>\u2714 <strong data-start=\"926\" data-end=\"949\">Design=9 data-3&#8243; M\u0171holdas C50D-A sorozat<\/strong> \u2013 Kifejezetten a <strong data-start=\"1053\" data-end=\"1073\">C50D-A-133 modellhez<\/strong><br data-start=\"1073\" data-end=\"1076\" \/>\u2714 <strong data-start=\"1078\" data-start=\"1078\" data-working<\/strong>Tesztelve a sz\u00e1ll\u00edt\u00e1s el\u0151tt <br \/>1094 data-start=&#8221;1129&#8243; data-end=&#8221;1132&#8243; \/>\u2714 <strong data-start=\"1134\" data-end=\"1149\">Csatlakoz\u00e1s \u00e9s csatlakoztat\u00e1s; Lej\u00e1tsz\u00e1s<\/strong> \u2013 Nincs sz\u00fcks\u00e9g m\u00f3dos\u00edt\u00e1sra<\/p>\n<p data-start=\"1181\" data-end=\"1204\">\ud83d\udca1 <strong data-start=\"1184\" data-end=\"1202\">Kompatibilit\u00e1s:<\/strong><\/p>\n<ul data-start=\"1205\" data-end=\"1337\">\n<li data-start=\"1205\" data-end=\"1279\"><strong data-start=\"1207\" data-end=\"1242\">Toshiba Satellite C50D-A Series<\/strong> (V\u00e1s\u00e1rl\u00e1s el\u0151tt ellen\u0151rizze a modellt)<\/li>\n<li data-start=\"1280\" data-end=\"1337\"><strong data-start=\"1282\" data-end=\"1296\">C50D-A-133<\/strong> \u00e9s hasonl\u00f3 modellek ugyanazt a r\u00e9szt haszn\u00e1lva<\/li>\n<\/ul>\n<p data-start=\"1339\" data-end=\"1445\">\ud83d\udcf8 <strong data-start=\"1342\" data-end=\"1358\">Val\u00f3di fot\u00f3k:<\/strong> Az adatlapon szerepl\u0151 k\u00e9pek pontosan azt a r\u00e9szt mutatj\u00e1k, amelyet \u00d6n kap \u2013 nincs stock k\u00e9p!<\/p>\n<p data-start=\"1447\" data-end=\"1586\">\u2753 <strong data-start=\"1449\" data-end=\"1463\">Seg\u00edts\u00e9gre van sz\u00fcks\u00e9ge?<\/strong> A telep\u00edt\u00e9si utas\u00edt\u00e1sokat nem tartalmazza, de <strong data-start=\"1520\" data-end=\"1534\">\u00fczenetet k\u00fcldhet nek\u00fcnk<\/p>\n<p> a v\u00e1s\u00e1rl\u00e1s el\u0151tt vagy ut\u00e1n.<\/p>\n<p data-start=\"1588\" data-end=\"1711\">\ud83d\udce6 <strong data-start=\"1591\" data-end=\"1619\">Gyors sz\u00e1ll\u00edt\u00e1s a vil\u00e1g minden pontj\u00e1ra!<\/strong> Ezzel a <strong data-start=\"1672\" data-end=\"1708\" data-end=\"1708\"<\/strong>Toshiba.<\/strong>cserealkatr\u00e9szrel \u00e1ll\u00edtsa \u00fajra m\u0171k\u00f6d\u00e9sbe laptopja USB-portjait<\/p>\n","protected":false},"excerpt":{"rendered":"<p>Cser\u00e9lje ki a hib\u00e1s <strong data-start=\"345\" data-end=\"368\">USB-csatlakoz\u00f3k\u00e1rty\u00e1t<\/strong> erre az <strong data-start=\"379\" data-end=\"422\">eredeti Toshiba Satellite C50D-A modulra<\/strong>. Teljesen tesztelt \u00e9s telep\u00edt\u00e9sre k\u00e9sz. <strong data-start=\"459\" data-end=\"506\">Val\u00f3di fot\u00f3k \u2013 amit l\u00e1tsz, azt kapod!<\/strong><\/p>\n","protected":false},"featured_media":11121,"template":"","meta":[],"product_brand":[],"product_cat":[27],"product_tag":[34],"class_list":{"0":"post-11070","1":"product","2":"type-product","3":"status-publish","4":"has-post-thumbnail","6":"product_cat-motherboards-board-parts","7":"product_tag-toshiba","9":"first","10":"instock","11":"taxable","12":"shipping-taxable","13":"purchasable","14":"product-type-simple"},"_links":{"self":[{"href":"https:\/\/boreait.com\/hu\/wp-json\/wp\/v2\/product\/11070","targetHints":{"allow":["GET"]}}],"collection":[{"href":"https:\/\/boreait.com\/hu\/wp-json\/wp\/v2\/product"}],"about":[{"href":"https:\/\/boreait.com\/hu\/wp-json\/wp\/v2\/types\/product"}],"wp:featuredmedia":[{"embeddable":true,"href":"https:\/\/boreait.com\/hu\/wp-json\/wp\/v2\/media\/11121"}],"wp:attachment":[{"href":"https:\/\/boreait.com\/hu\/wp-json\/wp\/v2\/media?parent=11070"}],"wp:term":[{"taxonomy":"product_brand","embeddable":true,"href":"https:\/\/boreait.com\/hu\/wp-json\/wp\/v2\/product_brand?post=11070"},{"taxonomy":"product_cat","embeddable":true,"href":"https:\/\/boreait.com\/hu\/wp-json\/wp\/v2\/product_cat?post=11070"},{"taxonomy":"product_tag","embeddable":true,"href":"https:\/\/boreait.com\/hu\/wp-json\/wp\/v2\/product_tag?post=11070"}],"curies":[{"name":"wp","href":"https:\/\/api.w.org\/{rel}","templated":true}]}}