{"id":11068,"date":"2025-09-17T13:09:43","date_gmt":"2025-09-17T11:09:43","guid":{"rendered":"https:\/\/boreait.com\/hu\/?post_type=product&#038;p=11068"},"modified":"2026-02-08T08:32:33","modified_gmt":"2026-02-08T07:32:33","slug":"4-gb-ddr3-1600mhz-pc3-12800u-1rx8-asztali-ram-nagy-sebessegu-memoriamodul","status":"publish","type":"product","link":"https:\/\/boreait.com\/hu\/termek\/4-gb-ddr3-1600mhz-pc3-12800u-1rx8-asztali-ram-nagy-sebessegu-memoriamodul\/","title":{"rendered":"4 GB DDR3 1600MHz PC3-12800U 1Rx8 asztali RAM \u2013 nagy sebess\u00e9g\u0171 mem\u00f3riamodul"},"content":{"rendered":"<p data-start=\"566\" data-end=\"804\">Friss\u00edtse <strong data-start=\"579\" data-end=\"593\">asztali sz\u00e1m\u00edt\u00f3g\u00e9p\u00e9t<\/strong> ezzel a <strong data-start=\"604\" data-end=\"667\">kiv\u00e1l\u00f3 min\u0151s\u00e9g\u0171 4 GB-os DDR3 RAM modullal (PC3-12800U, 1R0x800U 1R0x12800U.1R). A <strong data-start=\"682\" data-end=\"721\">z\u00f6kken\u0151mentes teljes\u00edtm\u00e9nyre \u00e9s a t\u00f6bbfeladatos munkav\u00e9gz\u00e9sre<\/strong> tervezett mem\u00f3riak\u00e1rtya jav\u00edtja a sebess\u00e9get, a v\u00e1laszk\u00e9szs\u00e9get \u00e9s a rendszer \u00e1ltal\u00e1nos stabilit\u00e1s\u00e1t.<\/p>\n<p data-start=\"806\" data-end=\"1178\">\ud83d\udd39 <strong data-start=\"809\" data-end=\"826\">F\u0151bb jellemz\u0151k:<\/strong><br data-start=\"826\" data-end=\"829\" \/>\u2714 <strong data-start=\"831\" data-end=\"844\">C \u00e9s a mindennapi haszn\u00e1latra ide\u00e1lis 4comp:<\/strong> j\u00e1t\u00e9k<br data-start=\"890\" data-end=\"893\" \/>\u2714 <strong data-start=\"895\" data-end=\"904\">T\u00edpus:<\/strong> DDR3 1600MHz (PC3-12800U) \u2013 Nagysebess\u00e9g\u0171 mem\u00f3ria asztali sz\u00e1m\u00edt\u00f3g\u00e9pekhez<br data-start=\"9693\" \/strong6\" data-end=\"9693\" data-start=\"968\" data-end=\"977\">Rangsor:<\/strong> 1Rx8 \u2013 Hat\u00e9kony \u00e9s a rendszerteljes\u00edtm\u00e9nyre optimaliz\u00e1lt<br data-start=\"1031\" data-end=\"1034\" \/>\u2714 <strong data-start=\"1036\" data-end=\"1048\">K\u00e9s\u00e9s:<\/strong> sima CL11-s (11-11-s) (11-s) m\u0171veletek<br data-start=\"1103\" data-end=\"1106\" \/>\u2714 <strong data-start=\"1108\" data-end=\"1123\">Dugja be \u00e9s amp; Lej\u00e1tsz\u00e1s<\/strong> \u2013 Egyszer\u0171 telep\u00edt\u00e9s, nincs sz\u00fcks\u00e9g technikai szak\u00e9rtelemre<\/p>\n<p data-start=\"1180\" data-end=\"1203\">\ud83d\udca1 <strong data-start=\"1183\" data-end=\"1201\">Kompatibilit\u00e1s:<\/strong><\/p>\n<ul data-start=\"1204\" data-end=\"1354\">\n<li data-start=\"1204\" data-end=\"1284\">Alkalmas a legt\u00f6bb <strong data-start=\"1224\" data-end=\"1239\">asztali PC-hez<\/strong>, amelyek t\u00e1mogatj\u00e1k a <strong data-start=\"1253\" data-end=\"1282\">DDR3 1600MHz<\/strong><\/strong><0MHz (PC3-1)\n\n \n\n<li data-start=\"1285\" data-end=\"1354\">Ellen\u0151rizze az <strong data-start=\"1298\" data-end=\"1328\">alaplap m\u0171szaki adatait<\/strong> a kompatibilit\u00e1s biztos\u00edt\u00e1sa \u00e9rdek\u00e9ben.<\/li>\n<\/ul>\n<p data-start=\"1356\" data-end=\"1461\">\ud83d\udcf8 <strong data-start=\"1359\" data-end=\"1375\">Val\u00f3di fot\u00f3k:<\/strong> Az adatlapon szerepl\u0151 k\u00e9peken a <strong data-start=\"1412\" data-end=\"1443\">pontosan a t\u00e9tel l\u00e1that\u00f3.<\/p>\n<p> nem \u00e9r meglepet\u00e9s!<\/strong><\/p>\n<p data-start=\"1463\" data-end=\"1613\">\u2753 <strong data-start=\"1465\" data-end=\"1479\">Seg\u00edts\u00e9gre van sz\u00fcks\u00e9ge?<\/strong> Hab\u00e1r nem adunk telep\u00edt\u00e9si utas\u00edt\u00e1sokat, nyugodtan <strong data-start=\"1543\" data-end=\"1557\">\u00fczenjen nek\u00fcnk<\/p>\n<p> a v\u00e1s\u00e1rl\u00e1s el\u0151tt vagy ut\u00e1n, ha seg\u00edts\u00e9gre van sz\u00fcks\u00e9ge<\/p>\n<p>.<\/p>\n<p data-start=\"1615\" data-end=\"1732\">\ud83d\udce6 <strong data-start=\"1618\" data-end=\"1646\">Gyors kisz\u00e1ll\u00edt\u00e1s a vil\u00e1g minden pontj\u00e1ra!<\/strong> Ezzel az eszk\u00f6zzel <strong data-start=\"1656\" data-end=\"1695\">az asztali sz\u00e1m\u00edt\u00f3g\u00e9pe gyorsabban \u00e9s g\u00f6rd\u00fcl\u00e9kenyebben fusson.=&#8221;10<\/strong>&#8221; data-end=&#8221;1729&#8243;>4 GB DDR3 RAM modul<\/strong>.<\/p>\n","protected":false},"excerpt":{"rendered":"<p>N\u00f6velje asztali sz\u00e1m\u00edt\u00f3g\u00e9pe teljes\u00edtm\u00e9ny\u00e9t ezzel a <strong data-start=\"350\" data-end=\"385\">4 GB DDR3 1600MHz PC3-12800U RAM<\/strong>mal. Ez a megb\u00edzhat\u00f3 \u00e9s gyors <strong data-start=\"411\" data-end=\"433\">1Rx8 mem\u00f3riamodul<\/strong> z\u00f6kken\u0151mentes t\u00f6bbfeladatos munkav\u00e9gz\u00e9st \u00e9s rendszerstabilit\u00e1st biztos\u00edt.<\/p>\n","protected":false},"featured_media":11119,"template":"","meta":[],"product_brand":[],"product_cat":[37,36],"product_tag":[],"class_list":{"0":"post-11068","1":"product","2":"type-product","3":"status-publish","4":"has-post-thumbnail","6":"product_cat-ddr3-ddr3l","7":"product_cat-ram-memory","9":"first","10":"instock","11":"taxable","12":"shipping-taxable","13":"purchasable","14":"product-type-simple"},"_links":{"self":[{"href":"https:\/\/boreait.com\/hu\/wp-json\/wp\/v2\/product\/11068","targetHints":{"allow":["GET"]}}],"collection":[{"href":"https:\/\/boreait.com\/hu\/wp-json\/wp\/v2\/product"}],"about":[{"href":"https:\/\/boreait.com\/hu\/wp-json\/wp\/v2\/types\/product"}],"wp:featuredmedia":[{"embeddable":true,"href":"https:\/\/boreait.com\/hu\/wp-json\/wp\/v2\/media\/11119"}],"wp:attachment":[{"href":"https:\/\/boreait.com\/hu\/wp-json\/wp\/v2\/media?parent=11068"}],"wp:term":[{"taxonomy":"product_brand","embeddable":true,"href":"https:\/\/boreait.com\/hu\/wp-json\/wp\/v2\/product_brand?post=11068"},{"taxonomy":"product_cat","embeddable":true,"href":"https:\/\/boreait.com\/hu\/wp-json\/wp\/v2\/product_cat?post=11068"},{"taxonomy":"product_tag","embeddable":true,"href":"https:\/\/boreait.com\/hu\/wp-json\/wp\/v2\/product_tag?post=11068"}],"curies":[{"name":"wp","href":"https:\/\/api.w.org\/{rel}","templated":true}]}}