{"id":11067,"date":"2025-09-17T13:09:43","date_gmt":"2025-09-17T11:09:43","guid":{"rendered":"https:\/\/boreait.com\/hu\/?post_type=product&#038;p=11067"},"modified":"2026-02-08T08:32:16","modified_gmt":"2026-02-08T07:32:16","slug":"toshiba-satellite-c50d-a-133-also-fedolap-eredeti-laptop-alkatresz","status":"publish","type":"product","link":"https:\/\/boreait.com\/hu\/termek\/toshiba-satellite-c50d-a-133-also-fedolap-eredeti-laptop-alkatresz\/","title":{"rendered":"Toshiba Satellite C50D-A-133 als\u00f3 fed\u0151lap \u2013 eredeti laptop alkatr\u00e9sz"},"content":{"rendered":"<p data-start=\"580\" data-end=\"838\"> \u00c1ll\u00edtsa vissza <strong data-start=\"593\" data-end=\"625\">Toshiba Satellite C50D-A-133<\/strong> laptopj\u00e1t ezzel az <strong data-start=\"643\" data-end=\"674\">eredeti als\u00f3 ajt\u00f3val\/panellel<\/strong>. Ak\u00e1r t\u00f6r\u00f6tt, karcos vagy hi\u00e1nyzik a jelenlegi burkolata, ez az <strong data-start=\"742\" data-end=\"766\">OEM-cserealkatr\u00e9sz<\/strong> t\u00f6k\u00e9letes illeszked\u00e9st biztos\u00edt, \u00e9s meg\u0151rzi laptopja eredeti szerkezet\u00e9t.<\/p>\n<p data-start=\"840\" data-end=\"1213\">\ud83d\udd39 <strong data-start=\"843\" data-end=\"860\">F\u0151bb jellemz\u0151k:<\/strong><br data-start=\"860\" data-end=\"863\" \/>\u2714 <strong data-start=\"865\" data-end=\"890\">Garant\u00e1lt<\/strong> com \u2013 Toshiba Partibility tart\u00f3ss\u00e1g<br data-start=\"932\" data-end=\"935\" \/>\u2714 <strong data-start=\"937\" data-end=\"965\">Pontosan illeszkedik a C50D-A-133-hoz<\/strong> \u2013 nincs sz\u00fcks\u00e9g m\u00f3dos\u00edt\u00e1sra<br data-start=\"991\" data-end=\"994\" \/>\u2714 <strong data-6-t\"1 data Ny\u00edl\u00e1sok<\/strong> \u2013 Teljesen funkcion\u00e1lis kialak\u00edt\u00e1s a szell\u0151z\u0151- \u00e9s hozz\u00e1f\u00e9r\u00e9si panelekhez<br data-start=\"1076\" data-end=\"1079\" \/>\u2714 <strong data-start=\"1081\" data-end=\"1113\">v\u00e9di a bels\u0151 alkatr\u00e9szeket<\/strong> \u2013 t\u00e1vol tartja a port \u00e9s a t\u00f6rmel\u00e9ket<br data-start=\"1076\" data-end=\"1079\" \/>1 data-start=&#8221;1146&#8243; data-end=&#8221;1171&#8243;>Tart\u00f3s m\u0171anyag konstrukci\u00f3<\/strong> \u2013 er\u0151s, k\u00f6nny\u0171 \u00e9s hossz\u00fa \u00e9lettartam\u00fa<\/p>\n<p data-start=\"1215\" data-end=\"1238\">\ud83d\udca1 <strong data-start=\"1218\" data-end=\"1236\">Kompatibilit\u00e1s:<\/strong><\/p>\n<ul data-start=\"1239\" data-end=\"1413\">\n<li data-start=\"1239\" data-end=\"1336\">Kifejezetten a <strong data-start=\"1267\" data-end=\"1299\">Toshiba Satellite C50D-A-133<\/strong>hoz tervezve (V\u00e1s\u00e1rl\u00e1s el\u0151tt ellen\u0151rizze a modellt)<\/li>\n<li data-start=\"1337\" data-end=\"1413\">Tartalmazza az \u00f6sszes sz\u00fcks\u00e9ges kiv\u00e1g\u00e1st a <strong data-start=\"1374\" data-end=\"1411\">portokhoz, az akkumul\u00e1torhoz \u00e9s a h\u0171t\u0151ny\u00edl\u00e1sokhoz<\/strong><\/li>\n<\/ul>\n<p data-start=\"1415\" data-end=\"1528\">\ud83d\udcf8 <strong data-start=\"1418\" \u200b\u200bdata-end=\"1434\">Val\u00f3di fot\u00f3k:<\/strong> Az adatlapon szerepl\u0151 k\u00e9peken a <strong data-start=\"1471\" data-end=\"1493\">pontos als\u00f3 panel<\/strong> l\u00e1that\u00f3 \u2013 nem lesz meglepet\u00e9s!<\/strong><\/p>\n<p data-start=\"1530\" data-end=\"1652\">\u2753 <strong data-start=\"1532\" data-end=\"1546\">Seg\u00edts\u00e9gre van sz\u00fcks\u00e9ge?<\/strong> Nem adunk telep\u00edt\u00e9si utas\u00edt\u00e1sokat, de ha k\u00e9rd\u00e9se van, nyugodtan <strong data-start=\"1635\" data-end=\"1649\" data-end=\"1649\"<\/strong>\u00fczenjen.<\/p>\n<p data-start=\"1654\" data-end=\"1774\">\ud83d\udce6 <strong data-start=\"1657\" data-end=\"1685\">Gyors sz\u00e1ll\u00edt\u00e1s a vil\u00e1g minden pontj\u00e1ra!<\/strong> Hozd vissza laptopod cs\u00facsform\u00e1j\u00e1t ezzel a <strong data-start=\"1730\" data-end=\"1771\"><\/strong> kiv\u00e1l\u00f3 min\u0151s\u00e9g\u0171 als\u00f3 bor\u00edt\u00f3val.<\/p>\n","protected":false},"excerpt":{"rendered":"<p>Cser\u00e9lje ki a s\u00e9r\u00fclt vagy hi\u00e1nyz\u00f3 als\u00f3 fedelet erre az <strong data-start=\"376\" data-end=\"430\">eredeti Toshiba Satellite C50D-A-133 als\u00f3 panelre<\/strong>. <strong data-start=\"432\" data-end=\"497\">Eredeti r\u00e9sz val\u00f3di fot\u00f3kkal \u2013 amit l\u00e1tsz, azt kapod!<\/strong><\/p>\n","protected":false},"featured_media":11107,"template":"","meta":[],"product_brand":[],"product_cat":[16],"product_tag":[34],"class_list":{"0":"post-11067","1":"product","2":"type-product","3":"status-publish","4":"has-post-thumbnail","6":"product_cat-laptop-housing","7":"product_tag-toshiba","9":"first","10":"instock","11":"taxable","12":"shipping-taxable","13":"purchasable","14":"product-type-simple"},"_links":{"self":[{"href":"https:\/\/boreait.com\/hu\/wp-json\/wp\/v2\/product\/11067","targetHints":{"allow":["GET"]}}],"collection":[{"href":"https:\/\/boreait.com\/hu\/wp-json\/wp\/v2\/product"}],"about":[{"href":"https:\/\/boreait.com\/hu\/wp-json\/wp\/v2\/types\/product"}],"wp:featuredmedia":[{"embeddable":true,"href":"https:\/\/boreait.com\/hu\/wp-json\/wp\/v2\/media\/11107"}],"wp:attachment":[{"href":"https:\/\/boreait.com\/hu\/wp-json\/wp\/v2\/media?parent=11067"}],"wp:term":[{"taxonomy":"product_brand","embeddable":true,"href":"https:\/\/boreait.com\/hu\/wp-json\/wp\/v2\/product_brand?post=11067"},{"taxonomy":"product_cat","embeddable":true,"href":"https:\/\/boreait.com\/hu\/wp-json\/wp\/v2\/product_cat?post=11067"},{"taxonomy":"product_tag","embeddable":true,"href":"https:\/\/boreait.com\/hu\/wp-json\/wp\/v2\/product_tag?post=11067"}],"curies":[{"name":"wp","href":"https:\/\/api.w.org\/{rel}","templated":true}]}}