{"id":11065,"date":"2025-09-17T13:09:42","date_gmt":"2025-09-17T11:09:42","guid":{"rendered":"https:\/\/boreait.com\/hu\/?post_type=product&#038;p=11065"},"modified":"2025-09-17T13:10:54","modified_gmt":"2025-09-17T11:10:54","slug":"szemelyre-szabott-3d-nyomtatott-sziv-litofan-egyedi-fenykepes-ajandek-evfordulora","status":"publish","type":"product","link":"https:\/\/boreait.com\/hu\/termek\/szemelyre-szabott-3d-nyomtatott-sziv-litofan-egyedi-fenykepes-ajandek-evfordulora\/","title":{"rendered":"Szem\u00e9lyre szabott 3D-nyomtatott sz\u00edv litof\u00e1n \u2013 egyedi f\u00e9nyk\u00e9pes aj\u00e1nd\u00e9k \u00e9vfordul\u00f3ra"},"content":{"rendered":"<h4 data-start=\"231\" data-end=\"321\"><strong data-start=\"236\" data-end=\"319\">Egyedi 3D-nyomtatott sz\u00edv litof\u00e1n \u2013 Egyed\u00fcl\u00e1ll\u00f3 &amp; K\u00f6rnyezetbar\u00e1t szem\u00e9lyre szabott aj\u00e1nd\u00e9k!<\/strong><\/h4>\n<p data-start=\"323\" data-end=\"592\">Egy <strong data-start=\"337\" data-end=\"368\">k\u00fcl\u00f6nleges \u00e9s tartalmas aj\u00e1nd\u00e9kot keres<\/strong>? Ez a <strong data-start=\"375\" data-end=\"402\">sz\u00edv alak\u00fa litof\u00e1n<\/strong> egy <strong data-start=\"408\" data-end=\"434\">egyed\u00fcl\u00e1ll\u00f3 eml\u00e9k<\/strong>, amely megvil\u00e1g\u00edtva gy\u00f6ny\u00f6r\u0171en megjelen\u00edti kedvenc f\u00e9nyk\u00e9p\u00e9t. T\u00f6k\u00e9letes <strong data-start=\"511\" data-end=\"590\">Valentin-napra, esk\u00fcv\u0151kre, \u00e9vfordul\u00f3kra, sz\u00fclet\u00e9snapokra vagy b\u00e1rmilyen k\u00fcl\u00f6nleges pillanatra!<\/strong><\/p>\n<p data-start=\"594\" data-end=\"1012\">\ud83d\udc96 <strong data-start=\"597\" data-end=\"635\">Mi\u00e9rt v\u00e1lassza ezt az egy\u00e9ni litof\u00e1nt?<\/strong><br data-start=\"635\" data-end=\"638\" \/>\u2714 <strong data-start=\"640\" szem\u00e9lyre szabott \u2013 val\u00f3ban 7\"> Az \u00d6n f\u00e9nyk\u00e9p\u00e9vel \u00e9s szem\u00e9lyre szabott 7&#8243;> szentiment\u00e1lis aj\u00e1nd\u00e9k.<br data-start=\"711\" data-end=\"714\" \/>\u2714 <strong data-start=\"716\" data-end=\"744\">Kiv\u00e1l\u00f3 min\u0151s\u00e9g\u0171 3D nyomtat\u00e1s<\/strong> \u2013 prec\u00edzen elk\u00e9sz\u00edtve a leny\u0171g\u00f6z\u0151 f\u00e9nyhat\u00e1s \u00e9rdek\u00e9ben.<br data-start=\"795\" data-end=\"795\" <br \/>data-end=&#8221;798&#8243; data-end=&#8221;820&#8243;>V\u00e1laszthat\u00f3 sz\u00edn<\/strong> \u2013 <strong data-start=\"836\" data-end=\"854\">feh\u00e9r vagy arany sz\u00ednben kaphat\u00f3.<\/strong><br data-start=\"854\" data-end=\"857\" \/>\u2714 <strong data-start=\"859\" data-end=\"900\">K\u00f6rnyezetbar\u00e1t anyag \u2013<br \/>PLA<\/strong> data-start=&#8221;903&#8243; data-end=&#8221;906&#8243; \/>\u2714 <strong data-start=\"908\" data-end=\"941\">T\u00f6k\u00e9letes aj\u00e1nd\u00e9k minden alkalomra<\/strong> \u2013 Sz\u00edvmelenget\u0151 aj\u00e1nd\u00e9k <strong data-start=\"968\" data-end=\"1010\">neki, neki, p\u00e1roknak, csal\u00e1dtagoknak vagy bar\u00e1toknak.<\/strong><\/p>\n<hr data-start=\"1014\" data-end=\"1017\" \/>\n<h3 data-start=\"1019\" data-end=\"1075\"><strong data-start=\"1023\" data-end=\"1073\">\u267b\ufe0f K\u00f6rnyezetbar\u00e1t \u2013 PLA-b\u00f3l k\u00e9sz\u00fclt \ud83c\udf3f<\/strong><\/h3>\n<p data-start=\"1076\" data-end=\"1412\">Ez a litof\u00e1n 3D-s nyomtat\u00e1sa <strong data-start=\"1112\" data-end=\"1243\">PLA (politejsav) felhaszn\u00e1l\u00e1s\u00e1val k\u00e9sz\u00fclt, amely egy biol\u00f3giailag leboml\u00f3, h\u0151re l\u00e1gyul\u00f3 m\u0171anyag, amely meg\u00fajul\u00f3, szerves forr\u00e1sokb\u00f3l sz\u00e1rmazik, p\u00e9ld\u00e1ul kukoricakem\u00e9ny\u00edt\u0151b\u0151l<\/strong> vagy hagyom\u00e1nyos PLA-b\u00f3l k\u00e9sz\u00fclt cukorn\u00e1db\u00f3l. <strong data-start=\"1319\" data-end=\"1410\">biomassza-forr\u00e1sok felhaszn\u00e1l\u00e1s\u00e1val \u00e1ll\u00edtj\u00e1k el\u0151, \u00edgy fenntarthat\u00f3bb \u00e9s k\u00f6rnyezetbar\u00e1tabb v\u00e1laszt\u00e1s<\/strong><\/p>\n<p>.<\/p>\n<p data-start=\"1414\" data-end=\"1533\">A term\u00e9k kiv\u00e1laszt\u00e1s\u00e1val <strong data-start=\"1448\" data-end=\"1485\">t\u00e1mogatja a k\u00f6rnyezetbar\u00e1t anyagokat<\/strong> \u00e9s cs\u00f6kkenti k\u00f6rnyezeti l\u00e1bnyom\u00e1t. \u267b\ufe0f<\/p>\n<hr data-start=\"1535\" data-end=\"1538\" \/>\n<h3 data-start=\"1540\" data-end=\"1566\"><strong data-start=\"1544\" data-end=\"1564\">\ud83d\udccc Rendel\u00e9s m\u00f3dja:<\/strong><\/h3>\n<p data-start=\"1567\" data-end=\"1808\">1\ufe0f\u20e3 <strong data-start=\"1571\" data-end=\"1591\">Adja le rendel\u00e9s\u00e9t<\/strong> az eBay-en.<br data-start=\"1600\" data-end=\"1603\" \/>2\ufe0f\u20e3&#8221;>az \u00d6n kiv\u00e1lasztott adatait &#8222;6END=&#8221;0end=&#8221;0-7&#8243;3=&#8221;1\ufe0f\u20e3 <strong data-1\"3\" fot\u00f3<\/strong> eBay-\u00fczenetben vagy e-mailben.<br data-start=\"1660\" data-end=\"1663\" \/>3\ufe0f\u20e3 Biztos\u00edtok <strong data-start=\"1682\" data-end=\"1712\">2 vagy t\u00f6bb sablonlehet\u0151s\u00e9get<\/strong>, amelyek k\u00f6z\u00fcl v\u00e1laszthat.<br data-start=\"1736\" Egyszer meger\u0151s\u00edtem, <strong>9&#8243; \/strong> data-start=&#8221;1768&#8243; data-end=&#8221;1806&#8243;>kezdje el a litof\u00e1n 3D-s nyomtat\u00e1s\u00e1t.<\/strong><\/p>\n<p data-start=\"1810\" data-end=\"1874\">\ud83d\udccf <strong data-start=\"1813\" data-end=\"1822\">M\u00e9ret:<\/strong> 9 cm x 9 cm<br data-start=\"1834\" data-end=\"1837\" \/>\ud83c\udfa8 <strong data-start=\"1837\" \/>\ud83c\udfa8 <strong data-start=\"5\">Coend=&#8221;84lor1&#8243;>Co Lehet\u0151s\u00e9gek:<\/strong> feh\u00e9r vagy arany<\/p>\n<hr data-start=\"1876\" data-end=\"1879\" \/>\n<p data-start=\"1881\" data-end=\"2067\">\ud83d\udca1 <strong data-start=\"1884\" data-end=\"1901\">Hogyan m\u0171k\u00f6dik:<\/strong><br data-start=\"1901\" data-end=\"1904\" \/>Ez a <strong data-start=\"1909\"<\/strong>lited4&#8243;>Dat-hops=&#8221;1909&#8243;<\/strong> light4&#8243;>Dta-hops=&#8221;1909&#8243; lit> hogy leny\u0171g\u00f6z\u0151 r\u00e9szletess\u00e9ggel fedje fel f\u00e9nyk\u00e9p\u00e9t. Helyezze <strong data-start=\"2010\" data-end=\"2040\">ablak, l\u00e1mpa vagy LED-l\u00e1mpa<\/strong> el\u00e9, hogy megl\u00e1ssa a var\u00e1zslatot!<\/p>\n<p data-start=\"2069\" data-end=\"2310\">\ud83c\udf81 <strong data-start=\"2072\" data-end=\"2091\">Ide\u00e1lis aj\u00e1nd\u00e9k:<\/strong><br data-start=\"2091\" data-end=\"2094\" \/>\u2714 <strong=\"data-start=\"2096\" 5. nap -<\/strong>Valentine\u2019s-<\/strong>1. Lepje meg kedves\u00e9t egy k\u00fcl\u00f6nleges eml\u00e9kkel.<br data-start=\"2166\" data-end=\"2169\" \/>\u2714 <strong data-start=\"2171\" data-end=\"2199\">\u00c9vfordul\u00f3k \u00e9s \u00e9vfordul\u00f3k; Esk\u00fcv\u0151k<\/strong> \u2013 Id\u0151tlen eml\u00e9k egyedi form\u00e1ban.<br data-start=\"2237\" data-end=\"2240\" \/>\u2714 <strong data-start=\"2242\" data-end=\"2273\">Sz\u00fclet\u00e9snapok \u00e9s amp; K\u00fcl\u00f6nleges pillanatok<\/strong> \u2013 K\u00e9sz\u00edtsen meghat\u00f3 szem\u00e9lyes aj\u00e1nd\u00e9kot.<\/p>\n<hr data-start=\"2312\" data-end=\"2315\" \/>\n<p data-start=\"2317\" data-end=\"2443\">\ud83d\udce6 <strong data-start=\"2320\" data-end=\"2346\">Feldolgoz\u00e1s \u00e9s amp; Sz\u00e1ll\u00edt\u00e1s:<\/strong><br data-start=\"2346\" data-end=\"2349\" \/>\u2705 <strong data-start=\"2351\" data-end=\"2368\">Rendel\u00e9sre k\u00e9sz\u00fclt<\/strong> szeretettel \u00e9s odafigyel\u00e9ssel.<br data-start=\"2388\" data-end=\"2391\" \/>\u2705 <strong data-start=\"2351\" data-end=\"2368\">\u2705 <strong data-start=\"2351\" data-end=\"2368\"> biztons\u00e1gos sz\u00e1ll\u00edt\u00e1s<\/strong>b\u00f3l [az \u00d6n hely\u00e9r\u0151l].<\/p>\n<p data-start=\"2445\" data-end=\"2513\">\ud83d\udcac <strong data-start=\"2448\" data-end=\"2466\">K\u00e9rd\u00e9sei vannak?<\/strong> Nyugodtan \u00edrjon nekem \u2013 sz\u00edvesen seg\u00edtek!<\/p>\n<hr data-start=\"2515\" data-end=\"2518\" \/>\n<p data-start=\"2520\" data-end=\"2582\">\ud83d\udd39 <strong data-start=\"2523\" data-end=\"2577\">K\u00e9zzel k\u00e9sz\u00edtett gondoss\u00e1ggal \u2013 Egy \u00e9letre sz\u00f3l\u00f3 aj\u00e1nd\u00e9k!<\/strong> \ud83d\udd39<\/p>\n","protected":false},"excerpt":{"rendered":"<p>#VALUE!<\/p>\n","protected":false},"featured_media":11105,"template":"","meta":[],"product_brand":[],"product_cat":[89],"product_tag":[],"class_list":{"0":"post-11065","1":"product","2":"type-product","3":"status-publish","4":"has-post-thumbnail","6":"product_cat-uncategorized","8":"first","9":"instock","10":"taxable","11":"shipping-taxable","12":"purchasable","13":"product-type-simple"},"_links":{"self":[{"href":"https:\/\/boreait.com\/hu\/wp-json\/wp\/v2\/product\/11065","targetHints":{"allow":["GET"]}}],"collection":[{"href":"https:\/\/boreait.com\/hu\/wp-json\/wp\/v2\/product"}],"about":[{"href":"https:\/\/boreait.com\/hu\/wp-json\/wp\/v2\/types\/product"}],"wp:featuredmedia":[{"embeddable":true,"href":"https:\/\/boreait.com\/hu\/wp-json\/wp\/v2\/media\/11105"}],"wp:attachment":[{"href":"https:\/\/boreait.com\/hu\/wp-json\/wp\/v2\/media?parent=11065"}],"wp:term":[{"taxonomy":"product_brand","embeddable":true,"href":"https:\/\/boreait.com\/hu\/wp-json\/wp\/v2\/product_brand?post=11065"},{"taxonomy":"product_cat","embeddable":true,"href":"https:\/\/boreait.com\/hu\/wp-json\/wp\/v2\/product_cat?post=11065"},{"taxonomy":"product_tag","embeddable":true,"href":"https:\/\/boreait.com\/hu\/wp-json\/wp\/v2\/product_tag?post=11065"}],"curies":[{"name":"wp","href":"https:\/\/api.w.org\/{rel}","templated":true}]}}