{"id":11062,"date":"2025-09-17T13:09:42","date_gmt":"2025-09-17T11:09:42","guid":{"rendered":"https:\/\/boreait.com\/hu\/?post_type=product&#038;p=11062"},"modified":"2025-09-17T13:10:51","modified_gmt":"2025-09-17T11:10:51","slug":"acer-nitro-5-an515-45-r42p-156-fhd-144hz-matt-ips-lcd-kepernyo-40-tus-uj","status":"publish","type":"product","link":"https:\/\/boreait.com\/hu\/termek\/acer-nitro-5-an515-45-r42p-156-fhd-144hz-matt-ips-lcd-kepernyo-40-tus-uj\/","title":{"rendered":"Acer Nitro 5 AN515-45-R42P 15,6&#8243; FHD 144Hz matt IPS LCD k\u00e9perny\u0151 40 t\u0171s &#8211; \u00daj"},"content":{"rendered":"<p><strong>T\u00e9nyleges LCD-k\u00e9perny\u0151s modell: N156HRA-EA1 C2 \u2013 TELJESEN KOMPATIBILIS Acer Nitro 5 AN515-45-R42P LAPTOP K\u00c9PERNY\u0150VEL<\/strong><\/p>\n<p>Friss\u00edtse j\u00e1t\u00e9k\u00e9lm\u00e9ny\u00e9t az Acer Nitro 5 AN515-45-R42P 15,6 h\u00fcvelykes FHD LCD k\u00e9perny\u0151vel. A j\u00e1t\u00e9kosok sz\u00e1m\u00e1ra tervezett nagy teljes\u00edtm\u00e9ny\u0171 kijelz\u0151 matt, IPS panellel rendelkezik 144 Hz-es friss\u00edt\u00e9si gyakoris\u00e1ggal, amely egyenletes \u00e9s \u00e9l\u00e9nk l\u00e1tv\u00e1nyt ny\u00fajt a mag\u00e1val ragad\u00f3 j\u00e1t\u00e9k\u00e9lm\u00e9ny \u00e9rdek\u00e9ben. A 40 t\u0171s csatlakoz\u00f3 kompatibilis az Acer Nitro 5 laptopj\u00e1val, m\u00edg a t\u00fckr\u00f6z\u0151d\u00e9smentes matt fel\u00fclet cs\u00f6kkenti a szem meger\u0151ltet\u00e9s\u00e9t a hossz\u00fa j\u00e1t\u00e9kmenetek sor\u00e1n. Ez a vadonat\u00faj k\u00e9perny\u0151 \u00f6ntapad\u00f3 cs\u00edkokkal rendelkezik az egyszer\u0171 telep\u00edt\u00e9s \u00e9rdek\u00e9ben, \u00edgy t\u00f6k\u00e9letes helyettes\u00edt\u0151je vagy friss\u00edt\u00e9se laptopj\u00e1hoz. Ak\u00e1r gyors temp\u00f3j\u00fa j\u00e1t\u00e9kokban k\u00fczd, ak\u00e1r r\u00e9szletes projekteken dolgozik, ez a kijelz\u0151 kiv\u00e9teles tisztas\u00e1got, sz\u00ednpontoss\u00e1got \u00e9s reakci\u00f3k\u00e9szs\u00e9get k\u00edn\u00e1l. N\u00f6velje j\u00e1t\u00e9kbe\u00e1ll\u00edt\u00e1sait ezzel a pr\u00e9mium min\u0151s\u00e9g\u0171 LCD-k\u00e9perny\u0151vel m\u00e9g ma!<\/p>\n","protected":false},"excerpt":{"rendered":"<p>Fejtse fel Acer Nitro 5 AN515-45-R42P k\u00e9sz\u00fcl\u00e9k\u00e9t ezzel a 15,6 h\u00fcvelykes FHD, 144 Hz-es, IPS LCD k\u00e9perny\u0151vel. A matt fel\u00fclettel, 40 t\u0171s csatlakoz\u00f3val \u00e9s a mell\u00e9kelt \u00f6ntapad\u00f3 cs\u00edkokkal rendelkez\u0151 \u00faj kijelz\u0151 sima, \u00e9l\u00e9nk l\u00e1tv\u00e1nyt ny\u00fajt a j\u00e1t\u00e9khoz \u00e9s a munk\u00e1hoz. Friss\u00edt\u00e9shez vagy cser\u00e9hez t\u00f6k\u00e9letes!<\/p>\n","protected":false},"featured_media":11104,"template":"","meta":[],"product_brand":[],"product_cat":[81,71],"product_tag":[],"class_list":{"0":"post-11062","1":"product","2":"type-product","3":"status-publish","4":"has-post-thumbnail","6":"product_cat-15-6-new-laptop-screens-lcd-panels","7":"product_cat-new-laptop-screens-lcd-panels","9":"first","10":"instock","11":"taxable","12":"shipping-taxable","13":"purchasable","14":"product-type-simple"},"_links":{"self":[{"href":"https:\/\/boreait.com\/hu\/wp-json\/wp\/v2\/product\/11062","targetHints":{"allow":["GET"]}}],"collection":[{"href":"https:\/\/boreait.com\/hu\/wp-json\/wp\/v2\/product"}],"about":[{"href":"https:\/\/boreait.com\/hu\/wp-json\/wp\/v2\/types\/product"}],"wp:featuredmedia":[{"embeddable":true,"href":"https:\/\/boreait.com\/hu\/wp-json\/wp\/v2\/media\/11104"}],"wp:attachment":[{"href":"https:\/\/boreait.com\/hu\/wp-json\/wp\/v2\/media?parent=11062"}],"wp:term":[{"taxonomy":"product_brand","embeddable":true,"href":"https:\/\/boreait.com\/hu\/wp-json\/wp\/v2\/product_brand?post=11062"},{"taxonomy":"product_cat","embeddable":true,"href":"https:\/\/boreait.com\/hu\/wp-json\/wp\/v2\/product_cat?post=11062"},{"taxonomy":"product_tag","embeddable":true,"href":"https:\/\/boreait.com\/hu\/wp-json\/wp\/v2\/product_tag?post=11062"}],"curies":[{"name":"wp","href":"https:\/\/api.w.org\/{rel}","templated":true}]}}