{"id":11053,"date":"2025-09-17T13:09:19","date_gmt":"2025-09-17T11:09:19","guid":{"rendered":"https:\/\/boreait.com\/hu\/?post_type=product&#038;p=11053"},"modified":"2025-09-17T13:10:51","modified_gmt":"2025-09-17T11:10:51","slug":"nv156fhm-nx3-v8-0-156-fhd-144hz-ips-matt-gamer-laptop-lcd-kepernyo-uj","status":"publish","type":"product","link":"https:\/\/boreait.com\/hu\/termek\/nv156fhm-nx3-v8-0-156-fhd-144hz-ips-matt-gamer-laptop-lcd-kepernyo-uj\/","title":{"rendered":"NV156FHM-NX3 V8.0 15,6&#8243; FHD 144Hz IPS matt gamer laptop LCD k\u00e9perny\u0151 &#8211; \u00daj"},"content":{"rendered":"<p><strong>T\u00e9nyleges LCD-k\u00e9perny\u0151s modell: N156HRA-EA1 C2 \u2013 TELJESEN KOMPATIBILIS AZ NV156FHM-NX3 V8.0 LAPTOP K\u00c9PERNY\u0150VEL<\/strong><\/p>\n<p>Fokozza j\u00e1t\u00e9k laptopj\u00e1t az NV156FHM-NX3 V8.0 15,6 h\u00fcvelykes FHD 144 Hz-es matt IPS LCD-k\u00e9perny\u0151vel. A j\u00e1t\u00e9kosok \u00e9s a profik sz\u00e1m\u00e1ra egyar\u00e1nt tervezett kiv\u00e1l\u00f3 min\u0151s\u00e9g\u0171 kijelz\u0151 leny\u0171g\u00f6z\u0151 l\u00e1tv\u00e1nyt ny\u00fajt 1920&#215;1080 pixeles Full HD felbont\u00e1ssal, mik\u00f6zben az IPS k\u00e9ppontos l\u00e1t\u00f3sz\u00f6get \u00e9s a pontos sz\u00ednez\u00e9st biztos\u00edtja. A 144 Hz-es friss\u00edt\u00e9si frekvencia rendk\u00edv\u00fcl sima j\u00e1t\u00e9kmenetet biztos\u00edt a mag\u00e1val ragad\u00f3 \u00e9lm\u00e9ny \u00e9rdek\u00e9ben.<\/p>\n<p>Ez a k\u00e9perny\u0151 40 t\u0171s csatlakoz\u00f3val rendelkezik, \u00edgy kompatibilis a j\u00e1t\u00e9kra sz\u00e1nt laptopok sz\u00e9les v\u00e1laszt\u00e9k\u00e1val. A matt fel\u00fclet cs\u00f6kkenti a t\u00fckr\u00f6z\u0151d\u00e9st, \u00edgy m\u00e9g er\u0151sen megvil\u00e1g\u00edtott k\u00f6rnyezetben is tiszta l\u00e1that\u00f3s\u00e1got biztos\u00edt. Legyen sz\u00f3 j\u00e1t\u00e9kr\u00f3l, szerkeszt\u00e9sr\u0151l vagy t\u00f6bbfeladatos munk\u00e1r\u00f3l, ez a kijelz\u0151 kiv\u00e9teles teljes\u00edtm\u00e9nyt \u00e9s tisztas\u00e1got k\u00edn\u00e1l.<\/p>\n<p>A csomag \u00f6ntapad\u00f3 cs\u00edkokat tartalmaz a probl\u00e9mamentes telep\u00edt\u00e9shez, amely megk\u00f6nny\u00edti a laptop k\u00e9perny\u0151j\u00e9nek cser\u00e9j\u00e9t vagy friss\u00edt\u00e9s\u00e9t. A vadonat\u00faj \u00e9s haszn\u00e1latra k\u00e9sz NV156FHM-NX3 V8.0 t\u00f6k\u00e9letes v\u00e1laszt\u00e1s mindazok sz\u00e1m\u00e1ra, akik laptopja kijelz\u0151min\u0151s\u00e9g\u00e9t szeretn\u00e9k jav\u00edtani. Friss\u00edtsen m\u00e9g ma, \u00e9s \u00e9lvezze az \u00e9lesebb, gyorsabb \u00e9s \u00e9l\u00e9nkebb vizu\u00e1lis \u00e9lm\u00e9nyt!<\/p>\n","protected":false},"excerpt":{"rendered":"<p>N\u00f6velje j\u00e1t\u00e9k\u00e9lm\u00e9ny\u00e9t az NV156FHM-NX3 V8.0 15,6 h\u00fcvelykes FHD 144 Hz-es matt IPS LCD-k\u00e9perny\u0151vel. 40 t\u0171s csatlakoz\u00f3val, \u00e9l\u00e9nk sz\u00ednekkel \u00e9s z\u00f6kken\u0151mentes j\u00e1t\u00e9kmenettel ez az \u00faj k\u00e9perny\u0151 t\u00f6k\u00e9letes j\u00e1t\u00e9k laptopokhoz. \u00d6ntapad\u00f3 cs\u00edkokat tartalmaz az egyszer\u0171 telep\u00edt\u00e9s \u00e9rdek\u00e9ben.<\/p>\n","protected":false},"featured_media":11104,"template":"","meta":[],"product_brand":[],"product_cat":[81,71],"product_tag":[],"class_list":{"0":"post-11053","1":"product","2":"type-product","3":"status-publish","4":"has-post-thumbnail","6":"product_cat-15-6-new-laptop-screens-lcd-panels","7":"product_cat-new-laptop-screens-lcd-panels","9":"first","10":"instock","11":"taxable","12":"shipping-taxable","13":"purchasable","14":"product-type-simple"},"_links":{"self":[{"href":"https:\/\/boreait.com\/hu\/wp-json\/wp\/v2\/product\/11053","targetHints":{"allow":["GET"]}}],"collection":[{"href":"https:\/\/boreait.com\/hu\/wp-json\/wp\/v2\/product"}],"about":[{"href":"https:\/\/boreait.com\/hu\/wp-json\/wp\/v2\/types\/product"}],"wp:featuredmedia":[{"embeddable":true,"href":"https:\/\/boreait.com\/hu\/wp-json\/wp\/v2\/media\/11104"}],"wp:attachment":[{"href":"https:\/\/boreait.com\/hu\/wp-json\/wp\/v2\/media?parent=11053"}],"wp:term":[{"taxonomy":"product_brand","embeddable":true,"href":"https:\/\/boreait.com\/hu\/wp-json\/wp\/v2\/product_brand?post=11053"},{"taxonomy":"product_cat","embeddable":true,"href":"https:\/\/boreait.com\/hu\/wp-json\/wp\/v2\/product_cat?post=11053"},{"taxonomy":"product_tag","embeddable":true,"href":"https:\/\/boreait.com\/hu\/wp-json\/wp\/v2\/product_tag?post=11053"}],"curies":[{"name":"wp","href":"https:\/\/api.w.org\/{rel}","templated":true}]}}