{"id":11052,"date":"2025-09-17T13:09:19","date_gmt":"2025-09-17T11:09:19","guid":{"rendered":"https:\/\/boreait.com\/hu\/?post_type=product&#038;p=11052"},"modified":"2025-09-17T13:10:50","modified_gmt":"2025-09-17T11:10:50","slug":"ne156fhm-nx2-v18-0-156-fhd-ips-144-hz-matt-lcd-kepernyo-40-tus-jatek","status":"publish","type":"product","link":"https:\/\/boreait.com\/hu\/termek\/ne156fhm-nx2-v18-0-156-fhd-ips-144-hz-matt-lcd-kepernyo-40-tus-jatek\/","title":{"rendered":"NE156FHM-NX2 V18.0 15,6&#8243; FHD IPS 144 Hz matt LCD k\u00e9perny\u0151 40 t\u0171s j\u00e1t\u00e9k"},"content":{"rendered":"<p><strong>T\u00e9nyleges LCD-k\u00e9perny\u0151s modell: N156HRA-EA1 C2 \u2013 TELJESEN KOMPATIBILIS A NE156FHM-NX2 V18.0 LAPTOP K\u00c9PERNY\u0150VEL<\/strong><\/p>\n<p>Fokozza a j\u00e1t\u00e9k\u00e9lm\u00e9nyt \u00e9s a termel\u00e9kenys\u00e9get az NE156FHM-NX2 V18.0 15,6 h\u00fcvelykes Full HD (1920&#215;1080) IPS kijelz\u0151vel. A nagy teljes\u00edtm\u00e9ny\u0171 laptopokhoz tervezett k\u00e9perny\u0151 144 Hz-es friss\u00edt\u00e9si frekvenci\u00e1t k\u00edn\u00e1l a rendk\u00edv\u00fcl sima mozg\u00e1s \u00e9s a matt l\u00e1t\u00f3sz\u00f6g\u0171 PS sz\u00ednek cs\u00f6kkent\u00e9se \u00e9rdek\u00e9ben. T\u00f6k\u00e9letes a j\u00e1t\u00e9kosok, alkot\u00f3k \u00e9s szakemberek sz\u00e1m\u00e1ra 40 t\u0171s eDP-csatlakoz\u00f3val rendelkezik, \u00e9s konzolok n\u00e9lk\u00fcl \u00e9rkezik, de tartalmaz \u00f6ntapad\u00f3 cs\u00edkokat a k\u00f6nny\u0171 telep\u00edt\u00e9s \u00e9rdek\u00e9ben, ez a pr\u00e9mium min\u0151s\u00e9g\u0171 LCD-panel kiv\u00e1l\u00f3 teljes\u00edtm\u00e9nyt \u00e9s tart\u00f3ss\u00e1got biztos\u00edt.<\/p>\n","protected":false},"excerpt":{"rendered":"<p>Friss\u00edtse laptopj\u00e1t az NE156FHM-NX2 V18.0 15,6 h\u00fcvelykes FHD IPS 144 Hz-es j\u00e1t\u00e9kk\u00e9perny\u0151vel. \u00c9lvezze az ultrasima l\u00e1tv\u00e1nyt, az \u00e9l\u00e9nk sz\u00edneket \u00e9s a csillog\u00e1smentes matt fel\u00fcletet. 40 t\u0171s csatlakoz\u00f3val \u00e9s \u00f6ntapad\u00f3 cs\u00edkokkal rendelkezik az egyszer\u0171 telep\u00edt\u00e9s \u00e9rdek\u00e9ben.<\/p>\n","protected":false},"featured_media":11104,"template":"","meta":[],"product_brand":[],"product_cat":[81,71],"product_tag":[],"class_list":{"0":"post-11052","1":"product","2":"type-product","3":"status-publish","4":"has-post-thumbnail","6":"product_cat-15-6-new-laptop-screens-lcd-panels","7":"product_cat-new-laptop-screens-lcd-panels","9":"first","10":"instock","11":"taxable","12":"shipping-taxable","13":"purchasable","14":"product-type-simple"},"_links":{"self":[{"href":"https:\/\/boreait.com\/hu\/wp-json\/wp\/v2\/product\/11052","targetHints":{"allow":["GET"]}}],"collection":[{"href":"https:\/\/boreait.com\/hu\/wp-json\/wp\/v2\/product"}],"about":[{"href":"https:\/\/boreait.com\/hu\/wp-json\/wp\/v2\/types\/product"}],"wp:featuredmedia":[{"embeddable":true,"href":"https:\/\/boreait.com\/hu\/wp-json\/wp\/v2\/media\/11104"}],"wp:attachment":[{"href":"https:\/\/boreait.com\/hu\/wp-json\/wp\/v2\/media?parent=11052"}],"wp:term":[{"taxonomy":"product_brand","embeddable":true,"href":"https:\/\/boreait.com\/hu\/wp-json\/wp\/v2\/product_brand?post=11052"},{"taxonomy":"product_cat","embeddable":true,"href":"https:\/\/boreait.com\/hu\/wp-json\/wp\/v2\/product_cat?post=11052"},{"taxonomy":"product_tag","embeddable":true,"href":"https:\/\/boreait.com\/hu\/wp-json\/wp\/v2\/product_tag?post=11052"}],"curies":[{"name":"wp","href":"https:\/\/api.w.org\/{rel}","templated":true}]}}