{"id":11051,"date":"2025-09-17T13:09:19","date_gmt":"2025-09-17T11:09:19","guid":{"rendered":"https:\/\/boreait.com\/hu\/?post_type=product&#038;p=11051"},"modified":"2025-09-17T13:10:50","modified_gmt":"2025-09-17T11:10:50","slug":"156-huvelykes-fhd-ips-144-hz-matt-lcd-kepernyo-n156hma-ga1-40-tus-jatek-laptop","status":"publish","type":"product","link":"https:\/\/boreait.com\/hu\/termek\/156-huvelykes-fhd-ips-144-hz-matt-lcd-kepernyo-n156hma-ga1-40-tus-jatek-laptop\/","title":{"rendered":"15,6 h\u00fcvelykes FHD IPS 144 Hz matt LCD k\u00e9perny\u0151 N156HMA-GA1 40 t\u0171s j\u00e1t\u00e9k laptop"},"content":{"rendered":"<p><strong>T\u00e9nyleges LCD-k\u00e9perny\u0151s modell: N156HRA-EA1 C2 \u2013 TELJESEN KOMPATIBILIS AZ N156HMA-GA1 LAPTOP K\u00c9PERNY\u0150VEL<\/strong><\/p>\n<p>Fokozza j\u00e1t\u00e9k\u00e1t \u00e9s termel\u00e9kenys\u00e9g\u00e9t az <strong>N156HMA-GA1<\/strong> 15,6 h\u00fcvelykes Full HD LCD-k\u00e9perny\u0151vel. A <strong>j\u00e1t\u00e9kosok \u00e9s profik<\/strong> sz\u00e1m\u00e1ra tervezett kijelz\u0151 <strong>IPS-panellel<\/strong> \u00e9l\u00e9nk sz\u00edneket \u00e9s sz\u00e9les betekint\u00e9si sz\u00f6get biztos\u00edt. A <strong>144 Hz-es immerzi\u00f3s mozg\u00e1s cs\u00f6kkenti a k\u00e9pfriss\u00edt\u00e9st \u00e9s a k\u00e9pfriss\u00edt\u00e9st<\/strong>. tapasztalat.<\/p>\n<p>A <strong>matt, t\u00fckr\u00f6z\u0151d\u00e9smentes fel\u00fclet<\/strong> minim\u00e1lisra cs\u00f6kkenti a t\u00fckr\u00f6z\u0151d\u00e9st, \u00edgy ide\u00e1lis k\u00fcl\u00f6nf\u00e9le f\u00e9nyviszonyokhoz. A <strong>40 t\u0171s eDP-csatlakoz\u00f3val<\/strong> biztos\u00edtja a <strong>kompatibilit\u00e1st t\u00f6bb j\u00e1t\u00e9kra sz\u00e1nt laptoppal<\/strong>. Ez a k\u00e9perny\u0151 <strong>r\u00f6gz\u00edt\u0151konzolok n\u00e9lk\u00fcl<\/strong> \u00e9rkezik, de <strong>\u00f6ntapad\u00f3 cs\u00edkokat<\/strong> tartalmaz a probl\u00e9mamentes telep\u00edt\u00e9s \u00e9rdek\u00e9ben.<\/p>\n<p><strong>F\u0151bb jellemz\u0151k:<\/strong><\/p>\n<p>\u2714 <strong>15,6&#8243; Full HD (1920&#215;1080) IPS kijelz\u0151<\/strong><\/p>\n<p>\u2714 <strong>144 Hz-es friss\u00edt\u00e9si frekvencia a sima j\u00e1t\u00e9k\u00e9rt<\/strong><\/p>\n<p>\u2714 <strong>Matt, t\u00fckr\u00f6z\u0151d\u00e9smentes fel\u00fclet<\/strong><\/p>\n<p>\u2714 <strong>40 t\u0171s eDP-csatlakoz\u00f3<\/strong><\/p>\n<p>\u2714 <strong>\u00d6ntapad\u00f3 cs\u00edkok mell\u00e9kelve az egyszer\u0171 telep\u00edt\u00e9s \u00e9rdek\u00e9ben<\/strong><\/p>\n<p>\u2714 <strong>\u00daj \u00e1llapot\u00fa<\/strong><\/p>\n<p>Friss\u00edtse laptopj\u00e1t m\u00e9g ma ezzel a nagy teljes\u00edtm\u00e9ny\u0171 j\u00e1t\u00e9kk\u00e9perny\u0151vel!<\/p>\n","protected":false},"excerpt":{"rendered":"<p>B\u0151v\u00edtse laptopj\u00e1t az <strong>N156HMA-GA1<\/strong> 15,6 h\u00fcvelykes Full HD IPS kijelz\u0151vel, amely <strong>144 Hz-es friss\u00edt\u00e9si gyakoris\u00e1ggal<\/strong> rendelkezik a rendk\u00edv\u00fcl sima j\u00e1t\u00e9k \u00e9rdek\u00e9ben. Ez a <strong>matt, t\u00fckr\u00f6z\u0151d\u00e9smentes k\u00e9perny\u0151<\/strong> cs\u00f6kkenti a t\u00fckr\u00f6z\u0151d\u00e9st, k\u00e9nyelmes megtekint\u00e9si \u00e9lm\u00e9nyt biztos\u00edtva. Varrat n\u00e9lk\u00fcli, 40-es csatlakoz\u00f3val tervezve.<\/strong> kompatibilit\u00e1s k\u00fcl\u00f6nf\u00e9le j\u00e1t\u00e9k laptopokkal A csomag <strong>\u00f6ntapad\u00f3 cs\u00edkokat<\/strong> tartalmaz az egyszer\u0171 telep\u00edt\u00e9s \u00e9rdek\u00e9ben<\/p>\n","protected":false},"featured_media":11104,"template":"","meta":[],"product_brand":[],"product_cat":[81,71],"product_tag":[],"class_list":{"0":"post-11051","1":"product","2":"type-product","3":"status-publish","4":"has-post-thumbnail","6":"product_cat-15-6-new-laptop-screens-lcd-panels","7":"product_cat-new-laptop-screens-lcd-panels","9":"first","10":"instock","11":"taxable","12":"shipping-taxable","13":"purchasable","14":"product-type-simple"},"_links":{"self":[{"href":"https:\/\/boreait.com\/hu\/wp-json\/wp\/v2\/product\/11051","targetHints":{"allow":["GET"]}}],"collection":[{"href":"https:\/\/boreait.com\/hu\/wp-json\/wp\/v2\/product"}],"about":[{"href":"https:\/\/boreait.com\/hu\/wp-json\/wp\/v2\/types\/product"}],"wp:featuredmedia":[{"embeddable":true,"href":"https:\/\/boreait.com\/hu\/wp-json\/wp\/v2\/media\/11104"}],"wp:attachment":[{"href":"https:\/\/boreait.com\/hu\/wp-json\/wp\/v2\/media?parent=11051"}],"wp:term":[{"taxonomy":"product_brand","embeddable":true,"href":"https:\/\/boreait.com\/hu\/wp-json\/wp\/v2\/product_brand?post=11051"},{"taxonomy":"product_cat","embeddable":true,"href":"https:\/\/boreait.com\/hu\/wp-json\/wp\/v2\/product_cat?post=11051"},{"taxonomy":"product_tag","embeddable":true,"href":"https:\/\/boreait.com\/hu\/wp-json\/wp\/v2\/product_tag?post=11051"}],"curies":[{"name":"wp","href":"https:\/\/api.w.org\/{rel}","templated":true}]}}