{"id":11050,"date":"2025-09-17T13:09:18","date_gmt":"2025-09-17T11:09:18","guid":{"rendered":"https:\/\/boreait.com\/hu\/?post_type=product&#038;p=11050"},"modified":"2025-09-17T13:10:49","modified_gmt":"2025-09-17T11:10:49","slug":"n156hra-ea1-c2-156-huvelykes-fhd-ips-144-hz-es-matt-lcd-kepernyo-40-tus-jatek-laptop","status":"publish","type":"product","link":"https:\/\/boreait.com\/hu\/termek\/n156hra-ea1-c2-156-huvelykes-fhd-ips-144-hz-es-matt-lcd-kepernyo-40-tus-jatek-laptop\/","title":{"rendered":"N156HRA-EA1 C2 \u2013 15,6 h\u00fcvelykes FHD IPS 144 Hz-es matt LCD k\u00e9perny\u0151, 40 t\u0171s j\u00e1t\u00e9k laptop"},"content":{"rendered":"<p>Fokozza j\u00e1t\u00e9k- \u00e9s megtekint\u00e9si \u00e9lm\u00e9ny\u00e9t az <strong>N156HRA-EA1 C2 15,6&#8243;-es FHD LCD k\u00e9perny\u0151vel<\/strong>. A nagy teljes\u00edtm\u00e9ny\u0171 j\u00e1t\u00e9k laptopokhoz tervezett k\u00e9perny\u0151 a k\u00f6vetkez\u0151ket k\u00edn\u00e1lja:<\/p>\n<ul>\n<li><strong>Full HD felbont\u00e1s (1920&#215;1080)<\/strong> az \u00e9les \u00e9s tiszta k\u00e9p\u00e9rt.<\/li>\n<p> Az <\/p>\n<li><strong>IPS paneltechnol\u00f3gia<\/strong> sz\u00e9les l\u00e1t\u00f3sz\u00f6get \u00e9s pontos sz\u00edneket biztos\u00edt.<\/li>\n<li><strong>144 Hz-es friss\u00edt\u00e9si gyakoris\u00e1g<\/strong>, amely rendk\u00edv\u00fcl sima mozg\u00e1st biztos\u00edt minim\u00e1lis k\u00e9s\u00e9ssel.<\/li>\n<li><strong>Matt fel\u00fclet<\/strong> a t\u00fckr\u00f6z\u0151d\u00e9sek \u00e9s t\u00fckr\u00f6z\u0151d\u00e9sek cs\u00f6kkent\u00e9se \u00e9rdek\u00e9ben a jobb vizu\u00e1lis \u00e9lm\u00e9ny \u00e9rdek\u00e9ben.<\/li>\n<li><strong>40 t\u0171s eDP-csatlakoz\u00f3<\/strong>, kompatibilis k\u00fcl\u00f6nf\u00e9le j\u00e1t\u00e9kra alkalmas laptopokkal.<\/li>\n<li><strong>\u00d6ntapad\u00f3 cs\u00edkok mell\u00e9kelve<\/strong> az egyszer\u0171 \u00e9s biztons\u00e1gos telep\u00edt\u00e9s \u00e9rdek\u00e9ben.<\/li>\n<\/ul>\n<p>Ez a vadonat\u00faj <strong>j\u00e1t\u00e9kos laptop k\u00e9perny\u0151je<\/strong> t\u00f6k\u00e9letes a s\u00e9r\u00fclt vagy hib\u00e1s kijelz\u0151 cser\u00e9j\u00e9hez, \u00e9s kiv\u00e9teles teljes\u00edtm\u00e9nnyel \u00e9s tisztas\u00e1ggal keltheti \u00e9letre eszk\u00f6z\u00e9t.<\/p>\n","protected":false},"excerpt":{"rendered":"<p>B\u0151v\u00edtse j\u00e1t\u00e9k laptopj\u00e1t a <strong>N156HRA-EA1 C2<\/strong> 15,6 h\u00fcvelykes LCD-k\u00e9perny\u0151vel. A <strong>Full HD (1920&#215;1080) IPS panellel<\/strong>, a <strong>144 Hz-es friss\u00edt\u00e9si gyakoris\u00e1ggal<\/strong> \u00e9s a <strong>matt fel\u00fclettel<\/strong> ez a kijelz\u0151 cs\u00f6kkentett <strong>\u00e9les l\u00e1tv\u00e1nyt ny\u00fajt. eDP csatlakoz\u00f3<\/strong>val, \u00edgy kompatibilis a k\u00fcl\u00f6nb\u00f6z\u0151 j\u00e1t\u00e9k laptopokkal, az egyszer\u0171 telep\u00edt\u00e9s \u00e9rdek\u00e9ben \u00f6ntapad\u00f3 cs\u00edkok tal\u00e1lhat\u00f3k.<\/p>\n","protected":false},"featured_media":11104,"template":"","meta":[],"product_brand":[],"product_cat":[81,71],"product_tag":[],"class_list":{"0":"post-11050","1":"product","2":"type-product","3":"status-publish","4":"has-post-thumbnail","6":"product_cat-15-6-new-laptop-screens-lcd-panels","7":"product_cat-new-laptop-screens-lcd-panels","9":"first","10":"instock","11":"taxable","12":"shipping-taxable","13":"purchasable","14":"product-type-simple"},"_links":{"self":[{"href":"https:\/\/boreait.com\/hu\/wp-json\/wp\/v2\/product\/11050","targetHints":{"allow":["GET"]}}],"collection":[{"href":"https:\/\/boreait.com\/hu\/wp-json\/wp\/v2\/product"}],"about":[{"href":"https:\/\/boreait.com\/hu\/wp-json\/wp\/v2\/types\/product"}],"wp:featuredmedia":[{"embeddable":true,"href":"https:\/\/boreait.com\/hu\/wp-json\/wp\/v2\/media\/11104"}],"wp:attachment":[{"href":"https:\/\/boreait.com\/hu\/wp-json\/wp\/v2\/media?parent=11050"}],"wp:term":[{"taxonomy":"product_brand","embeddable":true,"href":"https:\/\/boreait.com\/hu\/wp-json\/wp\/v2\/product_brand?post=11050"},{"taxonomy":"product_cat","embeddable":true,"href":"https:\/\/boreait.com\/hu\/wp-json\/wp\/v2\/product_cat?post=11050"},{"taxonomy":"product_tag","embeddable":true,"href":"https:\/\/boreait.com\/hu\/wp-json\/wp\/v2\/product_tag?post=11050"}],"curies":[{"name":"wp","href":"https:\/\/api.w.org\/{rel}","templated":true}]}}