{"id":11041,"date":"2025-09-17T13:08:54","date_gmt":"2025-09-17T11:08:54","guid":{"rendered":"https:\/\/boreait.com\/hu\/?post_type=product&#038;p=11041"},"modified":"2025-09-17T13:10:21","modified_gmt":"2025-09-17T11:10:21","slug":"acer-chromebook-n19q3-116-lcd-kepernyo-ips-matt-fhd-30-tus-edp-erintesmentes-uj","status":"publish","type":"product","link":"https:\/\/boreait.com\/hu\/termek\/acer-chromebook-n19q3-116-lcd-kepernyo-ips-matt-fhd-30-tus-edp-erintesmentes-uj\/","title":{"rendered":"Acer Chromebook N19Q3 11,6&#8243; LCD k\u00e9perny\u0151 IPS matt FHD 30 t\u0171s eDP \u00e9rint\u00e9smentes \u00daj"},"content":{"rendered":"<p><strong>T\u00e9nyleges LCD-k\u00e9perny\u0151s modell: N156HCA-EAC C2 vagy NT156FHM-N43 V8.0 \u2013 TELJESEN KOMPATIBILIS A LAPTOP K\u00c9PERNY\u0150VEL Acer Chromebook N19Q3<\/strong><\/p>\n<p>Friss\u00edtse Acer Chromebookj\u00e1t ezzel a kiv\u00e1l\u00f3 min\u0151s\u00e9g\u0171 LCD-k\u00e9perny\u0151 cser\u00e9vel. Az N19Q3 cikksz\u00e1mot haszn\u00e1l\u00f3 modellekhez tervezt\u00e9k, ez a 11,6 h\u00fcvelykes kijelz\u0151 matt fel\u00fcletet, Full HD felbont\u00e1st (1920&#215;1080) \u00e9s \u00e9l\u00e9nk IPS technol\u00f3gi\u00e1t k\u00edn\u00e1l a kiv\u00e1l\u00f3 sz\u00ednpontoss\u00e1g \u00e9s betekint\u00e9si sz\u00f6gek \u00e9rdek\u00e9ben. A k\u00e9perny\u0151 eDP-vel \u00e9s 30 t\u0171s csatlakoz\u00f3val rendelkezik, amely biztos\u00edtja a biztons\u00e1gos illeszked\u00e9st. A kisebb m\u00e9ret\u0171 NY\u00c1K k\u00e1rtya kialak\u00edt\u00e1sa (260 mm) ide\u00e1lis az \u00d6n k\u00e9sz\u00fcl\u00e9k\u00e9hez, a k\u00e9perny\u0151n pedig \u00f6ntapad\u00f3 cs\u00edkok tal\u00e1lhat\u00f3k az egyszer\u0171 telep\u00edt\u00e9s \u00e9rdek\u00e9ben. \u00c9rint\u00e9smentes funkci\u00f3j\u00e1val ez az LCD-k\u00e9perny\u0151 t\u00f6k\u00e9letes azoknak a felhaszn\u00e1l\u00f3knak, akik vissza akarj\u00e1k \u00e1ll\u00edtani Chromebookjuk eredeti teljes\u00edtm\u00e9ny\u00e9t. Vadonat \u00faj \u00e9s z\u00f6kken\u0151mentes telep\u00edt\u00e9sre k\u00e9sz.<\/p>\n","protected":false},"excerpt":{"rendered":"<p>Csere LCD kijelz\u0151 Acer Chromebook N19Q3-hoz, 11,6&#8243; Full HD, matt IPS, 30 t\u0171s eDP, \u00e9rint\u00e9smentes, \u00f6ntapad\u00f3 cs\u00edkokkal. \u00daj \u00e1llapot.<\/p>\n","protected":false},"featured_media":11090,"template":"","meta":[],"product_brand":[],"product_cat":[81,71],"product_tag":[30],"class_list":{"0":"post-11041","1":"product","2":"type-product","3":"status-publish","4":"has-post-thumbnail","6":"product_cat-15-6-new-laptop-screens-lcd-panels","7":"product_cat-new-laptop-screens-lcd-panels","8":"product_tag-asus","10":"first","11":"instock","12":"taxable","13":"shipping-taxable","14":"purchasable","15":"product-type-simple"},"_links":{"self":[{"href":"https:\/\/boreait.com\/hu\/wp-json\/wp\/v2\/product\/11041","targetHints":{"allow":["GET"]}}],"collection":[{"href":"https:\/\/boreait.com\/hu\/wp-json\/wp\/v2\/product"}],"about":[{"href":"https:\/\/boreait.com\/hu\/wp-json\/wp\/v2\/types\/product"}],"wp:featuredmedia":[{"embeddable":true,"href":"https:\/\/boreait.com\/hu\/wp-json\/wp\/v2\/media\/11090"}],"wp:attachment":[{"href":"https:\/\/boreait.com\/hu\/wp-json\/wp\/v2\/media?parent=11041"}],"wp:term":[{"taxonomy":"product_brand","embeddable":true,"href":"https:\/\/boreait.com\/hu\/wp-json\/wp\/v2\/product_brand?post=11041"},{"taxonomy":"product_cat","embeddable":true,"href":"https:\/\/boreait.com\/hu\/wp-json\/wp\/v2\/product_cat?post=11041"},{"taxonomy":"product_tag","embeddable":true,"href":"https:\/\/boreait.com\/hu\/wp-json\/wp\/v2\/product_tag?post=11041"}],"curies":[{"name":"wp","href":"https:\/\/api.w.org\/{rel}","templated":true}]}}