{"id":11040,"date":"2025-09-17T13:08:53","date_gmt":"2025-09-17T11:08:53","guid":{"rendered":"https:\/\/boreait.com\/hu\/?post_type=product&#038;p=11040"},"modified":"2025-09-17T13:10:20","modified_gmt":"2025-09-17T11:10:20","slug":"lenovo-v15-g3-156-fhd-lcd-kepernyo-matt-ips-edp-30-tus-erintesmentes","status":"publish","type":"product","link":"https:\/\/boreait.com\/hu\/termek\/lenovo-v15-g3-156-fhd-lcd-kepernyo-matt-ips-edp-30-tus-erintesmentes\/","title":{"rendered":"Lenovo V15 G3 15,6&#8243; FHD LCD k\u00e9perny\u0151 &#8211; matt, IPS, eDP, 30 t\u0171s, \u00e9rint\u00e9smentes"},"content":{"rendered":"<p><strong>T\u00e9nyleges LCD-k\u00e9perny\u0151s modell: N156HCA-EAC C2 vagy NT156FHM-N43 V8.0 \u2013 TELJESEN KOMPATIBILIS A Lenovo V15 G3 LAPTOP K\u00c9PERNY\u0150VEL<\/strong><\/p>\n<p>Friss\u00edtse Lenovo V15 G3 laptopj\u00e1t ezzel a kiv\u00e1l\u00f3 min\u0151s\u00e9g\u0171 15,6 h\u00fcvelykes LCD-k\u00e9perny\u0151vel. A prec\u00edzi\u00f3ra tervezett k\u00e9perny\u0151 leny\u0171g\u00f6z\u0151 Full HD (1920&#215;1080) felbont\u00e1st \u00e9s \u00e9l\u00e9nk sz\u00edneket k\u00edn\u00e1l matt fel\u00fclet\u00e9nek \u00e9s IPS technol\u00f3gi\u00e1j\u00e1nak k\u00f6sz\u00f6nhet\u0151en. A k\u00e9perny\u0151 30 t\u0171s eDP-csatlakoz\u00f3val van felszerelve, amely biztos\u00edtja a sima teljes\u00edtm\u00e9nyt, a jav\u00edt\u00e1st \u00e9s a jav\u00edt\u00e1st. \u00f6ntapad\u00f3 cs\u00edkokkal rendelkezik az egyszer\u0171 telep\u00edt\u00e9s \u00e9rdek\u00e9ben, \u00e9s kompakt PCB-k\u00e1rty\u00e1val (260 mm) tal\u00e1lhat\u00f3, amely t\u00f6k\u00e9letesen illeszkedik laptopj\u00e1hoz. Ez a teljesen \u00faj k\u00e9perny\u0151 tisztas\u00e1got \u00e9s megb\u00edzhat\u00f3s\u00e1got biztos\u00edt minden sz\u00e1m\u00edt\u00e1stechnikai ig\u00e9ny\u00e9hez.<\/p>\n","protected":false},"excerpt":{"rendered":"<p>15,6&#8243; Lenovo V15 G3 LCD k\u00e9perny\u0151 &#8211; FHD, matt IPS, 30 t\u0171s eDP, \u00e9rint\u00e9smentes, \u00faj. \u00d6ntapad\u00f3 cs\u00edkok mell\u00e9kelve. Csere t\u00f6k\u00e9letes.<\/p>\n<p>&nbsp;<\/p>\n","protected":false},"featured_media":11090,"template":"","meta":[],"product_brand":[],"product_cat":[81,71],"product_tag":[26],"class_list":{"0":"post-11040","1":"product","2":"type-product","3":"status-publish","4":"has-post-thumbnail","6":"product_cat-15-6-new-laptop-screens-lcd-panels","7":"product_cat-new-laptop-screens-lcd-panels","8":"product_tag-lenovo","10":"first","11":"instock","12":"taxable","13":"shipping-taxable","14":"purchasable","15":"product-type-simple"},"_links":{"self":[{"href":"https:\/\/boreait.com\/hu\/wp-json\/wp\/v2\/product\/11040","targetHints":{"allow":["GET"]}}],"collection":[{"href":"https:\/\/boreait.com\/hu\/wp-json\/wp\/v2\/product"}],"about":[{"href":"https:\/\/boreait.com\/hu\/wp-json\/wp\/v2\/types\/product"}],"wp:featuredmedia":[{"embeddable":true,"href":"https:\/\/boreait.com\/hu\/wp-json\/wp\/v2\/media\/11090"}],"wp:attachment":[{"href":"https:\/\/boreait.com\/hu\/wp-json\/wp\/v2\/media?parent=11040"}],"wp:term":[{"taxonomy":"product_brand","embeddable":true,"href":"https:\/\/boreait.com\/hu\/wp-json\/wp\/v2\/product_brand?post=11040"},{"taxonomy":"product_cat","embeddable":true,"href":"https:\/\/boreait.com\/hu\/wp-json\/wp\/v2\/product_cat?post=11040"},{"taxonomy":"product_tag","embeddable":true,"href":"https:\/\/boreait.com\/hu\/wp-json\/wp\/v2\/product_tag?post=11040"}],"curies":[{"name":"wp","href":"https:\/\/api.w.org\/{rel}","templated":true}]}}