{"id":11031,"date":"2025-09-17T13:08:27","date_gmt":"2025-09-17T11:08:27","guid":{"rendered":"https:\/\/boreait.com\/hu\/?post_type=product&#038;p=11031"},"modified":"2025-09-17T13:10:19","modified_gmt":"2025-09-17T11:10:19","slug":"156-huvelykes-lenovo-lcd-kepernyo-sd11j12383-fru-5d11j12384-matt-fhd-ips-30-tus-edp","status":"publish","type":"product","link":"https:\/\/boreait.com\/hu\/termek\/156-huvelykes-lenovo-lcd-kepernyo-sd11j12383-fru-5d11j12384-matt-fhd-ips-30-tus-edp\/","title":{"rendered":"15,6 h\u00fcvelykes Lenovo LCD k\u00e9perny\u0151 SD11J12383 FRU 5D11J12384 Matt FHD IPS 30 t\u0171s eDP"},"content":{"rendered":"<p><strong>T\u00e9nyleges LCD-k\u00e9perny\u0151s modell: N156HCA-EAC C2 vagy NT156FHM-N43 V8.0 \u2013 TELJESEN KOMPATIBILIS A Lenovo PN SD11J12383 FRU 5D11J12384 LAPTOP K\u00c9PERNY\u0150VEL<\/strong><\/p>\n<p>Ez a vadonat\u00faj 15,6&#8243;-es Lenovo LCD-k\u00e9perny\u0151 (PN: SD11J12383, FRU: 5D11J12384) kiv\u00e1l\u00f3 min\u0151s\u00e9g\u0171 kijelz\u0151t k\u00edn\u00e1l matt fel\u00fclettel \u00e9s IPS technol\u00f3gi\u00e1val az \u00e9l\u00e9nk \u00e9s egyenletes sz\u00ednek \u00e9rdek\u00e9ben. Full HD (FHD) felbont\u00e1s\u00e1nak \u00e9s eDP-kapcsolat\u00e1nak k\u00f6sz\u00f6nhet\u0151en ez a k\u00e9perny\u0151 \u00e9les, tiszta l\u00e1tv\u00e1nyt ny\u00fajt az \u00f6sszes sz\u00fcks\u00e9ges k\u00e9perny\u0151h\u00f6z. csatlakoz\u00f3val, \u00e9s egy kisebb NY\u00c1K-k\u00e1rty\u00e1val (260 mm) van felszerelve a hat\u00e9kony teljes\u00edtm\u00e9ny \u00e9rdek\u00e9ben. \u00dagy tervezt\u00e9k, hogy illeszkedjen a Lenovo laptopokhoz, \u00e9s tartalmaz k\u00e9toldalas ragaszt\u00f3cs\u00edkokat az egyszer\u0171 telep\u00edt\u00e9s \u00e9rdek\u00e9ben, ak\u00e1r egy s\u00e9r\u00fclt k\u00e9perny\u0151t cser\u00e9l, ak\u00e1r friss\u00edti a kijelz\u0151t, ez az \u00faj LCD-k\u00e9perny\u0151 a t\u00f6k\u00e9letes megold\u00e1s.<\/p>\n","protected":false},"excerpt":{"rendered":"<p>Vadonat\u00faj 15,6 h\u00fcvelykes Lenovo LCD k\u00e9perny\u0151 (PN: SD11J12383, FRU: 5D11J12384) matt, IPS FHD, 30 t\u0171s eDP csatlakoz\u00e1ssal \u00e9s egy kisebb PCB-vel. Ragaszt\u00f3cs\u00edkok mell\u00e9kelve.<\/p>\n","protected":false},"featured_media":11090,"template":"","meta":[],"product_brand":[],"product_cat":[81,71],"product_tag":[26],"class_list":{"0":"post-11031","1":"product","2":"type-product","3":"status-publish","4":"has-post-thumbnail","6":"product_cat-15-6-new-laptop-screens-lcd-panels","7":"product_cat-new-laptop-screens-lcd-panels","8":"product_tag-lenovo","10":"first","11":"instock","12":"taxable","13":"shipping-taxable","14":"purchasable","15":"product-type-simple"},"_links":{"self":[{"href":"https:\/\/boreait.com\/hu\/wp-json\/wp\/v2\/product\/11031","targetHints":{"allow":["GET"]}}],"collection":[{"href":"https:\/\/boreait.com\/hu\/wp-json\/wp\/v2\/product"}],"about":[{"href":"https:\/\/boreait.com\/hu\/wp-json\/wp\/v2\/types\/product"}],"wp:featuredmedia":[{"embeddable":true,"href":"https:\/\/boreait.com\/hu\/wp-json\/wp\/v2\/media\/11090"}],"wp:attachment":[{"href":"https:\/\/boreait.com\/hu\/wp-json\/wp\/v2\/media?parent=11031"}],"wp:term":[{"taxonomy":"product_brand","embeddable":true,"href":"https:\/\/boreait.com\/hu\/wp-json\/wp\/v2\/product_brand?post=11031"},{"taxonomy":"product_cat","embeddable":true,"href":"https:\/\/boreait.com\/hu\/wp-json\/wp\/v2\/product_cat?post=11031"},{"taxonomy":"product_tag","embeddable":true,"href":"https:\/\/boreait.com\/hu\/wp-json\/wp\/v2\/product_tag?post=11031"}],"curies":[{"name":"wp","href":"https:\/\/api.w.org\/{rel}","templated":true}]}}