{"id":11030,"date":"2025-09-17T13:08:27","date_gmt":"2025-09-17T11:08:27","guid":{"rendered":"https:\/\/boreait.com\/hu\/?post_type=product&#038;p=11030"},"modified":"2025-09-17T13:10:18","modified_gmt":"2025-09-17T11:10:18","slug":"n156hga-ea3-156-lcd-kepernyo-matt-ips-fhd-30-tus-edp-erintesmentes-uj","status":"publish","type":"product","link":"https:\/\/boreait.com\/hu\/termek\/n156hga-ea3-156-lcd-kepernyo-matt-ips-fhd-30-tus-edp-erintesmentes-uj\/","title":{"rendered":"N156HGA-EA3 15,6&#8243; LCD k\u00e9perny\u0151 matt IPS FHD 30 t\u0171s eDP \u00e9rint\u00e9smentes \u00daj"},"content":{"rendered":"<p><strong>T\u00e9nyleges LCD-k\u00e9perny\u0151s modell: N156HCA-EAC C2 vagy NT156FHM-N43 V8.0 \u2013 TELJESEN KOMPATIBILIS AZ N156HGA-EA3 REV.C5 LAPTOP K\u00c9PERNY\u0150VEL<\/strong><\/p>\n<p>Fokozza eszk\u00f6z\u00e9t az N156HGA-EA3 REV.C5 15,6 h\u00fcvelykes LCD-k\u00e9perny\u0151vel. Ez a kiv\u00e1l\u00f3 min\u0151s\u00e9g\u0171 IPS-panel Full HD felbont\u00e1ssal b\u00fcszk\u00e9lkedhet a krist\u00e1lytiszta k\u00e9p\u00e9rt, kiv\u00e9teles megtekint\u00e9si \u00e9lm\u00e9nyt biztos\u00edtva. Matt fel\u00fclet\u00e9vel cs\u00f6kkenti a t\u00fckr\u00f6z\u0151d\u00e9st \u00e9s jav\u00edtja a tisztas\u00e1got vil\u00e1gos k\u00f6rnyezetben. A k\u00e9perny\u0151t egy 30 t\u0171s DPB csatlakoz\u00f3val \u00e9s 6 mm-es PCB csatlakoz\u00f3val tervezt\u00e9k. \u00cdgy kiv\u00e1l\u00f3an helyettes\u00edtheti a kompatibilis eszk\u00f6z\u00f6ket. A k\u00e9perny\u0151 nem \u00e9rint\u00e9s, egyszer\u0171 kialak\u00edt\u00e1s\u00fa, \u00e9s \u00f6ntapad\u00f3 cs\u00edkokkal rendelkezik a k\u00f6nny\u0171 telep\u00edt\u00e9s \u00e9rdek\u00e9ben.<\/p>\n","protected":false},"excerpt":{"rendered":"<p>Cser\u00e9lje ki k\u00e9perny\u0151j\u00e9t az N156HGA-EA3 15,6 h\u00fcvelykes LCD-re, amely matt FHD IPS-kijelz\u0151t k\u00edn\u00e1l. 30 t\u0171s eDP-csatlakoz\u00e1ssal, \u00e9rint\u00e9smentes funkci\u00f3val \u00e9s kisebb NY\u00c1K-k\u00e1rty\u00e1val (260 mm). Vadonat\u00faj, \u00f6ntapad\u00f3 cs\u00edkokkal az egyszer\u0171 telep\u00edt\u00e9s \u00e9rdek\u00e9ben.<\/p>\n","protected":false},"featured_media":11090,"template":"","meta":[],"product_brand":[],"product_cat":[81,71],"product_tag":[],"class_list":{"0":"post-11030","1":"product","2":"type-product","3":"status-publish","4":"has-post-thumbnail","6":"product_cat-15-6-new-laptop-screens-lcd-panels","7":"product_cat-new-laptop-screens-lcd-panels","9":"first","10":"instock","11":"taxable","12":"shipping-taxable","13":"purchasable","14":"product-type-simple"},"_links":{"self":[{"href":"https:\/\/boreait.com\/hu\/wp-json\/wp\/v2\/product\/11030","targetHints":{"allow":["GET"]}}],"collection":[{"href":"https:\/\/boreait.com\/hu\/wp-json\/wp\/v2\/product"}],"about":[{"href":"https:\/\/boreait.com\/hu\/wp-json\/wp\/v2\/types\/product"}],"wp:featuredmedia":[{"embeddable":true,"href":"https:\/\/boreait.com\/hu\/wp-json\/wp\/v2\/media\/11090"}],"wp:attachment":[{"href":"https:\/\/boreait.com\/hu\/wp-json\/wp\/v2\/media?parent=11030"}],"wp:term":[{"taxonomy":"product_brand","embeddable":true,"href":"https:\/\/boreait.com\/hu\/wp-json\/wp\/v2\/product_brand?post=11030"},{"taxonomy":"product_cat","embeddable":true,"href":"https:\/\/boreait.com\/hu\/wp-json\/wp\/v2\/product_cat?post=11030"},{"taxonomy":"product_tag","embeddable":true,"href":"https:\/\/boreait.com\/hu\/wp-json\/wp\/v2\/product_tag?post=11030"}],"curies":[{"name":"wp","href":"https:\/\/api.w.org\/{rel}","templated":true}]}}