{"id":11029,"date":"2025-09-17T13:08:27","date_gmt":"2025-09-17T11:08:27","guid":{"rendered":"https:\/\/boreait.com\/hu\/?post_type=product&#038;p=11029"},"modified":"2025-09-17T13:10:16","modified_gmt":"2025-09-17T11:10:16","slug":"n156hca-eac-c2-156-fhd-ips-matt-lcd-kepernyo-30-tus-edp-konzolok-nelkul-uj","status":"publish","type":"product","link":"https:\/\/boreait.com\/hu\/termek\/n156hca-eac-c2-156-fhd-ips-matt-lcd-kepernyo-30-tus-edp-konzolok-nelkul-uj\/","title":{"rendered":"N156HCA-EAC C2 15,6&#8243; FHD IPS matt LCD k\u00e9perny\u0151, 30 t\u0171s eDP, konzolok n\u00e9lk\u00fcl, \u00faj"},"content":{"rendered":"<p><strong>T\u00e9nyleges LCD-k\u00e9perny\u0151s modell: N156HCA-EAC C2 vagy NT156FHM-N43 V8.0<\/strong><\/p>\n<p>Friss\u00edtse laptopja kijelz\u0151j\u00e9t a <strong>N156HCA-EAC C2<\/strong> 15,6 h\u00fcvelykes <strong>Full HD (1920&#215;1080) IPS LCD k\u00e9perny\u0151vel<\/strong>. Ez az <strong>\u00e9rint\u00e9smentes matt panel<\/strong> \u00e9l\u00e9nk sz\u00edneket, sz\u00e9les betekint\u00e9si sz\u00f6geket \u00e9s cs\u00f6kkentett t\u00fckr\u00f6z\u0151d\u00e9st biztos\u00edt a kiv\u00e1l\u00f3 vizu\u00e1lis \u00e9lm\u00e9ny \u00e9rdek\u00e9ben. <strong>30 t\u0171s eDP-csatlakoz\u00f3val<\/strong> rendelkezik, amely biztos\u00edtja a kompatibilit\u00e1st a laptopmodellek sz\u00e9les v\u00e1laszt\u00e9k\u00e1val.<\/p>\n<p>Ez a k\u00e9perny\u0151 <strong>kisebb NY\u00c1K-k\u00e1rty\u00e1val (260 mm)<\/strong> rendelkezik, \u00edgy alkalmas olyan eszk\u00f6z\u00f6kh\u00f6z, amelyek kompakt k\u00e9perny\u0151komponenseket ig\u00e9nyelnek. <strong>Nem tartalmaz tart\u00f3konzolokat<\/strong>, de <strong>\u00f6ntapad\u00f3 cs\u00edkok<\/strong> tal\u00e1lhat\u00f3k a k\u00f6nny\u0171 \u00e9s biztons\u00e1gos telep\u00edt\u00e9s \u00e9rdek\u00e9ben.<\/p>\n<p>\u2714 <strong>K\u00e9perny\u0151m\u00e9ret:<\/strong> 15,6 h\u00fcvelyk<\/p>\n<p>\u2714 <strong>Felbont\u00e1s:<\/strong> Full HD (1920&#215;1080)<\/p>\n<p>\u2714 <strong>Panel t\u00edpusa:<\/strong> IPS (s\u00edkon bel\u00fcli v\u00e1lt\u00e1s)<\/p>\n<p>\u2714 <strong>Fel\u00fclet:<\/strong> matt (csillant\u00e1sg\u00e1tl\u00f3)<\/p>\n<p>\u2714 <strong>Csatlakoz\u00f3:<\/strong> 30 t\u0171s eDP<\/p>\n<p>\u2714 <strong>NY\u00c1K k\u00e1rtya:<\/strong> kisebb (260 mm)<\/p>\n<p>\u2714 <strong>R\u00f6gz\u00edt\u00e9s:<\/strong> Nincsenek konzolok (\u00f6ntapad\u00f3 cs\u00edkok mell\u00e9kelve)<\/p>\n<p>\u2714 <strong>\u00c1llapot:<\/strong> vadonat\u00faj<\/p>\n<p>V\u00e1s\u00e1rl\u00e1s el\u0151tt ellen\u0151rizze a kompatibilit\u00e1st az aktu\u00e1lis k\u00e9perny\u0151modell \u00e9s m\u0171szaki adatok ellen\u0151rz\u00e9s\u00e9vel.<\/p>\n","protected":false},"excerpt":{"rendered":"<p>Vadonat\u00faj <strong>N156HCA-EAC C2<\/strong> 15,6 h\u00fcvelykes FHD IPS LCD-k\u00e9perny\u0151 matt fel\u00fclettel. <strong>30 t\u0171s eDP-csatlakoz\u00f3val<\/strong>, <strong>kisebb, 260 mm-es PCB-lappal<\/strong> \u00e9s <strong>konzolok n\u00e9lk\u00fcl<\/strong>. Tartalmazza a <strong>k\u00f6nny\u0171 beszerel\u00e9st<\/strong>.<\/p>\n","protected":false},"featured_media":11090,"template":"","meta":[],"product_brand":[],"product_cat":[81,71],"product_tag":[],"class_list":{"0":"post-11029","1":"product","2":"type-product","3":"status-publish","4":"has-post-thumbnail","6":"product_cat-15-6-new-laptop-screens-lcd-panels","7":"product_cat-new-laptop-screens-lcd-panels","9":"first","10":"instock","11":"taxable","12":"shipping-taxable","13":"purchasable","14":"product-type-simple"},"_links":{"self":[{"href":"https:\/\/boreait.com\/hu\/wp-json\/wp\/v2\/product\/11029","targetHints":{"allow":["GET"]}}],"collection":[{"href":"https:\/\/boreait.com\/hu\/wp-json\/wp\/v2\/product"}],"about":[{"href":"https:\/\/boreait.com\/hu\/wp-json\/wp\/v2\/types\/product"}],"wp:featuredmedia":[{"embeddable":true,"href":"https:\/\/boreait.com\/hu\/wp-json\/wp\/v2\/media\/11090"}],"wp:attachment":[{"href":"https:\/\/boreait.com\/hu\/wp-json\/wp\/v2\/media?parent=11029"}],"wp:term":[{"taxonomy":"product_brand","embeddable":true,"href":"https:\/\/boreait.com\/hu\/wp-json\/wp\/v2\/product_brand?post=11029"},{"taxonomy":"product_cat","embeddable":true,"href":"https:\/\/boreait.com\/hu\/wp-json\/wp\/v2\/product_cat?post=11029"},{"taxonomy":"product_tag","embeddable":true,"href":"https:\/\/boreait.com\/hu\/wp-json\/wp\/v2\/product_tag?post=11029"}],"curies":[{"name":"wp","href":"https:\/\/api.w.org\/{rel}","templated":true}]}}