{"id":11015,"date":"2025-09-17T13:08:01","date_gmt":"2025-09-17T11:08:01","guid":{"rendered":"https:\/\/boreait.com\/hu\/?post_type=product&#038;p=11015"},"modified":"2025-09-17T13:09:51","modified_gmt":"2025-09-17T11:09:51","slug":"acer-aspire-e15-e5-575-e5-575t-e5-575g-f5-573t-e5-553g-sorozatu-laptop-hangszorok","status":"publish","type":"product","link":"https:\/\/boreait.com\/hu\/termek\/acer-aspire-e15-e5-575-e5-575t-e5-575g-f5-573t-e5-553g-sorozatu-laptop-hangszorok\/","title":{"rendered":"Acer Aspire E15 E5-575 E5-575T E5-575G F5-573T E5-553G sorozat\u00fa laptop hangsz\u00f3r\u00f3k"},"content":{"rendered":"<p>Friss\u00edtse vagy cser\u00e9lje ki Acer Aspire E15 E5-575 E5-575T E5-575G F5-573T E5-553G sorozat\u00fa laptop hangsz\u00f3r\u00f3it ezzel az eredeti cserek\u00e9szlettel. A kifejezetten az E5-575 modellhez tervezett hangsz\u00f3r\u00f3k tiszta, kiv\u00e1l\u00f3 min\u0151s\u00e9g\u0171 hangz\u00e1st biztos\u00edtanak, optim\u00e1lis hang\u00e9lm\u00e9nyt biztos\u00edtva zen\u00e9hez, vide\u00f3khoz \u00e9s h\u00edv\u00e1sokhoz.<\/p>\n<p>\ud83d\udd39 <strong>Kompatibilis modellek:<\/strong> Acer Aspire E15 E5-575 E5-575T E5-575G F5-573T E5-553G sorozat<\/p>\n<p>\ud83d\udd39 <strong>\u00c1llapot:<\/strong> Eredeti, tesztelt \u00e9s teljesen m\u0171k\u00f6d\u0151k\u00e9pes<\/p>\n<p>\ud83d\udd39 <strong>Kiv\u00e1l\u00f3 min\u0151s\u00e9g\u0171 hang:<\/strong> \u00c9les \u00e9s tiszta hangkimenet<\/p>\n<p>\ud83d\udd39 <strong>T\u00f6k\u00e9letes illeszked\u00e9s:<\/strong> Egyszer\u0171 csere az eredeti csatlakoz\u00f3kkal<\/p>\n<p>\ud83d\udcf8 <strong>Val\u00f3di fot\u00f3k<\/strong> \u2013 Pontosan azt kapod, amit l\u00e1tsz!<\/p>\n<p>\u2753 <strong>Seg\u00edts\u00e9gre van sz\u00fcks\u00e9ge?<\/strong> Ha b\u00e1rmilyen k\u00e9rd\u00e9se van, nyugodtan \u00edrjon nek\u00fcnk.<\/p>\n<p>Ide\u00e1lis mindazok sz\u00e1m\u00e1ra, akik szeretn\u00e9k vissza\u00e1ll\u00edtani laptopjuk hangmin\u0151s\u00e9g\u00e9t. Ezek a laptop hangsz\u00f3r\u00f3k t\u00f6k\u00e9letesen illeszkednek az Acer Aspire E5-575 sorozathoz. Rendelje meg most, \u00e9s \u00e9lvezze \u00fajra a krist\u00e1lytiszta hangz\u00e1st!<\/p>\n","protected":false},"excerpt":{"rendered":"<p>Eredeti cserehangsz\u00f3r\u00f3k Acer Aspire E15 E5-575 E5-575T E5-575G F5-573T E5-553G sorozat\u00fa laptopokhoz. \u00c1ll\u00edtsa vissza a tiszta \u00e9s kiegyens\u00falyozott hangot eszk\u00f6z\u00e9re ezekkel a kiv\u00e1l\u00f3 min\u0151s\u00e9g\u0171, eredeti alkatr\u00e9szekkel.<\/p>\n","protected":false},"featured_media":11073,"template":"","meta":[],"product_brand":[],"product_cat":[18],"product_tag":[29],"class_list":{"0":"post-11015","1":"product","2":"type-product","3":"status-publish","4":"has-post-thumbnail","6":"product_cat-laptop-speakers","7":"product_tag-acer","9":"first","10":"instock","11":"taxable","12":"shipping-taxable","13":"purchasable","14":"product-type-simple"},"_links":{"self":[{"href":"https:\/\/boreait.com\/hu\/wp-json\/wp\/v2\/product\/11015","targetHints":{"allow":["GET"]}}],"collection":[{"href":"https:\/\/boreait.com\/hu\/wp-json\/wp\/v2\/product"}],"about":[{"href":"https:\/\/boreait.com\/hu\/wp-json\/wp\/v2\/types\/product"}],"wp:featuredmedia":[{"embeddable":true,"href":"https:\/\/boreait.com\/hu\/wp-json\/wp\/v2\/media\/11073"}],"wp:attachment":[{"href":"https:\/\/boreait.com\/hu\/wp-json\/wp\/v2\/media?parent=11015"}],"wp:term":[{"taxonomy":"product_brand","embeddable":true,"href":"https:\/\/boreait.com\/hu\/wp-json\/wp\/v2\/product_brand?post=11015"},{"taxonomy":"product_cat","embeddable":true,"href":"https:\/\/boreait.com\/hu\/wp-json\/wp\/v2\/product_cat?post=11015"},{"taxonomy":"product_tag","embeddable":true,"href":"https:\/\/boreait.com\/hu\/wp-json\/wp\/v2\/product_tag?post=11015"}],"curies":[{"name":"wp","href":"https:\/\/api.w.org\/{rel}","templated":true}]}}