{"id":1101,"date":"2025-09-17T09:54:26","date_gmt":"2025-09-17T07:54:26","guid":{"rendered":"https:\/\/boreait.com\/hu\/?post_type=product&#038;p=1101"},"modified":"2026-01-09T10:17:43","modified_gmt":"2026-01-09T09:17:43","slug":"tft-lcd-kijelzo-kabel-kabel-acer-aspire-5610-bl50","status":"publish","type":"product","link":"https:\/\/boreait.com\/hu\/termek\/tft-lcd-kijelzo-kabel-kabel-acer-aspire-5610-bl50\/","title":{"rendered":"TFT LCD kijelz\u0151 k\u00e1bel k\u00e1bel Acer Aspire 5610 BL50"},"content":{"rendered":"<p>Az Acer Aspire 5610 BL50-hez tervezett TFT LCD kijelz\u0151 k\u00e1bel kritikus komponens, amely felel\u0151s a laptop LCD k\u00e9perny\u0151je \u00e9s az alaplap k\u00f6z\u00f6tti kapcsolat l\u00e9trehoz\u00e1s\u00e1\u00e9rt. Ez az alapvet\u0151 k\u00e1bel megk\u00f6nny\u00edti a videojelek z\u00f6kken\u0151mentes \u00e1tvitel\u00e9t az alaplapr\u00f3l a kijelz\u0151re, ami tiszta \u00e9s \u00e9l\u00e9nk vizu\u00e1lis kimenetet eredm\u00e9nyez. Ezzel a k\u00e1bellel a felhaszn\u00e1l\u00f3k k\u00e9nyelmesen n\u00e9zhetik meg a k\u00e9peket, vide\u00f3kat, \u00e9s hat\u00e9konyan haszn\u00e1lhatj\u00e1k laptopjuk grafikus fel\u00fclet\u00e9t.<\/p>\n<p>Az optim\u00e1lis teljes\u00edtm\u00e9ny \u00e9rdek\u00e9ben fontos az LCD-kijelz\u0151 k\u00e1bel min\u0151s\u00e9g\u00e9nek \u00e9s kompatibilit\u00e1s\u00e1nak biztos\u00edt\u00e1sa. A s\u00e9r\u00fclt vagy rosszul m\u0171k\u00f6d\u0151 k\u00e1bel k\u00fcl\u00f6nf\u00e9le megjelen\u00edt\u00e9si probl\u00e9m\u00e1kat okozhat, p\u00e9ld\u00e1ul villog\u00e1st, v\u00edzszintes vonalakat vagy \u00fcres k\u00e9perny\u0151t. Ha a fenti probl\u00e9m\u00e1k b\u00e1rmelyik\u00e9vel tal\u00e1lkozik, az LCD-kijelz\u0151 k\u00e1bel\u00e9nek cser\u00e9je gyakran megoldhatja a probl\u00e9m\u00e1t, \u00e9s helyre\u00e1ll\u00edthatja a laptop m\u0171k\u00f6d\u00e9s\u00e9t.<\/p>\n<p>Csere LCD-k\u00e1bel v\u00e1s\u00e1rl\u00e1sa el\u0151tt nagyon fontos ellen\u0151rizni, hogy kompatibilis-e az Acer Aspire 5610 BL50 modellel a t\u00f6k\u00e9letes illeszked\u00e9s \u00e9s a z\u00f6kken\u0151mentes teljes\u00edtm\u00e9ny \u00e9rdek\u00e9ben. Javasoljuk, hogy szakember seg\u00edts\u00e9g\u00e9t k\u00e9rje, vagy olvassa el a laptop szervizk\u00f6nyv\u00e9t a bels\u0151 alkatr\u00e9szek cser\u00e9jekor a megfelel\u0151 telep\u00edt\u00e9s \u00e9s az esetleges s\u00e9r\u00fcl\u00e9sek elker\u00fcl\u00e9se \u00e9rdek\u00e9ben.<\/p>\n<p>Ha megjelen\u00edt\u00e9si probl\u00e9m\u00e1kat tapasztal, vagy ki kell cser\u00e9lnie egy hib\u00e1s kijelz\u0151k\u00e1belt, ez az Acer Aspire 5610 BL50 TFT LCD kijelz\u0151k\u00e1bel ide\u00e1lis megold\u00e1s laptopja vizu\u00e1lis teljes\u00edtm\u00e9ny\u00e9nek \u00e9s \u00e1ltal\u00e1nos haszn\u00e1lhat\u00f3s\u00e1g\u00e1nak helyre\u00e1ll\u00edt\u00e1s\u00e1ra. Fektessen be ebbe az eredeti \u00e9s megb\u00edzhat\u00f3 k\u00e1belbe, hogy fokozza laptopja teljes\u00edtm\u00e9ny\u00e9t, \u00e9s \u00e9lvezze a sima \u00e9s \u00e9lvezetes vizu\u00e1lis \u00e9lm\u00e9nyt.<\/p>\n<p>Ak\u00e1r professzion\u00e1lis technikus, ak\u00e1r a bark\u00e1csol\u00e1s szerelmesei, ez a TFT LCD-kijelz\u0151 k\u00e1bel egyszer\u0171 telep\u00edt\u00e9st \u00e9s kompatibilit\u00e1st garant\u00e1l, \u00edgy laptopja a lehet\u0151 legjobban m\u0171k\u00f6dik. Massz\u00edv fel\u00e9p\u00edt\u00e9s\u00e9nek \u00e9s kiv\u00e1l\u00f3 min\u0151s\u00e9g\u0171 anyagoknak k\u00f6sz\u00f6nhet\u0151en megb\u00edzhat ennek a k\u00e1belnek a tart\u00f3ss\u00e1g\u00e1ban \u00e9s hossz\u00fa \u00e9lettartam\u00e1ban.<\/p>\n<p>Friss\u00edtse laptopja kijelz\u0151funkci\u00f3it, \u00e9s \u00e9lvezze a tiszta \u00e9s \u00e9l\u00e9nk l\u00e1tv\u00e1ny el\u0151nyeit, ha m\u00e9g ma v\u00e1s\u00e1rolja meg az Acer Aspire 5610 BL50 k\u00e9sz\u00fcl\u00e9khez k\u00e9sz\u00fclt TFT LCD kijelz\u0151k\u00e1belt. \u00c9lvezze a probl\u00e9mamentes online v\u00e1s\u00e1rl\u00e1si \u00e9lm\u00e9nyt \u00e9s a gyors sz\u00e1ll\u00edt\u00e1st Eur\u00f3pa b\u00e1rmely pontj\u00e1ra. Ezzel a megb\u00edzhat\u00f3 \u00e9s eredeti cserek\u00e1bellel \u00e1ll\u00edtsa vissza laptopja kijelz\u0151k\u00e9pess\u00e9g\u00e9t, \u00e9s \u00e1ll\u00edtsa vissza eredeti funkcionalit\u00e1s\u00e1t.<\/p>\n","protected":false},"excerpt":{"rendered":"<p>Az Acer Aspire 5610 BL50 TFT LCD-kijelz\u0151 k\u00e1bele egy l\u00e9tfontoss\u00e1g\u00fa csatlakoz\u00f3, amely \u00f6sszek\u00f6ti a laptop LCD-k\u00e9perny\u0151j\u00e9t az alaplappal, lehet\u0151v\u00e9 t\u00e9ve a k\u00e9pek \u00e9s l\u00e1tv\u00e1nyelemek z\u00f6kken\u0151mentes megjelen\u00edt\u00e9s\u00e9t.<\/p>\n","protected":false},"featured_media":1152,"template":"","meta":[],"product_brand":[],"product_cat":[20],"product_tag":[29],"class_list":{"0":"post-1101","1":"product","2":"type-product","3":"status-publish","4":"has-post-thumbnail","6":"product_cat-cables","7":"product_tag-acer","9":"first","10":"instock","11":"taxable","12":"shipping-taxable","13":"purchasable","14":"product-type-simple"},"_links":{"self":[{"href":"https:\/\/boreait.com\/hu\/wp-json\/wp\/v2\/product\/1101","targetHints":{"allow":["GET"]}}],"collection":[{"href":"https:\/\/boreait.com\/hu\/wp-json\/wp\/v2\/product"}],"about":[{"href":"https:\/\/boreait.com\/hu\/wp-json\/wp\/v2\/types\/product"}],"wp:featuredmedia":[{"embeddable":true,"href":"https:\/\/boreait.com\/hu\/wp-json\/wp\/v2\/media\/1152"}],"wp:attachment":[{"href":"https:\/\/boreait.com\/hu\/wp-json\/wp\/v2\/media?parent=1101"}],"wp:term":[{"taxonomy":"product_brand","embeddable":true,"href":"https:\/\/boreait.com\/hu\/wp-json\/wp\/v2\/product_brand?post=1101"},{"taxonomy":"product_cat","embeddable":true,"href":"https:\/\/boreait.com\/hu\/wp-json\/wp\/v2\/product_cat?post=1101"},{"taxonomy":"product_tag","embeddable":true,"href":"https:\/\/boreait.com\/hu\/wp-json\/wp\/v2\/product_tag?post=1101"}],"curies":[{"name":"wp","href":"https:\/\/api.w.org\/{rel}","templated":true}]}}