{"id":110,"date":"2025-09-17T09:21:58","date_gmt":"2025-09-17T07:21:58","guid":{"rendered":"https:\/\/boreait.com\/hu\/?post_type=product&#038;p=110"},"modified":"2025-09-17T09:22:29","modified_gmt":"2025-09-17T07:22:29","slug":"lenovo-g70-80-g70-70-b70-80-g70-85-also-alapburkolat-ap0u1000300","status":"publish","type":"product","link":"https:\/\/boreait.com\/hu\/termek\/lenovo-g70-80-g70-70-b70-80-g70-85-also-alapburkolat-ap0u1000300\/","title":{"rendered":"Lenovo G70-80 G70-70 B70-80 G70-85 als\u00f3 alapburkolat AP0U1000300"},"content":{"rendered":"<p>A Lenovo G70-80 G70-70 B70-80 G70-85 als\u00f3 alapburkolat AP0U1000300 a Lenovo laptopokhoz tervezett cserealkatr\u00e9sz. Kifejezetten \u00fagy k\u00e9sz\u00fclt, hogy illeszkedjen a Lenovo G70-80, G70-70, B70-80 \u00e9s G70-85 modellek als\u00f3 alapburkolat\u00e1hoz. A burkolat kiv\u00e1l\u00f3 min\u0151s\u00e9g\u0171 anyagok felhaszn\u00e1l\u00e1s\u00e1val k\u00e9sz\u00fclt, amelyek tart\u00f3ss\u00e1got \u00e9s hossz\u00fa \u00e9lettartamot biztos\u00edtanak.<\/p>\n<p>Az als\u00f3 alapburkolat v\u00e9di a laptop bels\u0151 alkatr\u00e9szeit, p\u00e9ld\u00e1ul az alaplapot \u00e9s a merevlemezt a port\u00f3l, t\u00f6rmel\u00e9kt\u0151l \u00e9s egy\u00e9b k\u00f6rnyezeti t\u00e9nyez\u0151kt\u0151l. Jav\u00edtja a laptop megjelen\u00e9s\u00e9t is az\u00e1ltal, hogy eleg\u00e1ns \u00e9s egys\u00e9ges megjelen\u00e9st k\u00f6lcs\u00f6n\u00f6z neki. A Lenovo G70-80 G70-70 B70-80 G70-85 als\u00f3 alaph\u00e1zburkolat AP0U1000300 egy eredeti Lenovo term\u00e9k, amely szigor\u00fa min\u0151s\u00e9gellen\u0151rz\u00e9sen esik \u00e1t, hogy megbizonyosodjon arr\u00f3l, hogy kompatibilis \u00e9s megb\u00edzhat\u00f3 a megadott laptopmodellekkel.<\/p>\n<p>\u00d6sszess\u00e9g\u00e9ben a Lenovo G70-80 G70-70 B70-80 G70-85 AP0U1000300 als\u00f3 alaptok bor\u00edt\u00e1sa egy kiv\u00e1l\u00f3 min\u0151s\u00e9g\u0171 cserealkatr\u00e9sz, amely v\u00e9delmet ny\u00fajt a laptop bels\u0151 alkatr\u00e9szei sz\u00e1m\u00e1ra, \u00e9s jav\u00edtja megjelen\u00e9s\u00e9t. Tart\u00f3ss\u00e1ga, kompatibilit\u00e1sa \u00e9s megb\u00edzhat\u00f3s\u00e1ga ide\u00e1lis v\u00e1laszt\u00e1ss\u00e1 teszi azok sz\u00e1m\u00e1ra, akik tart\u00f3s megold\u00e1st keresnek Lenovo laptopjukhoz.<\/p>\n","protected":false},"excerpt":{"rendered":"<p>A Lenovo G70-80 G70-70 B70-80 G70-85 als\u00f3 alapburkolat AP0U1000300 a Lenovo G70-80, G70-70, B70-80 \u00e9s G70-85 laptopok als\u00f3 alapburkolat\u00e1nak cserealkatr\u00e9sze. A kiv\u00e1l\u00f3 min\u0151s\u00e9g\u0171 anyagokb\u00f3l k\u00e9sz\u00fclt bor\u00edt\u00e1st \u00fagy tervezt\u00e9k, hogy t\u00f6k\u00e9letesen illeszkedjen a laptop alj\u00e1ra, v\u00e9dve a bels\u0151 alkatr\u00e9szeket \u00e9s jav\u00edtva a megjelen\u00e9s\u00e9t. Eredeti Lenovo term\u00e9kr\u0151l van sz\u00f3, amely szigor\u00fa min\u0151s\u00e9gellen\u0151rz\u00e9sen esik \u00e1t, hogy biztos\u00edtsa a tart\u00f3ss\u00e1g\u00e1t \u00e9s a meghat\u00e1rozott laptopmodellekkel val\u00f3 kompatibilit\u00e1s\u00e1t.<\/p>\n","protected":false},"featured_media":174,"template":"","meta":[],"product_brand":[],"product_cat":[16],"product_tag":[26],"class_list":{"0":"post-110","1":"product","2":"type-product","3":"status-publish","4":"has-post-thumbnail","6":"product_cat-laptop-housing","7":"product_tag-lenovo","9":"first","10":"instock","11":"taxable","12":"shipping-taxable","13":"purchasable","14":"product-type-simple"},"_links":{"self":[{"href":"https:\/\/boreait.com\/hu\/wp-json\/wp\/v2\/product\/110","targetHints":{"allow":["GET"]}}],"collection":[{"href":"https:\/\/boreait.com\/hu\/wp-json\/wp\/v2\/product"}],"about":[{"href":"https:\/\/boreait.com\/hu\/wp-json\/wp\/v2\/types\/product"}],"wp:featuredmedia":[{"embeddable":true,"href":"https:\/\/boreait.com\/hu\/wp-json\/wp\/v2\/media\/174"}],"wp:attachment":[{"href":"https:\/\/boreait.com\/hu\/wp-json\/wp\/v2\/media?parent=110"}],"wp:term":[{"taxonomy":"product_brand","embeddable":true,"href":"https:\/\/boreait.com\/hu\/wp-json\/wp\/v2\/product_brand?post=110"},{"taxonomy":"product_cat","embeddable":true,"href":"https:\/\/boreait.com\/hu\/wp-json\/wp\/v2\/product_cat?post=110"},{"taxonomy":"product_tag","embeddable":true,"href":"https:\/\/boreait.com\/hu\/wp-json\/wp\/v2\/product_tag?post=110"}],"curies":[{"name":"wp","href":"https:\/\/api.w.org\/{rel}","templated":true}]}}