{"id":1093,"date":"2025-09-17T09:54:25","date_gmt":"2025-09-17T07:54:25","guid":{"rendered":"https:\/\/boreait.com\/hu\/?post_type=product&#038;p=1093"},"modified":"2025-09-17T09:55:12","modified_gmt":"2025-09-17T07:55:12","slug":"03h0ng-dc02c007p00-dell-latitude-e7250-laptophoz-lcd-video-szalagkabel","status":"publish","type":"product","link":"https:\/\/boreait.com\/hu\/termek\/03h0ng-dc02c007p00-dell-latitude-e7250-laptophoz-lcd-video-szalagkabel\/","title":{"rendered":"03H0NG DC02C007P00 DELL Latitude E7250 laptophoz, LCD vide\u00f3 szalagk\u00e1bel"},"content":{"rendered":"<div class=\"flex-1 overflow-hidden\">\n<div class=\"react-scroll-to-bottom--css-ivmta-79elbk h-full dark:bg-gray-800\">\n<div class=\"react-scroll-to-bottom--css-ivmta-1n7m0yu\">\n<div class=\"flex flex-col text-sm dark:bg-gray-800\">\n<div class=\"group w-full text-gray-800 dark:text-gray-100 border-b border-black\/10 dark:border-gray-900\/50 bg-gray-50 dark:bg-[#444654]\">\n<div class=\"flex p-4 gap-4 text-base md:gap-6 md:max-w-2xl lg:max-w-[38rem] xl:max-w-3xl md:py-6 lg:px-0 m-auto\">\n<div class=\"relat\u00edv flex w-[calc(100%-50px)] flex-col gap-1 md:gap-3 lg:w-[calc(100%-115px)]\">\n<div class=\"flex flex-grow flex-col gap-3\">\n<div class=\"min-h-[20px] flex items-start overflow-x-auto whitespace-pre-wrap break-words\">\n<div class=\"markdown prose w-full break-words dark:prose-invert light\">\n<p>A 03H0NG DC02C007P00 a Dell Latitude E7250 laptopok l\u00e9tfontoss\u00e1g\u00fa r\u00e9sze, amely a laptop alaplapja \u00e9s az LCD-k\u00e9perny\u0151 k\u00f6z\u00f6tti kapcsolat kialak\u00edt\u00e1s\u00e1\u00e9rt felel\u0151s. Ez az LCD videoszalagk\u00e1bel d\u00f6nt\u0151 szerepet j\u00e1tszik a videojelek tov\u00e1bb\u00edt\u00e1s\u00e1ban, lehet\u0151v\u00e9 t\u00e9ve a k\u00e9pek, vide\u00f3k \u00e9s grafik\u00e1k megtekint\u00e9s\u00e9t a laptop kijelz\u0151j\u00e9n.<\/p>\n<p>Ha Dell Latitude E7250 laptopja k\u00e9perny\u0151vel kapcsolatos probl\u00e9m\u00e1kat tapasztal, p\u00e9ld\u00e1ul villog, vonalak vagy egy\u00e1ltal\u00e1n nincs k\u00e9p, akkor az LCD-vide\u00f3szalagk\u00e1bel lehet az oka. Ha lecser\u00e9li az eredeti 03H0NG DC02C007P00 k\u00e1belre, az seg\u00edthet megoldani az ilyen probl\u00e9m\u00e1kat \u00e9s vissza\u00e1ll\u00edtani az optim\u00e1lis megjelen\u00edt\u00e9si teljes\u00edtm\u00e9nyt.<\/p>\n<p>A kifejezetten a Dell Latitude E7250 laptopokhoz tervezett 03H0NG DC02C007P00 LCD videoszalagk\u00e1bel biztos\u00edtja a kompatibilit\u00e1st \u00e9s a z\u00f6kken\u0151mentes integr\u00e1ci\u00f3t a laptop \u00f6sszetev\u0151ivel. Kiv\u00e1l\u00f3 min\u0151s\u00e9g\u0171 anyagok felhaszn\u00e1l\u00e1s\u00e1val k\u00e9sz\u00fcl, garant\u00e1lva a tart\u00f3ss\u00e1got \u00e9s a megb\u00edzhat\u00f3 teljes\u00edtm\u00e9nyt.<\/p>\n<p>Az LCD videoszalagk\u00e1bel telep\u00edt\u00e9sekor felt\u00e9tlen\u00fcl k\u00f6vesse a gy\u00e1rt\u00f3 \u00fatmutat\u00e1sait, vagy k\u00e9rjen seg\u00edts\u00e9get szakk\u00e9pzett technikust\u00f3l a megfelel\u0151 telep\u00edt\u00e9s \u00e9s a s\u00e9r\u00fcl\u00e9sek elker\u00fcl\u00e9se \u00e9rdek\u00e9ben.<\/p>\n<p>A m\u0171k\u00f6d\u0151k\u00e9pes LCD-k\u00e9perny\u0151 fenntart\u00e1sa n\u00e9lk\u00fcl\u00f6zhetetlen a Dell Latitude E7250 laptop z\u00f6kken\u0151mentes felhaszn\u00e1l\u00f3i \u00e9lm\u00e9ny\u00e9hez \u00e9s termel\u00e9kenys\u00e9g\u00e9hez. Ha az eredeti 03H0NG DC02C007P00 LCD videoszalagk\u00e1belt v\u00e1lasztja, biztos lehet abban, hogy a teljes\u00edtm\u00e9nye \u00e9s a k\u00e9pess\u00e9ge tiszta \u00e9s kiv\u00e1l\u00f3 min\u0151s\u00e9g\u0171 videojelek tov\u00e1bb\u00edt\u00e1s\u00e1ra k\u00e9pes az alaplap \u00e9s a kijelz\u0151 k\u00f6z\u00f6tt. Fektessen be ebbe a cserealkatr\u00e9szbe, hogy ism\u00e9t z\u00f6kken\u0151mentesen n\u00e9zhesse meg Dell Latitude E7250 laptopj\u00e1t. V\u00e1lassza a 03H0NG DC02C007P00 LCD videoszalagk\u00e1belt a Dell Latitude E7250 laptopokhoz min\u0151s\u00e9ge \u00e9s kompatibilit\u00e1sa miatt.<\/p>\n<\/div>\n<\/div>\n<\/div>\n<div class=\"flex justify-between lg:block\">\n<div class=\"text-xs flex items-center justify-center gap-1 self-center pt-2 !invisible\"><\/div>\n<div class=\"text-gray-400 flex self-end lg:self-center justify-center mt-2 gap-2 md:gap-3 lg:gap-1 lg:absolute lg:top-0 lg:translate-x-full lg:right-0 lg:mt-0\">lg:pl-2 l\u00e1that\u00f3<\/p>\n<p>&nbsp;<\/p>\n<div class=\"flex gap-1\"><\/div>\n<\/div>\n<\/div>\n<\/div>\n<\/div>\n<\/div>\n<div class=\"h-32 md:h-48 flex-shrink-0\"><\/div>\n<p>&nbsp;<\/p>\n<\/div>\n<\/div>\n<\/div>\n<\/div>\n<div class=\"absolute bottom-0 left-0 w-full border-t md:border-t-0 dark:border-white\/20 md:border-transparent md:dark:border-transparent md:bg-vert-light-gradient bg-white dark:bg-gray-800 md:! dark:md:bg-vert-dark-gradient pt-2 md:pl-2 md:w-[calc(100%-.5rem)]\">\n<div class=\"relative flex h-full flex-1 items-stretch md:flex-col\" role=\"presentation\">\n<div>\n<div class=\"h-full flex ml-1 md:w-full md:m-auto md:mb-4 gap-0 md:gap-2 justify-center\"><\/div>\n<\/div>\n<\/div>\n<\/div>\n","protected":false},"excerpt":{"rendered":"<p>A 03H0NG DC02C007P00 egy eredeti LCD videoszalagk\u00e1bel, amelyet kifejezetten a Dell Latitude E7250 laptopokhoz terveztek. Ez az alapvet\u0151 komponens k\u00f6ti \u00f6ssze a laptop alaplapj\u00e1t az LCD k\u00e9perny\u0151vel, lehet\u0151v\u00e9 t\u00e9ve a videojelek tov\u00e1bb\u00edt\u00e1s\u00e1t. Kiv\u00e1l\u00f3 min\u0151s\u00e9g\u0171 fel\u00e9p\u00edt\u00e9s\u00e9nek k\u00f6sz\u00f6nhet\u0151en ez a k\u00e1bel megb\u00edzhat\u00f3 \u00e9s tiszta megjelen\u00edt\u00e9st biztos\u00edt.<\/p>\n","protected":false},"featured_media":1144,"template":"","meta":[],"product_brand":[],"product_cat":[20],"product_tag":[17],"class_list":{"0":"post-1093","1":"product","2":"type-product","3":"status-publish","4":"has-post-thumbnail","6":"product_cat-cables","7":"product_tag-dell","9":"first","10":"instock","11":"taxable","12":"shipping-taxable","13":"purchasable","14":"product-type-simple"},"_links":{"self":[{"href":"https:\/\/boreait.com\/hu\/wp-json\/wp\/v2\/product\/1093","targetHints":{"allow":["GET"]}}],"collection":[{"href":"https:\/\/boreait.com\/hu\/wp-json\/wp\/v2\/product"}],"about":[{"href":"https:\/\/boreait.com\/hu\/wp-json\/wp\/v2\/types\/product"}],"wp:featuredmedia":[{"embeddable":true,"href":"https:\/\/boreait.com\/hu\/wp-json\/wp\/v2\/media\/1144"}],"wp:attachment":[{"href":"https:\/\/boreait.com\/hu\/wp-json\/wp\/v2\/media?parent=1093"}],"wp:term":[{"taxonomy":"product_brand","embeddable":true,"href":"https:\/\/boreait.com\/hu\/wp-json\/wp\/v2\/product_brand?post=1093"},{"taxonomy":"product_cat","embeddable":true,"href":"https:\/\/boreait.com\/hu\/wp-json\/wp\/v2\/product_cat?post=1093"},{"taxonomy":"product_tag","embeddable":true,"href":"https:\/\/boreait.com\/hu\/wp-json\/wp\/v2\/product_tag?post=1093"}],"curies":[{"name":"wp","href":"https:\/\/api.w.org\/{rel}","templated":true}]}}