{"id":10915,"date":"2025-09-17T13:02:08","date_gmt":"2025-09-17T11:02:08","guid":{"rendered":"https:\/\/boreait.com\/hu\/?post_type=product&#038;p=10915"},"modified":"2025-09-17T13:04:09","modified_gmt":"2025-09-17T11:04:09","slug":"egyedi-billentyuzetbillentyu-a-lenovo-thinkpad-l460-fru-04x0127-hez","status":"publish","type":"product","link":"https:\/\/boreait.com\/hu\/termek\/egyedi-billentyuzetbillentyu-a-lenovo-thinkpad-l460-fru-04x0127-hez\/","title":{"rendered":"Egyedi billenty\u0171zetbillenty\u0171 a Lenovo ThinkPad L460 FRU 04X0127-hez"},"content":{"rendered":"<p><strong>EZ AZ EGYEDI BILLENTY\u0170ZET BILLENTY\u0170Z\u00c9SE!<\/strong><\/p>\n<p><strong>Cserebillenty\u0171zetet<\/strong> keres Lenovo ThinkPad L460 k\u00e9sz\u00fcl\u00e9k\u00e9hez? Ez az <strong>eredeti Lenovo billenty\u0171zet (FRU 04X0127)<\/strong> t\u00f6k\u00e9letesen illeszkedik laptopj\u00e1hoz, \u00e9s ugyanazt a <strong>megb\u00edzhat\u00f3 teljes\u00edtm\u00e9nyt \u00e9s k\u00e9nyelmes g\u00e9pel\u00e9si \u00e9lm\u00e9nyt<\/strong> k\u00edn\u00e1lja, mint az eredeti.<\/p>\n<h4><strong>F\u0151bb jellemz\u0151k:<\/strong><\/h4>\n<p>\u2714 <strong>Eredeti Lenovo billenty\u0171zet<\/strong> \u2013 FRU 04X0127, kifejezetten a ThinkPad L460 sz\u00e1m\u00e1ra k\u00e9sz\u00fclt.<\/p>\n<p>\u2714 <strong>T\u00f6k\u00e9letes illeszked\u00e9s \u00e9s amp; Funkcionalit\u00e1s<\/strong> \u2013 Reszponz\u00edv kulcsok, tart\u00f3s fel\u00e9p\u00edt\u00e9s \u00e9s z\u00f6kken\u0151mentes kompatibilit\u00e1s.<\/p>\n<p>\u2714 <strong>Kiv\u00e1l\u00f3 min\u0151s\u00e9g\u0171 anyagok<\/strong> \u2013 tart\u00f3sra tervezve, sima \u00e9s hat\u00e9kony g\u00e9pel\u00e9st biztos\u00edtva.<\/p>\n<p>\u2714 <strong>Val\u00f3di fot\u00f3k<\/strong> \u2013 Az adatlapon szerepl\u0151 k\u00e9pek a <strong>t\u00e9nyleges term\u00e9ket<\/strong> mutatj\u00e1k, amelyet kap.<\/p>\n<p>\u2714 <strong>Sz\u00e1ll\u00edt\u00e1s vil\u00e1gszerte<\/strong> \u2013 Gyors, biztons\u00e1gos sz\u00e1ll\u00edt\u00e1s <strong>Eur\u00f3p\u00e1ban \u00e9s vil\u00e1gszerte<\/strong>.<\/p>\n<p>Ez a billenty\u0171zet <strong>nem tartalmaz cser\u00e9re vonatkoz\u00f3 utas\u00edt\u00e1sokat<\/strong>, de ha seg\u00edts\u00e9gre van sz\u00fcks\u00e9ge, nyugodtan <strong>\u00fczenjen nek\u00fcnk<\/strong>.<\/p>\n<p><strong>V\u00e1s\u00e1roljon bizalommal a Siggm\u00f3t\u00f3l \u2013 a pr\u00e9mium laptop-alkatr\u00e9szek megb\u00edzhat\u00f3 forr\u00e1s\u00e1t\u00f3l!<\/strong><\/p>\n","protected":false},"excerpt":{"rendered":"<p>Friss\u00edtse Lenovo ThinkPad L460 k\u00e9sz\u00fcl\u00e9k\u00e9t ezzel az <strong>eredeti billenty\u0171zettel (FRU 04X0127)<\/strong>. A t\u00f6k\u00e9letes illeszked\u00e9s, a kiv\u00e1l\u00f3 min\u0151s\u00e9g\u0171 billenty\u0171k \u00e9s a tart\u00f3s kialak\u00edt\u00e1s gondoskodik a sima g\u00e9pel\u00e9sr\u0151l. <strong>Val\u00f3di fot\u00f3k \u2013 amit l\u00e1tsz, azt kapod!<\/strong><\/p>\n","protected":false},"featured_media":10976,"template":"","meta":[],"product_brand":[],"product_cat":[24],"product_tag":[],"class_list":{"0":"post-10915","1":"product","2":"type-product","3":"status-publish","4":"has-post-thumbnail","6":"product_cat-individual-keyboard-keys","8":"first","9":"instock","10":"taxable","11":"shipping-taxable","12":"purchasable","13":"product-type-simple"},"_links":{"self":[{"href":"https:\/\/boreait.com\/hu\/wp-json\/wp\/v2\/product\/10915","targetHints":{"allow":["GET"]}}],"collection":[{"href":"https:\/\/boreait.com\/hu\/wp-json\/wp\/v2\/product"}],"about":[{"href":"https:\/\/boreait.com\/hu\/wp-json\/wp\/v2\/types\/product"}],"wp:featuredmedia":[{"embeddable":true,"href":"https:\/\/boreait.com\/hu\/wp-json\/wp\/v2\/media\/10976"}],"wp:attachment":[{"href":"https:\/\/boreait.com\/hu\/wp-json\/wp\/v2\/media?parent=10915"}],"wp:term":[{"taxonomy":"product_brand","embeddable":true,"href":"https:\/\/boreait.com\/hu\/wp-json\/wp\/v2\/product_brand?post=10915"},{"taxonomy":"product_cat","embeddable":true,"href":"https:\/\/boreait.com\/hu\/wp-json\/wp\/v2\/product_cat?post=10915"},{"taxonomy":"product_tag","embeddable":true,"href":"https:\/\/boreait.com\/hu\/wp-json\/wp\/v2\/product_tag?post=10915"}],"curies":[{"name":"wp","href":"https:\/\/api.w.org\/{rel}","templated":true}]}}