{"id":10901,"date":"2025-09-17T13:01:41","date_gmt":"2025-09-17T11:01:41","guid":{"rendered":"https:\/\/boreait.com\/hu\/?post_type=product&#038;p=10901"},"modified":"2025-09-17T13:03:33","modified_gmt":"2025-09-17T11:03:33","slug":"lenovo-thinkpad-l460-hangszorok-pk23000jj00-cserealkatresz-eredeti-laptop-hangszorok-a-tiszta-hangert","status":"publish","type":"product","link":"https:\/\/boreait.com\/hu\/termek\/lenovo-thinkpad-l460-hangszorok-pk23000jj00-cserealkatresz-eredeti-laptop-hangszorok-a-tiszta-hangert\/","title":{"rendered":"Lenovo ThinkPad L460 hangsz\u00f3r\u00f3k PK23000JJ00 cserealkatr\u00e9sz \u2013 Eredeti laptop hangsz\u00f3r\u00f3k a tiszta hang\u00e9rt"},"content":{"rendered":"<p>N\u00f6velje Lenovo ThinkPad L460 hangteljes\u00edtm\u00e9ny\u00e9t ezzel az autentikus <strong>PK23000JJ00 hangsz\u00f3r\u00f3 cserealkatr\u00e9szrel<\/strong>. Ak\u00e1r s\u00e9r\u00fclt, ak\u00e1r hib\u00e1s hangsz\u00f3r\u00f3kat cser\u00e9l, ez a kiv\u00e1l\u00f3 min\u0151s\u00e9g\u0171 alkatr\u00e9sz biztos\u00edtja, hogy laptopja tiszta \u00e9s gazdag hangz\u00e1st biztos\u00edtson.<\/p>\n<p><strong>A term\u00e9k jellemz\u0151i:<\/strong><\/p>\n<ul>\n<li><strong>Kompatibilis a Lenovo ThinkPad L460<\/strong> modellekkel.<\/li>\n<li>Eredeti cserehangsz\u00f3r\u00f3k az optim\u00e1lis hangteljes\u00edtm\u00e9ny \u00e9rdek\u00e9ben.<\/li>\n<li>Egyszer\u0171, probl\u00e9mamentes telep\u00edt\u00e9s, tov\u00e1bbi m\u00f3dos\u00edt\u00e1sok n\u00e9lk\u00fcl.<\/li>\n<li><strong>Tartalmazza<\/strong>: k\u00e9t hangsz\u00f3r\u00f3 (bal \u00e9s jobb) a sztere\u00f3 hang vissza\u00e1ll\u00edt\u00e1s\u00e1hoz.<\/li>\n<\/ul>\n<p><strong>Mi\u00e9rt v\u00e1lassza a Lenovo ThinkPad L460 hangsz\u00f3r\u00f3inkat?<\/strong><\/p>\n<ul>\n<li><strong>Eredeti alkatr\u00e9szek<\/strong>: Csak eredeti cserealkatr\u00e9szeket biztos\u00edtunk, \u00edgy biztos\u00edtva a hossz\u00fa \u00e9lettartamot \u00e9s a megb\u00edzhat\u00f3s\u00e1got.<\/li>\n<li><strong>Egyszer\u0171 telep\u00edt\u00e9s<\/strong>: Val\u00f3di fot\u00f3kat fog kapni a megv\u00e1s\u00e1rolni k\u00edv\u00e1nt hangsz\u00f3r\u00f3kr\u00f3l, \u00e9s b\u00e1r nem adunk telep\u00edt\u00e9si utas\u00edt\u00e1sokat, sz\u00edvesen seg\u00edt\u00fcnk b\u00e1rmilyen k\u00e9rd\u00e9sben, vagy ha sz\u00fcks\u00e9ges, seg\u00edt\u00fcnk.<\/li>\n<li><strong>Sz\u00e1ll\u00edt\u00e1s az eg\u00e9sz vil\u00e1gon<\/strong>: eur\u00f3pai \u00e9s glob\u00e1lis \u00fcgyfelek sz\u00e1m\u00e1ra egyar\u00e1nt el\u00e9rhet\u0151, \u00edgy b\u00e1rhol is van, helyre\u00e1ll\u00edthatja laptopja hangteljes\u00edtm\u00e9ny\u00e9t.<\/li>\n<\/ul>\n<p>Ne el\u00e9gedjen meg az alacsony min\u0151s\u00e9g\u0171 ut\u00e1ngy\u00e1rtott opci\u00f3kkal. Szerezze meg pontosan azokat a hangsz\u00f3r\u00f3kat, amelyekre Lenovo ThinkPad L460 k\u00e9sz\u00fcl\u00e9k\u00e9nek a legjobb hangz\u00e1shoz sz\u00fcks\u00e9ge van. Ha tov\u00e1bbi seg\u00edts\u00e9gre van sz\u00fcks\u00e9ge a telep\u00edt\u00e9shez, forduljon hozz\u00e1nk bizalommal.<\/p>\n","protected":false},"excerpt":{"rendered":"<p>Friss\u00edtse Lenovo ThinkPad L460 k\u00e9sz\u00fcl\u00e9k\u00e9t ezzel az eredeti PK23000JJ00 hangsz\u00f3r\u00f3 cserealkatr\u00e9szsel. Ez a kiv\u00e1l\u00f3 min\u0151s\u00e9g\u0171 hangsz\u00f3r\u00f3k\u00e9szlet tiszta \u00e9s \u00e9les hangot biztos\u00edt, t\u00f6k\u00e9letes illeszked\u00e9st biztos\u00edtva laptopj\u00e1hoz. \u00c1ll\u00edtsa vissza laptopja hangmin\u0151s\u00e9g\u00e9t ezekkel az egyszer\u0171en telep\u00edthet\u0151 hangsz\u00f3r\u00f3kkal. Val\u00f3di fot\u00f3k biztos\u00edtottak.<\/p>\n","protected":false},"featured_media":10959,"template":"","meta":[],"product_brand":[],"product_cat":[18],"product_tag":[26],"class_list":{"0":"post-10901","1":"product","2":"type-product","3":"status-publish","4":"has-post-thumbnail","6":"product_cat-laptop-speakers","7":"product_tag-lenovo","9":"first","10":"instock","11":"taxable","12":"shipping-taxable","13":"purchasable","14":"product-type-simple"},"_links":{"self":[{"href":"https:\/\/boreait.com\/hu\/wp-json\/wp\/v2\/product\/10901","targetHints":{"allow":["GET"]}}],"collection":[{"href":"https:\/\/boreait.com\/hu\/wp-json\/wp\/v2\/product"}],"about":[{"href":"https:\/\/boreait.com\/hu\/wp-json\/wp\/v2\/types\/product"}],"wp:featuredmedia":[{"embeddable":true,"href":"https:\/\/boreait.com\/hu\/wp-json\/wp\/v2\/media\/10959"}],"wp:attachment":[{"href":"https:\/\/boreait.com\/hu\/wp-json\/wp\/v2\/media?parent=10901"}],"wp:term":[{"taxonomy":"product_brand","embeddable":true,"href":"https:\/\/boreait.com\/hu\/wp-json\/wp\/v2\/product_brand?post=10901"},{"taxonomy":"product_cat","embeddable":true,"href":"https:\/\/boreait.com\/hu\/wp-json\/wp\/v2\/product_cat?post=10901"},{"taxonomy":"product_tag","embeddable":true,"href":"https:\/\/boreait.com\/hu\/wp-json\/wp\/v2\/product_tag?post=10901"}],"curies":[{"name":"wp","href":"https:\/\/api.w.org\/{rel}","templated":true}]}}