{"id":10873,"date":"2025-09-17T13:00:21","date_gmt":"2025-09-17T11:00:21","guid":{"rendered":"https:\/\/boreait.com\/hu\/?post_type=product&#038;p=10873"},"modified":"2025-09-17T13:02:58","modified_gmt":"2025-09-17T11:02:58","slug":"fujitsu-e559-csuklotamasz-2h1716-072208-rev-a-eredeti-laptop-alkatresz","status":"publish","type":"product","link":"https:\/\/boreait.com\/hu\/termek\/fujitsu-e559-csuklotamasz-2h1716-072208-rev-a-eredeti-laptop-alkatresz\/","title":{"rendered":"FUJITSU E559 csukl\u00f3t\u00e1masz 2H1716-072208 Rev A &#8211; Eredeti laptop alkatr\u00e9sz"},"content":{"rendered":"<p><strong>FUJITSU DSBR030117 E559 csukl\u00f3t\u00e1masz \u00e9rint\u0151paddal 2H1716-072208 Rev A \u2013 Eredeti cserealkatr\u00e9sz \u2013 Az \u00e9rint\u0151pad gombjait nem tartalmazza!<\/p>\n<p><\/strong><\/p>\n<p>Kiv\u00e1l\u00f3 min\u0151s\u00e9g\u0171, \u00e9rint\u0151paddal ell\u00e1tott cserecsukl\u00f3t\u00e1maszt keres <strong>Fujitsu E559<\/strong> laptopj\u00e1hoz? Ez az <strong>eredeti FUJITSU DSBR030117 E559 csukl\u00f3t\u00e1masz<\/strong> alkatr\u00e9sz (<strong>2H1716-072208 Rev A<\/strong> cikksz\u00e1mmal) a t\u00f6k\u00e9letes megold\u00e1s. A hib\u00e1tlan illeszked\u00e9st \u00e9s m\u0171k\u00f6d\u00e9st biztos\u00edt\u00f3 csukl\u00f3t\u00e1masz integr\u00e1lt \u00e9rint\u0151paddal rendelkezik a z\u00f6kken\u0151mentes navig\u00e1ci\u00f3 \u00e9s vez\u00e9rl\u00e9s \u00e9rdek\u00e9ben, amely biztos\u00edtja, hogy ugyanolyan nagyszer\u0171 \u00e9lm\u00e9nyben legyen r\u00e9sze, mint az eredeti alkatr\u00e9szn\u00e9l.<\/p>\n<p><strong>F\u0151bb jellemz\u0151k:<\/strong><\/p>\n<ul>\n<li><strong>Eredeti csere<\/strong>: Kifejezetten a <strong>Fujitsu E559<\/strong> modellhez k\u00e9sz\u00fclt, \u00e9s ugyanolyan tart\u00f3ss\u00e1got \u00e9s teljes\u00edtm\u00e9nyt k\u00edn\u00e1l, mint az eredeti.<\/li>\n<li><strong>\u00c9rint\u0151pad mell\u00e9kelve<\/strong>: Az egyszer\u0171 navig\u00e1ci\u00f3 \u00e9rdek\u00e9ben funkcion\u00e1lis \u00e9rint\u0151paddal rendelkezik.<\/li>\n<li><strong>Modellkompatibilit\u00e1s<\/strong>: Ide\u00e1lis azok sz\u00e1m\u00e1ra, akiknek megb\u00edzhat\u00f3 csukl\u00f3t\u00e1maszra van sz\u00fcks\u00e9g\u00fck Fujitsu E559 laptopjukhoz.<\/li>\n<li><strong>Val\u00f3di fot\u00f3k<\/strong>: Amit l\u00e1tsz, pontosan azt kapod! F\u00e9nyk\u00e9peink bemutatj\u00e1k a t\u00e9nylegesen megkapott term\u00e9ket.<\/li>\n<\/ul>\n<p><strong>Tov\u00e1bbi inform\u00e1ci\u00f3<\/strong>:<\/p>\n<ul>\n<li><strong>Alkatr\u00e9szsz\u00e1m<\/strong>: 2H1716-072208 Rev A<\/li>\n<li><strong>\u00c1llapot<\/strong>: Haszn\u00e1lt. Pontosan olyan, mint a val\u00f3di k\u00e9peken.<\/li>\n<li><strong>Sz\u00e1ll\u00edt\u00e1s<\/strong>: Vil\u00e1gszerte k\u00edn\u00e1lunk sz\u00e1ll\u00edt\u00e1st, \u00edgy b\u00e1rhol is van, gondoskodunk r\u00f3la, hogy gyorsan megkapja a r\u00e9sz\u00e9t.<\/li>\n<\/ul>\n<p>Ha b\u00e1rmilyen k\u00e9rd\u00e9se van, vagy tov\u00e1bbi seg\u00edts\u00e9gre van sz\u00fcks\u00e9ge, nyugodtan <strong>\u00fczenjen nek\u00fcnk<\/strong>! Az\u00e9rt vagyunk itt, hogy seg\u00edts\u00fcnk laptopj\u00e1nak alkatr\u00e9szei ig\u00e9nyeinek kiel\u00e9g\u00edt\u00e9s\u00e9ben, \u00e9s tov\u00e1bbi \u00fatmutat\u00e1st adunk annak \u00e9rdek\u00e9ben, hogy a cserefolyamat a lehet\u0151 legz\u00f6kken\u0151mentesebb legyen.<\/p>\n","protected":false},"excerpt":{"rendered":"<p>Ezt az eredeti <strong>FUJITSU DSBR030117 E559<\/strong> csukl\u00f3t\u00e1maszt \u00e9rint\u0151paddal (cikksz\u00e1m: <strong>2H1716-072208 Rev A<\/strong>) a Fujitsu E559 laptopmodellekhez tervezt\u00e9k. Ez egy hiteles cserealkatr\u00e9sz, amely ugyanazt a min\u0151s\u00e9get \u00e9s teljes\u00edtm\u00e9nyt k\u00edn\u00e1lja, mint az eredeti, biztos\u00edtva a z\u00f6kken\u0151mentes integr\u00e1ci\u00f3t a k\u00e9sz\u00fcl\u00e9kkel. A val\u00f3di fot\u00f3k azt mutatj\u00e1k, hogy milyen term\u00e9ket kapsz.<\/p>\n","protected":false},"featured_media":10936,"template":"","meta":[],"product_brand":[],"product_cat":[16],"product_tag":[28],"class_list":{"0":"post-10873","1":"product","2":"type-product","3":"status-publish","4":"has-post-thumbnail","6":"product_cat-laptop-housing","7":"product_tag-fujitsu","9":"first","10":"instock","11":"taxable","12":"shipping-taxable","13":"purchasable","14":"product-type-simple"},"_links":{"self":[{"href":"https:\/\/boreait.com\/hu\/wp-json\/wp\/v2\/product\/10873","targetHints":{"allow":["GET"]}}],"collection":[{"href":"https:\/\/boreait.com\/hu\/wp-json\/wp\/v2\/product"}],"about":[{"href":"https:\/\/boreait.com\/hu\/wp-json\/wp\/v2\/types\/product"}],"wp:featuredmedia":[{"embeddable":true,"href":"https:\/\/boreait.com\/hu\/wp-json\/wp\/v2\/media\/10936"}],"wp:attachment":[{"href":"https:\/\/boreait.com\/hu\/wp-json\/wp\/v2\/media?parent=10873"}],"wp:term":[{"taxonomy":"product_brand","embeddable":true,"href":"https:\/\/boreait.com\/hu\/wp-json\/wp\/v2\/product_brand?post=10873"},{"taxonomy":"product_cat","embeddable":true,"href":"https:\/\/boreait.com\/hu\/wp-json\/wp\/v2\/product_cat?post=10873"},{"taxonomy":"product_tag","embeddable":true,"href":"https:\/\/boreait.com\/hu\/wp-json\/wp\/v2\/product_tag?post=10873"}],"curies":[{"name":"wp","href":"https:\/\/api.w.org\/{rel}","templated":true}]}}