{"id":10867,"date":"2025-09-17T13:00:19","date_gmt":"2025-09-17T11:00:19","guid":{"rendered":"https:\/\/boreait.com\/hu\/?post_type=product&#038;p=10867"},"modified":"2025-09-17T13:02:30","modified_gmt":"2025-09-17T11:02:30","slug":"fujitsu-e559-cp761750-z3-egergombos-erintopad-eredeti-laptop-cserealkatresz","status":"publish","type":"product","link":"https:\/\/boreait.com\/hu\/termek\/fujitsu-e559-cp761750-z3-egergombos-erintopad-eredeti-laptop-cserealkatresz\/","title":{"rendered":"FUJITSU E559 CP761750-Z3 eg\u00e9rgombos \u00e9rint\u0151pad \u2013 Eredeti laptop cserealkatr\u00e9sz"},"content":{"rendered":"<p>Friss\u00edtse vagy cser\u00e9lje ki Fujitsu laptopja \u00e9rint\u0151padj\u00e1nak eg\u00e9rgombj\u00e1t erre az <strong>eredeti Fujitsu DSBR030117 CP761750-Z3<\/strong> alkatr\u00e9szre. A z\u00f6kken\u0151mentes \u00e9s pontos bevitelre tervezett eredeti komponens optim\u00e1lis reakci\u00f3k\u00e9szs\u00e9get biztos\u00edt, \u00edgy a navig\u00e1ci\u00f3 k\u00f6nnyed.<\/p>\n<h3><strong>F\u0151bb jellemz\u0151k:<\/strong><\/h3>\n<p>\u2714 <strong>OEM Fujitsu alkatr\u00e9sz:<\/strong> CP761750-Z3 \u2013 A t\u00f6k\u00e9letes kompatibilit\u00e1sra tervezt\u00e9k.<\/p>\n<p>\u2714 <strong>Sima \u00e9s amp; \u00c9rz\u00e9keny:<\/strong> Vissza\u00e1ll\u00edtja a laptop \u00e9rint\u0151pad funkci\u00f3it.<\/p>\n<p>\u2714 <strong>Eredeti csere:<\/strong> Val\u00f3di term\u00e9kfot\u00f3k \u2013 pontosan azt kapod, ami l\u00e1that\u00f3!<\/p>\n<p>\u2714 <strong>Sz\u00e1ll\u00edt\u00e1s az eg\u00e9sz vil\u00e1gon:<\/strong> Eur\u00f3pa-szerte \u00e9s nemzetk\u00f6zileg sz\u00e1ll\u00edtjuk.<\/p>\n<p>\ud83d\udd27 <strong>Seg\u00edts\u00e9gre van sz\u00fcks\u00e9ge?<\/strong> B\u00e1r nem adunk telep\u00edt\u00e9si utas\u00edt\u00e1sokat, nyugodtan \u00edrjon nek\u00fcnk, ha \u00fatmutat\u00e1sra van sz\u00fcks\u00e9ge!<\/p>\n<p>Ez a <strong>kiv\u00e1l\u00f3 min\u0151s\u00e9g\u0171 laptop cserealkatr\u00e9sz<\/strong> ide\u00e1lis azoknak a felhaszn\u00e1l\u00f3knak, akik a nem reag\u00e1l\u00f3 vagy s\u00e9r\u00fclt \u00e9rint\u0151pad gombjait szeretn\u00e9k megjav\u00edtani. Ne el\u00e9gedjen meg az ut\u00e1ngy\u00e1rtott alkatr\u00e9szekkel \u2013 v\u00e1lasszon egy <strong>megb\u00edzhat\u00f3, eredeti Fujitsu<\/strong> alkatr\u00e9szt a z\u00f6kken\u0151mentes jav\u00edt\u00e1s \u00e9rdek\u00e9ben.<\/p>\n","protected":false},"excerpt":{"rendered":"<p>Eredeti Fujitsu DSBR030117 CP761750-Z3 \u00e9rint\u0151pad eg\u00e9rgomb laptopjav\u00edt\u00e1shoz. Ide\u00e1lis csere az elhaszn\u00e1l\u00f3dott vagy nem reag\u00e1l\u00f3 gombokhoz. Val\u00f3di term\u00e9kfot\u00f3k mell\u00e9kelve!<\/p>\n","protected":false},"featured_media":10926,"template":"","meta":[],"product_brand":[],"product_cat":[27],"product_tag":[28],"class_list":{"0":"post-10867","1":"product","2":"type-product","3":"status-publish","4":"has-post-thumbnail","6":"product_cat-motherboards-board-parts","7":"product_tag-fujitsu","9":"first","10":"instock","11":"taxable","12":"shipping-taxable","13":"purchasable","14":"product-type-simple"},"_links":{"self":[{"href":"https:\/\/boreait.com\/hu\/wp-json\/wp\/v2\/product\/10867","targetHints":{"allow":["GET"]}}],"collection":[{"href":"https:\/\/boreait.com\/hu\/wp-json\/wp\/v2\/product"}],"about":[{"href":"https:\/\/boreait.com\/hu\/wp-json\/wp\/v2\/types\/product"}],"wp:featuredmedia":[{"embeddable":true,"href":"https:\/\/boreait.com\/hu\/wp-json\/wp\/v2\/media\/10926"}],"wp:attachment":[{"href":"https:\/\/boreait.com\/hu\/wp-json\/wp\/v2\/media?parent=10867"}],"wp:term":[{"taxonomy":"product_brand","embeddable":true,"href":"https:\/\/boreait.com\/hu\/wp-json\/wp\/v2\/product_brand?post=10867"},{"taxonomy":"product_cat","embeddable":true,"href":"https:\/\/boreait.com\/hu\/wp-json\/wp\/v2\/product_cat?post=10867"},{"taxonomy":"product_tag","embeddable":true,"href":"https:\/\/boreait.com\/hu\/wp-json\/wp\/v2\/product_tag?post=10867"}],"curies":[{"name":"wp","href":"https:\/\/api.w.org\/{rel}","templated":true}]}}