{"id":10863,"date":"2025-09-17T13:00:17","date_gmt":"2025-09-17T11:00:17","guid":{"rendered":"https:\/\/boreait.com\/hu\/?post_type=product&#038;p=10863"},"modified":"2025-09-17T13:02:05","modified_gmt":"2025-09-17T11:02:05","slug":"lenovo-thinkpad-type-l490-lcd-elolap-ap1az000300-02dm324","status":"publish","type":"product","link":"https:\/\/boreait.com\/hu\/termek\/lenovo-thinkpad-type-l490-lcd-elolap-ap1az000300-02dm324\/","title":{"rendered":"Lenovo ThinkPad Type L490 LCD el\u0151lap AP1AZ000300 | 02DM324"},"content":{"rendered":"<p>Friss\u00edtse vagy cser\u00e9lje ki <strong>Lenovo ThinkPad Type L490 20Q6-S87900 LCD el\u0151lapj\u00e1t (AP1AZ000300 \/ 02DM324 )<\/strong> erre az <strong>eredeti OEM alkatr\u00e9szre<\/strong>. \u00dagy tervezt\u00e9k, hogy t\u00f6k\u00e9letesen illeszkedjen a laptop kijelz\u0151j\u00e9hez, ez az el\u0151lap z\u00f6kken\u0151mentes \u00e9s professzion\u00e1lis megjelen\u00e9st biztos\u00edt.<\/p>\n<h3><strong>A term\u00e9k jellemz\u0151i:<\/strong><\/h3>\n<p>\u2714 <strong>Eredeti Lenovo alkatr\u00e9sz:<\/strong> Garant\u00e1lt kompatibilit\u00e1s a <strong>ThinkPad L4980 20Q6-S87900<\/strong><\/p>\n<p>\u2714 <strong>Tart\u00f3s fel\u00e9p\u00edt\u00e9s:<\/strong> Kiv\u00e1l\u00f3 min\u0151s\u00e9g\u0171 m\u0171anyag a hossz\u00fa \u00e9lettartam \u00e9rdek\u00e9ben<\/p>\n<p>\u2714 <strong>Egyszer\u0171 telep\u00edt\u00e9s:<\/strong> \u00dagy tervezt\u00e9k, hogy j\u00f3l illeszkedjen az LCD-k\u00e9perny\u0151h\u00f6z<\/p>\n<p>\u2714 <strong>Val\u00f3di fot\u00f3k:<\/strong> Az adatlapon szerepl\u0151 k\u00e9pek a t\u00e9nyleges keretet mutatj\u00e1k<\/p>\n<p>\u2714 <strong>Sz\u00e1ll\u00edt\u00e1s az eg\u00e9sz vil\u00e1gon:<\/strong> Gyors sz\u00e1ll\u00edt\u00e1s eg\u00e9sz Eur\u00f3p\u00e1ban \u00e9s nemzetk\u00f6zi szinten<\/p>\n<p>\ud83d\udca1 <strong>Seg\u00edts\u00e9gre van sz\u00fcks\u00e9ge?<\/strong> Nem adunk telep\u00edt\u00e9si utas\u00edt\u00e1sokat, de ha seg\u00edts\u00e9gre van sz\u00fcks\u00e9ge a kompatibilit\u00e1s azonos\u00edt\u00e1s\u00e1hoz vagy az el\u0151lap felszerel\u00e9s\u00e9hez, nyugodtan \u00edrjon nek\u00fcnk.<\/p>\n<p><strong>Rendeljen most, \u00e9s \u00e1ll\u00edtsa vissza ThinkPad professzion\u00e1lis megjelen\u00e9s\u00e9t!<\/strong><\/p>\n","protected":false},"excerpt":{"rendered":"<p>Eredeti <strong>Lenovo ThinkPad 20Q6-S87900 LCD el\u0151lap (AP1AZ000300 \/ 02DM324 )<\/strong>, kiv\u00e1l\u00f3 \u00e1llapotban. T\u00f6k\u00e9letesen illeszkedik a laptop k\u00e9perny\u0151j\u00e9hez. <strong>Val\u00f3di fot\u00f3k \u2013 amit l\u00e1tsz, azt kapod!<\/strong><\/p>\n","protected":false},"featured_media":10912,"template":"","meta":[],"product_brand":[],"product_cat":[16],"product_tag":[26],"class_list":{"0":"post-10863","1":"product","2":"type-product","3":"status-publish","4":"has-post-thumbnail","6":"product_cat-laptop-housing","7":"product_tag-lenovo","9":"first","10":"instock","11":"taxable","12":"shipping-taxable","13":"purchasable","14":"product-type-simple"},"_links":{"self":[{"href":"https:\/\/boreait.com\/hu\/wp-json\/wp\/v2\/product\/10863","targetHints":{"allow":["GET"]}}],"collection":[{"href":"https:\/\/boreait.com\/hu\/wp-json\/wp\/v2\/product"}],"about":[{"href":"https:\/\/boreait.com\/hu\/wp-json\/wp\/v2\/types\/product"}],"wp:featuredmedia":[{"embeddable":true,"href":"https:\/\/boreait.com\/hu\/wp-json\/wp\/v2\/media\/10912"}],"wp:attachment":[{"href":"https:\/\/boreait.com\/hu\/wp-json\/wp\/v2\/media?parent=10863"}],"wp:term":[{"taxonomy":"product_brand","embeddable":true,"href":"https:\/\/boreait.com\/hu\/wp-json\/wp\/v2\/product_brand?post=10863"},{"taxonomy":"product_cat","embeddable":true,"href":"https:\/\/boreait.com\/hu\/wp-json\/wp\/v2\/product_cat?post=10863"},{"taxonomy":"product_tag","embeddable":true,"href":"https:\/\/boreait.com\/hu\/wp-json\/wp\/v2\/product_tag?post=10863"}],"curies":[{"name":"wp","href":"https:\/\/api.w.org\/{rel}","templated":true}]}}