{"id":10862,"date":"2025-09-17T13:00:17","date_gmt":"2025-09-17T11:00:17","guid":{"rendered":"https:\/\/boreait.com\/hu\/?post_type=product&#038;p=10862"},"modified":"2025-09-17T13:01:58","modified_gmt":"2025-09-17T11:01:58","slug":"lenovo-thinkpad-type-l490-20q6-s87900-laptop-alaplap-i5-7200u-cpu-gtx950m-gpu","status":"publish","type":"product","link":"https:\/\/boreait.com\/hu\/termek\/lenovo-thinkpad-type-l490-20q6-s87900-laptop-alaplap-i5-7200u-cpu-gtx950m-gpu\/","title":{"rendered":"Lenovo ThinkPad Type L490 20Q6-S87900 Laptop alaplap &#8211; i5-7200U CPU GTX950M GPU"},"content":{"rendered":"<p><strong>ThinkPad Type 20Q6-S87900 laptop alaplap \u2013 hiteles csere a Lenovo laptopokhoz<\/strong><\/p>\n<h1 data-pl=\"product-title\" data-tticheck=\"true\" data-spm-anchor-id=\"a2g0o.detail.0.i4.69997WeW7WeWex\">i5-7200U CPU GTX950M GPU<\/h1>\n<p>Ha nagy teljes\u00edtm\u00e9ny\u0171 cserealaplapot keres Lenovo ThinkPadj\u00e1hoz, a <strong>ThinkPad Type 20Q6-S87900 alaplap<\/strong> a t\u00f6k\u00e9letes megold\u00e1s. Ez az eredeti alaplap biztos\u00edtja, hogy laptopja z\u00f6kken\u0151mentesen \u00e9s hat\u00e9konyan m\u0171k\u00f6dj\u00f6n, z\u00f6kken\u0151mentes \u00e9lm\u00e9nyt ny\u00fajtva napi feladataihoz.<\/p>\n<p><strong>F\u0151bb jellemz\u0151k &amp; M\u0171szaki adatok:<\/strong><\/p>\n<ul>\n<li><strong>Kompatibilis azokkal a Lenovo ThinkPad<\/strong> modellekkel, amelyek t\u00e1mogatj\u00e1k ezt a cikksz\u00e1mot.<\/li>\n<li><strong>Eredeti Lenovo alkatr\u00e9sz<\/strong> \u2013 Kiv\u00e1l\u00f3 min\u0151s\u00e9get \u00e9s megb\u00edzhat\u00f3s\u00e1got biztos\u00edt.<\/li>\n<li><strong>Ide\u00e1lis laptopjav\u00edt\u00e1shoz vagy friss\u00edt\u00e9shez<\/strong> \u2013 Ak\u00e1r hib\u00e1s alaplapot cser\u00e9l, ak\u00e1r megl\u00e9v\u0151 rendszer\u00e9t friss\u00edti, ez az alaplap helyre\u00e1ll\u00edtja vagy jav\u00edtja laptopja teljes\u00edtm\u00e9ny\u00e9t.<\/li>\n<li><strong>Teljesen m\u0171k\u00f6d\u0151k\u00e9pes<\/strong> \u2013 Ennek az alaplapnak a m\u0171k\u00f6d\u00e9s\u00e9t szigor\u00faan tesztelt\u00e9k, \u00edgy biztos\u00edtva, hogy minden \u00f6sszetev\u0151 optim\u00e1lisan m\u0171k\u00f6dj\u00f6n.<\/li>\n<li><strong>Val\u00f3di f\u00e9nyk\u00e9peket mell\u00e9kelnek<\/strong> \u2013 A list\u00e1ban szerepl\u0151 k\u00e9pek a t\u00e9nylegesen megkapott alaplapr\u00f3l k\u00e9sz\u00fcltek.<\/li>\n<\/ul>\n<p>K\u00e9rj\u00fck, vegye figyelembe: B\u00e1r nem adunk telep\u00edt\u00e9si utas\u00edt\u00e1sokat, forduljon bizalommal, ha \u00fatmutat\u00e1sra van sz\u00fcks\u00e9ge, vagy b\u00e1rmilyen k\u00e9rd\u00e9se van a telep\u00edt\u00e9ssel kapcsolatban. \u00d6r\u00f6mmel seg\u00edt\u00fcnk \u00d6nnek!<\/p>\n","protected":false},"excerpt":{"rendered":"<p><strong>Eredeti ThinkPad Type 20Q6-S87900 laptop alaplap \u2013 t\u00f6k\u00e9letes csere a Lenovo laptopokhoz.<\/strong><\/p>\n<p>Ez a kiv\u00e1l\u00f3 min\u0151s\u00e9g\u0171 alaplap k\u00f6zvetlen\u00fcl helyettes\u00edti a ThinkPad-et, egyenletes teljes\u00edtm\u00e9nyt \u00e9s hossz\u00fa \u00e9lettartamot biztos\u00edtva. Ide\u00e1lis laptopja jav\u00edt\u00e1s\u00e1hoz vagy friss\u00edt\u00e9s\u00e9hez, garant\u00e1ltan teljesen m\u0171k\u00f6d\u0151k\u00e9pes, \u00e9s eredeti Lenovo alkatr\u00e9sz.<\/p>\n","protected":false},"featured_media":10911,"template":"","meta":[],"product_brand":[],"product_cat":[27],"product_tag":[26],"class_list":{"0":"post-10862","1":"product","2":"type-product","3":"status-publish","4":"has-post-thumbnail","6":"product_cat-motherboards-board-parts","7":"product_tag-lenovo","9":"first","10":"instock","11":"taxable","12":"shipping-taxable","13":"purchasable","14":"product-type-simple"},"_links":{"self":[{"href":"https:\/\/boreait.com\/hu\/wp-json\/wp\/v2\/product\/10862","targetHints":{"allow":["GET"]}}],"collection":[{"href":"https:\/\/boreait.com\/hu\/wp-json\/wp\/v2\/product"}],"about":[{"href":"https:\/\/boreait.com\/hu\/wp-json\/wp\/v2\/types\/product"}],"wp:featuredmedia":[{"embeddable":true,"href":"https:\/\/boreait.com\/hu\/wp-json\/wp\/v2\/media\/10911"}],"wp:attachment":[{"href":"https:\/\/boreait.com\/hu\/wp-json\/wp\/v2\/media?parent=10862"}],"wp:term":[{"taxonomy":"product_brand","embeddable":true,"href":"https:\/\/boreait.com\/hu\/wp-json\/wp\/v2\/product_brand?post=10862"},{"taxonomy":"product_cat","embeddable":true,"href":"https:\/\/boreait.com\/hu\/wp-json\/wp\/v2\/product_cat?post=10862"},{"taxonomy":"product_tag","embeddable":true,"href":"https:\/\/boreait.com\/hu\/wp-json\/wp\/v2\/product_tag?post=10862"}],"curies":[{"name":"wp","href":"https:\/\/api.w.org\/{rel}","templated":true}]}}