{"id":10860,"date":"2025-09-17T13:00:16","date_gmt":"2025-09-17T11:00:16","guid":{"rendered":"https:\/\/boreait.com\/hu\/?post_type=product&#038;p=10860"},"modified":"2025-09-17T13:01:52","modified_gmt":"2025-09-17T11:01:52","slug":"lenovo-thinkpad-l490-20q6-s87900-smart-card-olvaso-kartya-pk471000c00-kabellel-eredeti-alkatresz","status":"publish","type":"product","link":"https:\/\/boreait.com\/hu\/termek\/lenovo-thinkpad-l490-20q6-s87900-smart-card-olvaso-kartya-pk471000c00-kabellel-eredeti-alkatresz\/","title":{"rendered":"Lenovo ThinkPad L490 20Q6-S87900 Smart Card olvas\u00f3 k\u00e1rtya PK471000C00 k\u00e1bellel \u2013 Eredeti alkatr\u00e9sz"},"content":{"rendered":"<p>Friss\u00edtse vagy cser\u00e9lje ki <strong>Lenovo ThinkPad 20Q6-S87900 intelligensk\u00e1rtya-olvas\u00f3 k\u00e1rty\u00e1j\u00e1t k\u00e1bellel (PK471000C00)<\/strong> ezzel az <strong>eredeti, kiv\u00e1l\u00f3 min\u0151s\u00e9g\u0171 cserealkatr\u00e9szrel.<\/strong> T\u00f6k\u00e9letes a laptop intelligensk\u00e1rtya-funkci\u00f3inak helyre\u00e1ll\u00edt\u00e1s\u00e1hoz, ez az \u00f6sszetev\u0151 biztos\u00edtja a <strong>biztons\u00e1gos haszn\u00e1latot \u00e9s a titkos\u00edt\u00e1st, az \u00fczleti vagy titkos\u00edt\u00e1st<\/strong>.<\/p>\n<h4><strong>F\u0151bb jellemz\u0151k:<\/strong><\/h4>\n<p>\u2705 <strong>Eredeti Lenovo cserealkatr\u00e9sz<\/strong> \u2013 Teljes kompatibilit\u00e1st biztos\u00edt a ThinkPad 20Q6-S87900 modellel.<\/p>\n<p>\u2705 <strong>Biztons\u00e1gos intelligensk\u00e1rtya funkci\u00f3<\/strong> \u2013 T\u00e1mogatja a hiteles\u00edt\u00e9st, a titkos\u00edt\u00e1st \u00e9s a biztons\u00e1gos hozz\u00e1f\u00e9r\u00e9s\u0171 alkalmaz\u00e1sokat.<\/p>\n<p>\u2705 <strong>Eredeti csatlakoz\u00f3k\u00e1belt tartalmaz<\/strong> \u2013 probl\u00e9mamentes cserefolyamatot biztos\u00edt.<\/p>\n<p>\u2705 <strong>Kiv\u00e1l\u00f3 min\u0151s\u00e9g\u0171 \u00e9s amp; Tart\u00f3s fel\u00e9p\u00edt\u00e9s<\/strong> \u2013 A hosszan tart\u00f3 teljes\u00edtm\u00e9ny \u00e9rdek\u00e9ben gy\u00e1rtva.<\/p>\n<p>\u2705 <strong>Vil\u00e1gszerte el\u00e9rhet\u0151 kisz\u00e1ll\u00edt\u00e1s<\/strong> \u2013 Eur\u00f3pa-szerte \u00e9s vil\u00e1gszerte sz\u00e1ll\u00edtunk.<\/p>\n<p><strong>Megjegyz\u00e9s:<\/strong> Nem adunk telep\u00edt\u00e9si utas\u00edt\u00e1sokat, de ha seg\u00edts\u00e9gre van sz\u00fcks\u00e9ge, nyugodtan \u00edrjon nek\u00fcnk. A list\u00e1n szerepl\u0151 fot\u00f3k <strong>val\u00f3di k\u00e9pek a kapott alkatr\u00e9szr\u0151l.<\/strong><\/p>\n<p><strong>V\u00e1s\u00e1roljon bizalommal<\/strong>, \u00e9s ThinkPad intelligensk\u00e1rtya-olvas\u00f3ja ism\u00e9t teljesen m\u0171k\u00f6d\u0151k\u00e9pes! \ud83d\ude80<\/p>\n","protected":false},"excerpt":{"rendered":"<p>\u00c1ll\u00edtsa vissza laptopja intelligens k\u00e1rtya funkci\u00f3it ezzel az <strong>eredeti Lenovo ThinkPad 20Q6-S87900 intelligensk\u00e1rtya-olvas\u00f3 k\u00e1rty\u00e1val<\/strong> (PK471000C00). Ez a z\u00f6kken\u0151mentes kompatibilit\u00e1sra tervezett cserealkatr\u00e9sz biztons\u00e1gos hiteles\u00edt\u00e9st \u00e9s hat\u00e9kony teljes\u00edtm\u00e9nyt biztos\u00edt. Eredeti csatlakoz\u00f3 k\u00e1belt tartalmaz. Val\u00f3di fot\u00f3k \u2013 amit l\u00e1tsz, azt kapod!<\/p>\n","protected":false},"featured_media":10909,"template":"","meta":[],"product_brand":[],"product_cat":[27],"product_tag":[26],"class_list":{"0":"post-10860","1":"product","2":"type-product","3":"status-publish","4":"has-post-thumbnail","6":"product_cat-motherboards-board-parts","7":"product_tag-lenovo","9":"first","10":"instock","11":"taxable","12":"shipping-taxable","13":"purchasable","14":"product-type-simple"},"_links":{"self":[{"href":"https:\/\/boreait.com\/hu\/wp-json\/wp\/v2\/product\/10860","targetHints":{"allow":["GET"]}}],"collection":[{"href":"https:\/\/boreait.com\/hu\/wp-json\/wp\/v2\/product"}],"about":[{"href":"https:\/\/boreait.com\/hu\/wp-json\/wp\/v2\/types\/product"}],"wp:featuredmedia":[{"embeddable":true,"href":"https:\/\/boreait.com\/hu\/wp-json\/wp\/v2\/media\/10909"}],"wp:attachment":[{"href":"https:\/\/boreait.com\/hu\/wp-json\/wp\/v2\/media?parent=10860"}],"wp:term":[{"taxonomy":"product_brand","embeddable":true,"href":"https:\/\/boreait.com\/hu\/wp-json\/wp\/v2\/product_brand?post=10860"},{"taxonomy":"product_cat","embeddable":true,"href":"https:\/\/boreait.com\/hu\/wp-json\/wp\/v2\/product_cat?post=10860"},{"taxonomy":"product_tag","embeddable":true,"href":"https:\/\/boreait.com\/hu\/wp-json\/wp\/v2\/product_tag?post=10860"}],"curies":[{"name":"wp","href":"https:\/\/api.w.org\/{rel}","templated":true}]}}